{"id":1018,"date":"2017-10-29T05:37:46","date_gmt":"2017-10-29T05:37:46","guid":{"rendered":"http:\/\/mahaitenis.com\/es\/?page_id=1018"},"modified":"2017-11-20T15:28:47","modified_gmt":"2017-11-20T15:28:47","slug":"polideportivos","status":"publish","type":"page","link":"https:\/\/mahaitenis.com\/es\/index.php\/polideportivos\/","title":{"rendered":"Polideportivos"},"content":{"rendered":"<table border=0 width=100%>\r\n<tr>\r\n<td colspan=3><img decoding=\"async\" src=\"https:\/\/mahaitenis.com\/es\/wp-content\/uploads\/2017\/10\/ActividadesOcio.jpg\"><\/td>\r\n<\/tr>\r\n<tr>\r\n<td colspan=3>&nbsp;<\/td>\r\n<\/tr>\r\n<tr>\r\n<td align=center align=center valign=\"middle\" bgcolor=\"333333\">\r\n<table>\r\n<tbody>\r\n<tr>\r\n<td width=\"40\"><strong> <\/strong><\/td>\r\n<td width=\"200\"><strong>CLUB<\/strong><\/td>\r\n<td width=\"100\"><strong>POBLACION<\/strong><\/td>\r\n<td width=\"10\"><strong><\/strong><\/td>\r\n<td width=\"10\"><strong><\/strong><\/td>\r\n<\/tr>\r\n<tr>\r\n<td><strong>1<\/strong><\/td>\r\n<td><a href=\"araba\/#a1\">C.D. Gasteiz<\/td>\r\n<td>Gasteiz<\/td>\r\n<td><\/td>\r\n<td><\/td>\r\n<\/tr>\r\n<tr>\r\n<td><strong>2<\/strong><\/td>\r\n<td><a href=\"araba\/#a2\">C.D.T.M. Lautaro<\/a><\/td>\r\n<td>Gasteiz<\/td>\r\n<td><\/td>\r\n<td><\/td>\r\n<\/tr>\r\n<tr>\r\n<td><strong>3<\/strong><\/td>\r\n<td><a href=\"araba\/#a3\">C.T.M. Gailak<\/a><\/td>\r\n<td>Gasteiz<\/td>\r\n<td><\/td>\r\n<td><\/td>\r\n<\/tr>\r\n<tr>\r\n<td><strong>3<\/strong><\/td>\r\n<td><a href=\"araba\/#a4\">C.D. Zuzenak<\/a><\/td>\r\n<td>Gasteiz<\/td>\r\n<td><\/td>\r\n<td><\/td>\r\n<\/tr>\r\n\r\n<tr>\r\n<td><strong>5<\/strong><\/td>\r\n<td><a href=\"bizkaia\/#b1\">C.D. Artxandako M.T.<\/a><\/td>\r\n<td>Bilbao<\/td>\r\n<td><\/td>\r\n<td><\/td>\r\n<\/tr>\r\n<tr>\r\n<td><strong>6<\/strong><\/td>\r\n<td><a href=\"bizkaia\/#b2\">C.T.M. Basauri<\/a><\/td>\r\n<td>Basauri<\/td>\r\n<td><\/td>\r\n<td><\/td>\r\n<\/tr>\r\n\r\n<tr>\r\n<td><strong>7<\/strong><\/td>\r\n<td><a href=\"bizkaia\/#b3\">Fekoor T.M.<\/a><\/td>\r\n<td>Bilbao<\/td>\r\n<td><\/td>\r\n<td><\/td>\r\n<\/tr>\r\n<tr>\r\n<td><strong>8<\/strong><\/td>\r\n<td><a href=\"bizkaia\/#b4\">Gure Talde M.T.<\/a><\/td>\r\n<td>Portugalete<\/td>\r\n<td><\/td>\r\n<td><\/td>\r\n<\/tr>\r\n<tr>\r\n<td><strong>9<\/strong><\/td>\r\n<td><a href=\"bizkaia\/#b5\">T.M. Muskiz<\/a><\/td>\r\n<td>Muskiz<\/td>\r\n<td><\/td>\r\n<td><\/td>\r\n<\/tr>\r\n<tr>\r\n\r\n<\/tbody>\r\n<\/table>\r\n\r\n<\/td>\r\n<td><\/td>\r\n<td  width=49% align=center align=center valign=\"middle\" bgcolor=\"333333\">\r\n<table>\r\n<tbody>\r\n<tr>\r\n<td width=\"40\"><strong> <\/strong><\/td>\r\n<td width=\"200\"><strong>CLUB<\/strong><\/td>\r\n<td width=\"100\"><strong>POBLACION<\/strong><\/td>\r\n<td width=\"10\"><strong><\/strong><\/td>\r\n<td width=\"10\"><strong><\/strong><\/td>\r\n<\/tr>\r\n<tr>\r\n\r\n<tr>\r\n<td><strong>10<\/strong><\/td>\r\n<td><a href=\"bizkaia\/#b6\">T.M. Pe\u00f1askal<\/a><\/td>\r\n<td>Bilbao<\/td>\r\n<td><\/td>\r\n<td><\/td>\r\n<\/tr>\r\n\r\n<tr>\r\n<td><strong>11<\/strong><\/td>\r\n<td><a href=\"gipuzkoa\/#g3\">Atl\u00e9tico San Sebasti\u00e1n<\/a><\/td>\r\n<td>Donostia<\/td>\r\n<td><\/td>\r\n<td><\/td>\r\n<\/tr>\r\n<tr>\r\n<td><strong>12<\/strong><\/td>\r\n<td><a href=\"gipuzkoa\/#g7\">C.D. Bidegorri T.M.<\/a><\/td>\r\n<td>Ir\u00fan<\/td>\r\n<td><\/td>\r\n<td><\/td>\r\n<\/tr>\r\n<tr>\r\n<td><strong>13<\/strong><\/td>\r\n<td><a href=\"gipuzkoa\/#g4\">C.D. Fortuna<\/a><\/td>\r\n<td>Donostia<\/td>\r\n<td><\/td>\r\n<td><\/td>\r\n<\/tr>\r\n<tr>\r\n<td><strong>14<\/strong><\/td>\r\n<td><a href=\"gipuzkoa\/#g6\">C.D. Inter de Intxaurrondo<\/a><\/td>\r\n<td>Donostia<\/td>\r\n<td><\/td>\r\n<td><\/td>\r\n<\/tr>\r\n<tr>\r\n<td><strong>15<\/strong><\/td>\r\n<td><a href=\"gipuzkoa\/#g2\">C.D. Pontika Orereta<\/a><\/td>\r\n<td>Renter\u00eda<\/td>\r\n<td><\/td>\r\n<td><\/td>\r\n<\/tr>\r\n<tr>\r\n<td><strong>16<\/strong><\/td>\r\n<td><a href=\"gipuzkoa\/#g1\">Leka Enea T.M.<\/a><\/td>\r\n<td>Ir\u00fan<\/td>\r\n<td><\/td>\r\n<td><\/td>\r\n<\/tr>\r\n<tr>\r\n<td><strong>17<\/strong><\/td>\r\n<td><a href=\"gipuzkoa\/#g5\">Oargi Mendi Elkartea<\/a><\/td>\r\n<td>Tolosa<\/td>\r\n<td><\/td>\r\n<td><\/td>\r\n<\/tr>\r\n\r\n<\/tbody>\r\n<\/table>\r\n<\/td>\r\n\r\n<\/tr>\r\n\r\n<tr>\r\n<td colspan=3>&nbsp;<\/td>\r\n<\/tr>\r\n\r\n<tr>\r\n<td  width=49% align=center align=center valign=\"middle\" bgcolor=\"333333\"><a href=\"http:\/\/www.portugalete.org\/es-ES\/VivirenPortugalete\/Deportes\/Servicios%20y%20tarifas%202016\/02_Tarifas%202017.PDF\" style=\"text-decoration:none\" target=\"_blank\"><img decoding=\"async\" src=\"https:\/\/mahaitenis.com\/es\/wp-content\/uploads\/2017\/10\/PolidZUBIALDE.png\"><br>POLIDEPORTIVO ZUBI-ALDE (PORTUGALETE)<\/a><\/td>\r\n<td width=2%><\/td>\r\n<td  width=49% align=center align=center valign=\"middle\" bgcolor=\"333333\"><\/td>\r\n<\/tr>\r\n\r\n<\/table>\r\n<div align=\"right\"><a href=\"https:\/\/mahaitenis.com\/es\/index.php\/donde-puedo-jugar\/\"  style=\"text-decoration:none\">< Volver <\/div><\/a>","protected":false},"excerpt":{"rendered":"<p>&nbsp; CLUB POBLACION 1 C.D. Gasteiz Gasteiz 2 C.D.T.M. Lautaro Gasteiz 3 C.T.M. Gailak Gasteiz 3 C.D. Zuzenak Gasteiz 5 C.D. Artxandako M.T. Bilbao 6 C.T.M. Basauri Basauri 7 Fekoor T.M. Bilbao 8 Gure Talde M.T. Portugalete 9 T.M. Muskiz Muskiz CLUB POBLACION 10 T.M. Pe\u00f1askal Bilbao 11 Atl\u00e9tico San Sebasti\u00e1n Donostia 12 C.D. Bidegorri [&hellip;]<\/p>\n","protected":false},"author":1,"featured_media":0,"parent":0,"menu_order":0,"comment_status":"closed","ping_status":"closed","template":"","meta":{"footnotes":""},"class_list":["post-1018","page","type-page","status-publish","hentry"],"_links":{"self":[{"href":"https:\/\/mahaitenis.com\/es\/index.php\/wp-json\/wp\/v2\/pages\/1018","targetHints":{"allow":["GET"]}}],"collection":[{"href":"https:\/\/mahaitenis.com\/es\/index.php\/wp-json\/wp\/v2\/pages"}],"about":[{"href":"https:\/\/mahaitenis.com\/es\/index.php\/wp-json\/wp\/v2\/types\/page"}],"author":[{"embeddable":true,"href":"https:\/\/mahaitenis.com\/es\/index.php\/wp-json\/wp\/v2\/users\/1"}],"replies":[{"embeddable":true,"href":"https:\/\/mahaitenis.com\/es\/index.php\/wp-json\/wp\/v2\/comments?post=1018"}],"version-history":[{"count":5,"href":"https:\/\/mahaitenis.com\/es\/index.php\/wp-json\/wp\/v2\/pages\/1018\/revisions"}],"predecessor-version":[{"id":1125,"href":"https:\/\/mahaitenis.com\/es\/index.php\/wp-json\/wp\/v2\/pages\/1018\/revisions\/1125"}],"wp:attachment":[{"href":"https:\/\/mahaitenis.com\/es\/index.php\/wp-json\/wp\/v2\/media?parent=1018"}],"curies":[{"name":"wp","href":"https:\/\/api.w.org\/{rel}","templated":true}]}}