{"id":12,"date":"2017-10-03T12:45:11","date_gmt":"2017-10-03T12:45:11","guid":{"rendered":"http:\/\/mahaitenis.com\/es\/?page_id=12"},"modified":"2025-08-27T10:54:07","modified_gmt":"2025-08-27T10:54:07","slug":"competiciones","status":"publish","type":"page","link":"https:\/\/mahaitenis.com\/es\/index.php\/competiciones\/","title":{"rendered":"Competiciones"},"content":{"rendered":"<ul>\r\n<li><a href=\"https:\/\/mahaitenis.com\/es\/index.php\/calendario\/\">Calendario<\/a><\/li>\r\n\r\n<li><a href=\"https:\/\/mahaitenis.com\/es\/index.php\/competiciones-vascas\/\">Competiciones Vascas<\/a>\r\n<ul>\r\n<li><a href=\"https:\/\/mahaitenis.com\/es\/index.php\/campeonatos-vascos\/\">Campeonatos Vascos<\/a><\/li>\r\n<li><a href=\"https:\/\/mahaitenis.com\/es\/index.php\/ligas-vascas\/\">Ligas Vascas<\/a><\/li>\r\n<!--li><a href=\"http:\/\/wordpress.lekaeneatm.com\/circuito-jovenes-zona-norte\" target=\"_blank\" rel=\"noopener noreferrer\">Circuito Jovenes<\/a><\/li-->\r\n<\/ul><\/li>\r\n<li><a href=\"https:\/\/mahaitenis.com\/es\/index.php\/competiciones-nacionales\/\">Competiciones Nacionales<\/a>\r\n<ul>\r\n\r\n<li><a href=\"https:\/\/mahaitenis.com\/es\/index.php\/ligas-nacionales\/\">Ligas Nacionales<\/h3><\/a><\/li>\r\n<li><a href=\"http:\/\/www.rfetm.es\/categoriasub.php?id_subcategoria=44&#038;id_categoria=2\" target=\"_blank\" rel=\"noopener noreferrer\">Torneo Zonal<\/a><\/li>\r\n<li><a href=\"http:\/\/www.rfetm.es\/categoriasub.php?id_subcategoria=102&#038;id_categoria=2\" target=\"_blank\" rel=\"noopener noreferrer\">Torneo Nacional Clasificatorio<\/a><\/li>\r\n<li><a href=\"http:\/\/www.rfetm.es\/categoriasub.php?id_subcategoria=30&#038;id_categoria=2\" target=\"_blank\" rel=\"noopener noreferrer\">Torneo Estatal<\/a><\/li>\r\n<li><a href=\"http:\/\/www.rfetm.es\/categoriasub.php?id_subcategoria=31&#038;id_categoria=2\" target=\"_blank\" rel=\"noopener noreferrer\">Top 8 Nacional<\/a><\/li>\r\n<li><a href=\"http:\/\/www.rfetm.es\/categoriasub.php?id_subcategoria=75&#038;id_categoria=2\" target=\"_blank\" rel=\"noopener noreferrer\">Campeonatos Espa\u00f1a<\/a><\/li>\r\n<\/ul><\/li>\r\n\r\n<li><a href=\"https:\/\/mahaitenis.com\/es\/index.php\/competiciones-internacionales\/\">Competiciones Internacionales<\/a>\r\n<ul>\r\n<li><a href=\"https:\/\/mahaitenis.com\/es\/index.php\/cooperacion-transfronteriza\/\">Cooperaci\u00f3n Transfronteriza<\/a><\/li>\r\n<li><a href=\"https:\/\/mahaitenis.com\/es\/index.php\/copa-europa-clubs\/\">Copa Europa Clubs<\/a><\/li>\r\n<li><a href=\"https:\/\/mahaitenis.com\/es\/index.php\/torneos-internacionales\/\">Torneos Internacionales<\/a><\/li>\r\n<\/ul><\/li>\r\n\r\n<li><a href=\"https:\/\/mahaitenis.com\/es\/index.php\/seleccion-euskadi\/\">Selecci\u00f3n Euskadi<\/a>\r\n<ul>\r\n<li><a href=\"https:\/\/mahaitenis.com\/es\/index.php\/sel-euskadi-competiciones\/\">Competiciones<\/a><\/li>\r\n<li>Tecnificaciones<\/li>\r\n<\/ul><\/li>\r\n<li><a href=\"https:\/\/mahaitenis.com\/es\/index.php\/rankings\/\">Rankings<\/a><\/li>\r\n\r\n<\/ul>\r\n","protected":false},"excerpt":{"rendered":"<p>Calendario Competiciones Vascas Campeonatos Vascos Ligas Vascas Competiciones Nacionales Ligas Nacionales Torneo Zonal Torneo Nacional Clasificatorio Torneo Estatal Top 8 Nacional Campeonatos Espa\u00f1a Competiciones Internacionales Cooperaci\u00f3n Transfronteriza Copa Europa Clubs Torneos Internacionales Selecci\u00f3n Euskadi Competiciones Tecnificaciones Rankings<\/p>\n","protected":false},"author":1,"featured_media":0,"parent":0,"menu_order":0,"comment_status":"closed","ping_status":"closed","template":"","meta":{"footnotes":""},"class_list":["post-12","page","type-page","status-publish","hentry"],"_links":{"self":[{"href":"https:\/\/mahaitenis.com\/es\/index.php\/wp-json\/wp\/v2\/pages\/12","targetHints":{"allow":["GET"]}}],"collection":[{"href":"https:\/\/mahaitenis.com\/es\/index.php\/wp-json\/wp\/v2\/pages"}],"about":[{"href":"https:\/\/mahaitenis.com\/es\/index.php\/wp-json\/wp\/v2\/types\/page"}],"author":[{"embeddable":true,"href":"https:\/\/mahaitenis.com\/es\/index.php\/wp-json\/wp\/v2\/users\/1"}],"replies":[{"embeddable":true,"href":"https:\/\/mahaitenis.com\/es\/index.php\/wp-json\/wp\/v2\/comments?post=12"}],"version-history":[{"count":18,"href":"https:\/\/mahaitenis.com\/es\/index.php\/wp-json\/wp\/v2\/pages\/12\/revisions"}],"predecessor-version":[{"id":6091,"href":"https:\/\/mahaitenis.com\/es\/index.php\/wp-json\/wp\/v2\/pages\/12\/revisions\/6091"}],"wp:attachment":[{"href":"https:\/\/mahaitenis.com\/es\/index.php\/wp-json\/wp\/v2\/media?parent=12"}],"curies":[{"name":"wp","href":"https:\/\/api.w.org\/{rel}","templated":true}]}}