{"id":1568,"date":"2018-06-17T21:32:27","date_gmt":"2018-06-17T21:32:27","guid":{"rendered":"http:\/\/mahaitenis.com\/es\/?page_id=1568"},"modified":"2024-09-08T23:00:14","modified_gmt":"2024-09-08T23:00:14","slug":"torneo-interterritorial","status":"publish","type":"page","link":"https:\/\/mahaitenis.com\/es\/index.php\/torneo-interterritorial\/","title":{"rendered":"Torneo Interterritorial"},"content":{"rendered":"<br>\r\n<strong><u>Temporada 2024-2025<\/u><\/strong>\r\n<br>\r\n&nbsp;&nbsp;&nbsp;7 y 8 de Setiembre de 2024. Polideportivo Galtzaraborda (Errenteria).<br>\r\n&nbsp;&nbsp;&nbsp;<a href=\"https:\/\/mahaitenis.com\/es\/memorias\/2425\/TORNEO_INTERTERRITORIAL_2024.pdf\" target=\"_blank\" rel=\"noopener\">DESCARGAR MEMORIA <\/a> <br>\r\n&nbsp;&nbsp;&nbsp;<a href=\"https:\/\/mahaitenis.com\/es\/index.php\/2024\/09\/08\/fotos-torneo-interterritorial\/\" target=\"_blank\" rel=\"noopener\" style=\"text-decoration:none\">VER FOTOS <\/a>\r\n<br>\r\n<br>\r\n<strong><u>Temporada 2022-2023<\/u><\/strong>\r\n<br>\r\n&nbsp;&nbsp;&nbsp;10 y 11 de Setiembre de 2022. Stadium Casablanca (Zaragoza).<br>\r\n&nbsp;&nbsp;&nbsp;<a href=\"https:\/\/mahaitenis.com\/es\/memorias\/2223\/INTERTERRITORIAL_2022.pdf\" target=\"_blank\" rel=\"noopener\"> DESCARGAR MEMORIA <\/a> <br>\r\n&nbsp;&nbsp;&nbsp;<!--a href=\"https:\/\/mahaitenis.com\/es\/index.php\/2021\/09\/13\/torneo-interterritorial-2021-22\/\" target=\"_blank\" rel=\"noopener\" style=\"text-decoration:none\">VER GALERIA <\/a-->\r\n<br>\r\n<br>\r\n<strong><u>Temporada 2021-2022<\/u><\/strong>\r\n<br>\r\n&nbsp;&nbsp;&nbsp;11 y 12 de Setiembre de 2021. Pabellon Multiusos (Caceres).<br>\r\n&nbsp;&nbsp;&nbsp;<a href=\"https:\/\/mahaitenis.com\/es\/memorias\/2122\/MEMORIA_INTER_2122.pdf\" target=\"_blank\" rel=\"noopener\"> DESCARGAR MEMORIA <\/a> <br>\r\n&nbsp;&nbsp;&nbsp;<a href=\"https:\/\/mahaitenis.com\/es\/index.php\/2021\/09\/13\/torneo-interterritorial-2021-22\/\" target=\"_blank\" rel=\"noopener\" style=\"text-decoration:none\">VER GALERIA <\/a>\r\n<br>\r\n<br>\r\n<strong><u>Temporada 2019-2020<\/u><\/strong>\r\n<br>\r\n<a href=\"https:\/\/mahaitenis.com\/es\/wp-content\/uploads\/2019\/09\/IMG-20190915-WA0024.jpg\"><img decoding=\"async\" src=\"https:\/\/mahaitenis.com\/es\/wp-content\/uploads\/2019\/09\/IMG-20190915-WA0024.jpg\" alt=\"\" width=\"1600\" height=\"1200\" class=\"aligncenter size-full wp-image-2679\" srcset=\"https:\/\/mahaitenis.com\/es\/wp-content\/uploads\/2019\/09\/IMG-20190915-WA0024.jpg 1600w, https:\/\/mahaitenis.com\/es\/wp-content\/uploads\/2019\/09\/IMG-20190915-WA0024-300x225.jpg 300w, https:\/\/mahaitenis.com\/es\/wp-content\/uploads\/2019\/09\/IMG-20190915-WA0024-768x576.jpg 768w, https:\/\/mahaitenis.com\/es\/wp-content\/uploads\/2019\/09\/IMG-20190915-WA0024-1024x768.jpg 1024w\" sizes=\"(max-width: 1600px) 100vw, 1600px\" \/><\/a><br>\r\n <div align=\"right\"><a href=\"https:\/\/mahaitenis.com\/es\/index.php\/2019\/09\/18\/fotos-torneo-interterritorial-2019\/\"  style=\"text-decoration:none\">Ver galeria >> \r\n<\/div><\/a>\r\n<br>\r\n<strong><u>Temporada 2018-2019<\/u><\/strong>\r\n<br>\r\n<table>\r\n<tr><td width=220><a href=\"https:\/\/mahaitenis.com\/es\/wp-content\/uploads\/2018\/06\/INTERTERRITORIAL_2018.jpg\"><img decoding=\"async\" src=\"https:\/\/mahaitenis.com\/es\/wp-content\/uploads\/2018\/06\/INTERTERRITORIAL_2018-212x300.jpg\" alt=\"\" width=\"212\" height=\"300\" class=\"alignleft size-medium wp-image-1576\" srcset=\"https:\/\/mahaitenis.com\/es\/wp-content\/uploads\/2018\/06\/INTERTERRITORIAL_2018-212x300.jpg 212w, https:\/\/mahaitenis.com\/es\/wp-content\/uploads\/2018\/06\/INTERTERRITORIAL_2018-768x1086.jpg 768w, https:\/\/mahaitenis.com\/es\/wp-content\/uploads\/2018\/06\/INTERTERRITORIAL_2018-724x1024.jpg 724w\" sizes=\"(max-width: 212px) 100vw, 212px\" \/><\/a>\r\n<td>\r\n<b>FECHAS Y SEDE<\/b><br>\r\n\r\n&nbsp;&nbsp;&nbsp;La FVTM\/EMTF  organizar\u00e1 esta edici\u00f3n los d\u00edas 8 y 9 de septiembre de 2018. en el Centro de Tecnificaci\u00f3n de Tenis de Mesa Sonia Etxazarreta de Ir\u00fan sito en la  C\/ Olaketa.<br>\r\n&nbsp;&nbsp;&nbsp;La organizaci\u00f3n ofrece el Albergue Bella Viste a un precio de 31,50 euros por persona en r\u00e9gimen de alojamiento y desayuno.<br>\r\n<br>\r\n<b>PARTICIPANTES<\/b><br>\r\n&nbsp;&nbsp;&nbsp;Las Selecciones Auton\u00f3micas de Andaluc\u00eda, Arag\u00f3n, Asturias, Cantabria, Castilla y Le\u00f3n, Castilla La Mancha, Extremadura, Galicia,  Islas Baleares, Navarra y Pais Vasco (2 equipos).<br>\r\n<br>\r\n\r\n<\/table>\r\n<b>ORGANIZACI\u00d3N DE LA COMPETICI\u00d3N<\/b><br>\r\n&nbsp;&nbsp;&nbsp;Cada jugador\/a en su categor\u00eda y sexo, se enfrentar\u00e1n por liga a una sola vuelta al resto de participantes encuadrados en las Selecciones de las Federaciones Territoriales participantes, as\u00ed como los jugadores\/as invitados al Torneo,. Al finalizar esta liga de vuelta \u00fanica, se establecer\u00e1 una Clasificaci\u00f3n General por categor\u00eda y sexo obteniendo un Primer Puesto \u2013Oro-, un Segundo Puesto \u2013Plata- y un Tercer Puesto \u2013Bronce.<br>\r\n<br>\r\nClasificaci\u00f3n final del Torneo<br>\r\n&nbsp;&nbsp;&nbsp;Cada jugador\/a aportara a su Selecci\u00f3n Auton\u00f3mica un n\u00famero de puntos, obteniendo el oro, el n\u00famero de puntos igual que el n\u00famero de selecciones participantes, la plata un menos, el bronce dos menos que el oro y as\u00ed sucesivamente.<br>\r\n<br>\r\nCategor\u00edas participantes<br>\r\n&nbsp;&nbsp;&nbsp;Benjam\u00edn, alev\u00edn, infantil y Juvenil. Un jugador femenino y otro masculino por selecci\u00f3n y categor\u00eda.<br>\r\nBenjamines: 2008 y 2009.  Alevines: 2006 y 2007.  Infantiles: 2004 y 2005.  Juveniles: 2001,2002 y 2003.<br>\r\n&nbsp;&nbsp;&nbsp;Podr\u00e1n participar todos los jugadores con nacionalidad espa\u00f1ola que tengan licencia por la Federaci\u00f3n Territorial a la que van a representar en la Temporada 2018- 2019, o est\u00e9 empadronado en dicha Comunidad Aut\u00f3noma.<br>\r\n<br>\r\n&nbsp;&nbsp;&nbsp;<a href=\"https:\/\/mahaitenis.com\/es\/circulares\/1819\/SEMIFINALES%20Y%20FINAL%20%20PREVIO%20TORNEO%20INTERTERRITORIAL.pdf\" target=\"_blank\" rel=\"noopener\"> RESULTADOS TORNEO PREVIO CLASIFICATORIO <\/a> <br>\r\n<br>\r\n&nbsp;&nbsp;&nbsp;<a href=\"https:\/\/mahaitenis.com\/es\/documentos\/1819\/2018INTER_RESUL.pdf\" style=\"text-decoration:none\" target=\"_blank\" rel=\"noopener\"><strong>RESULTADOS Y CLASIFICACION<\/strong><\/a>\r\n<br>\r\n&nbsp;&nbsp;&nbsp;<a href=\"https:\/\/mahaitenis.com\/es\/index.php\/2018\/09\/11\/fotos-interterritorial-2018\/\" style=\"text-decoration:none\" target=\"_blank\" rel=\"noopener\"><font color=\"#ff9900\">FOTOS TORNEO<\/font><\/a>\r\n<br>\r\n\r\n<br>\r\n<br>\r\n<strong><u>Temporada 2017-2018<\/u><\/strong>\r\n<br>\r\n&nbsp;&nbsp;&nbsp;9 y 10 de Setiembre de 2017. Pabellon Vicenre Lopez (Valencia de Don Juan) LEON.<br>\r\n&nbsp;&nbsp;&nbsp;<a href=\"https:\/\/mahaitenis.com\/es\/memorias\/Torneo%20Interterritorial%20Selecciones%20Auton%C3%B3micas.pdf\" target=\"_blank\" rel=\"noopener\"> DESCARGAR MEMORIA <\/a> <br>\r\n<br>\r\n\r\n<div align=\"right\"><a href=\"https:\/\/mahaitenis.com\/es\/index.php\/sel-euskadi-competiciones\/\"  style=\"text-decoration:none\">< Volver \r\n<\/div><\/a>","protected":false},"excerpt":{"rendered":"<p>Temporada 2024-2025 &nbsp;&nbsp;&nbsp;7 y 8 de Setiembre de 2024. Polideportivo Galtzaraborda (Errenteria). &nbsp;&nbsp;&nbsp;DESCARGAR MEMORIA &nbsp;&nbsp;&nbsp;VER FOTOS Temporada 2022-2023 &nbsp;&nbsp;&nbsp;10 y 11 de Setiembre de 2022. Stadium Casablanca (Zaragoza). &nbsp;&nbsp;&nbsp; DESCARGAR MEMORIA &nbsp;&nbsp;&nbsp; Temporada 2021-2022 &nbsp;&nbsp;&nbsp;11 y 12 de Setiembre de 2021. Pabellon Multiusos (Caceres). &nbsp;&nbsp;&nbsp; DESCARGAR MEMORIA &nbsp;&nbsp;&nbsp;VER GALERIA Temporada 2019-2020 Ver galeria >> Temporada [&hellip;]<\/p>\n","protected":false},"author":1,"featured_media":0,"parent":0,"menu_order":0,"comment_status":"closed","ping_status":"closed","template":"","meta":{"footnotes":""},"class_list":["post-1568","page","type-page","status-publish","hentry"],"_links":{"self":[{"href":"https:\/\/mahaitenis.com\/es\/index.php\/wp-json\/wp\/v2\/pages\/1568","targetHints":{"allow":["GET"]}}],"collection":[{"href":"https:\/\/mahaitenis.com\/es\/index.php\/wp-json\/wp\/v2\/pages"}],"about":[{"href":"https:\/\/mahaitenis.com\/es\/index.php\/wp-json\/wp\/v2\/types\/page"}],"author":[{"embeddable":true,"href":"https:\/\/mahaitenis.com\/es\/index.php\/wp-json\/wp\/v2\/users\/1"}],"replies":[{"embeddable":true,"href":"https:\/\/mahaitenis.com\/es\/index.php\/wp-json\/wp\/v2\/comments?post=1568"}],"version-history":[{"count":31,"href":"https:\/\/mahaitenis.com\/es\/index.php\/wp-json\/wp\/v2\/pages\/1568\/revisions"}],"predecessor-version":[{"id":5701,"href":"https:\/\/mahaitenis.com\/es\/index.php\/wp-json\/wp\/v2\/pages\/1568\/revisions\/5701"}],"wp:attachment":[{"href":"https:\/\/mahaitenis.com\/es\/index.php\/wp-json\/wp\/v2\/media?parent=1568"}],"curies":[{"name":"wp","href":"https:\/\/api.w.org\/{rel}","templated":true}]}}