{"id":16,"date":"2017-10-03T12:45:33","date_gmt":"2017-10-03T12:45:33","guid":{"rendered":"http:\/\/mahaitenis.com\/es\/?page_id=16"},"modified":"2025-08-27T10:58:06","modified_gmt":"2025-08-27T10:58:06","slug":"federacion","status":"publish","type":"page","link":"https:\/\/mahaitenis.com\/es\/index.php\/federacion\/","title":{"rendered":"Federaci\u00f3n"},"content":{"rendered":"<ul>\r\n<!--li><a href=\"https:\/\/mahaitenis.com\/es\/index.php\/presentacion\/\">Presentaci\u00f3n<\/a><\/li-->\r\n<li><a href=\"https:\/\/mahaitenis.com\/es\/index.php\/junta-directiva\/\">Junta Directiva<\/a><\/li>\r\n<li><a href=\"https:\/\/mahaitenis.com\/es\/index.php\/tecnicos\/\">T\u00e9cnicos<\/a><\/li>\r\n<li><a href=\"https:\/\/mahaitenis.com\/es\/index.php\/comite-vasco-de-arbitros\/\">Comit\u00e9 Vasco de \u00c1rbitros<\/a><\/li>\r\n<li><a href=\"https:\/\/mahaitenis.com\/es\/index.php\/asamblea\/\">Asamblea<\/a><\/li>\r\n<li><a href=\"https:\/\/mahaitenis.com\/es\/index.php\/federaciones-territoriales\/\">Federaciones Territoriales<\/a><\/li>\r\n<li><a href=\"http:\/\/www.euskadi.eus\/organismos-deportivos\/web01-a2kirola\/es\/club.html#consti\" target=\"_blank\" rel=\"noopener noreferrer\">Constituci\u00f3n de un club<\/a><\/li>\r\n<li><a href=\"https:\/\/mahaitenis.com\/es\/index.php\/contacto\/\">Contacto<\/a><\/li>\r\n<li><a href=\"https:\/\/mahaitenis.com\/es\/index.php\/proceso-electoral\/\">Proceso Electoral<\/a><\/li>\r\n<\/ul>","protected":false},"excerpt":{"rendered":"<p>Junta Directiva T\u00e9cnicos Comit\u00e9 Vasco de \u00c1rbitros Asamblea Federaciones Territoriales Constituci\u00f3n de un club Contacto Proceso Electoral<\/p>\n","protected":false},"author":1,"featured_media":0,"parent":0,"menu_order":0,"comment_status":"closed","ping_status":"closed","template":"","meta":{"footnotes":""},"class_list":["post-16","page","type-page","status-publish","hentry"],"_links":{"self":[{"href":"https:\/\/mahaitenis.com\/es\/index.php\/wp-json\/wp\/v2\/pages\/16","targetHints":{"allow":["GET"]}}],"collection":[{"href":"https:\/\/mahaitenis.com\/es\/index.php\/wp-json\/wp\/v2\/pages"}],"about":[{"href":"https:\/\/mahaitenis.com\/es\/index.php\/wp-json\/wp\/v2\/types\/page"}],"author":[{"embeddable":true,"href":"https:\/\/mahaitenis.com\/es\/index.php\/wp-json\/wp\/v2\/users\/1"}],"replies":[{"embeddable":true,"href":"https:\/\/mahaitenis.com\/es\/index.php\/wp-json\/wp\/v2\/comments?post=16"}],"version-history":[{"count":13,"href":"https:\/\/mahaitenis.com\/es\/index.php\/wp-json\/wp\/v2\/pages\/16\/revisions"}],"predecessor-version":[{"id":6095,"href":"https:\/\/mahaitenis.com\/es\/index.php\/wp-json\/wp\/v2\/pages\/16\/revisions\/6095"}],"wp:attachment":[{"href":"https:\/\/mahaitenis.com\/es\/index.php\/wp-json\/wp\/v2\/media?parent=16"}],"curies":[{"name":"wp","href":"https:\/\/api.w.org\/{rel}","templated":true}]}}