{"id":191,"date":"2017-10-08T17:09:02","date_gmt":"2017-10-08T17:09:02","guid":{"rendered":"http:\/\/mahaitenis.com\/es\/?page_id=191"},"modified":"2017-10-24T22:29:42","modified_gmt":"2017-10-24T22:29:42","slug":"enlaces","status":"publish","type":"page","link":"https:\/\/mahaitenis.com\/es\/index.php\/enlaces\/","title":{"rendered":"Enlaces"},"content":{"rendered":"<p><b>Federaciones:<\/b><\/p>\r\n\r\n<ul>\r\n<li><b><a href=\"http:\/\/www.rfetm.com\/\" target=\"_blank\">Real Federaci\u00f3n Espa\u00f1ola de Tenis de Mesa.<\/a><\/b><\/li>\r\n<li><a href=\"http:\/\/www.ittf.com\/\" target=\"_blank\">International Table Tennis Fedederation (I.T.T.F.).<\/a><\/li>\r\n<li><a href=\"http:\/\/www.ettu.org\/\" target=\"_blank\">European Table Tennis Union (E.T.T.U.).<\/a><\/li>\r\n<li><a href=\"http:\/\/fftt.com\/\" target=\"_blank\">La F\u00e9d\u00e9ration Fran\u00e7aise de Tennis de Table<\/a><\/li>\r\n<\/ul>\r\n\r\n<p><b>Federaciones Auton\u00f3micas:<\/b><\/p>\r\n<ul>\r\n<li><a href=\"http:\/\/www.rfetm.es\/enlaces.php?categoria=federacion\" target=\"_blank\">Federaciones Autonomicas (web RFETM)<\/a><\/li>\r\n<\/ul>\r\n\r\n\r\n\r\n\r\n\r\n\r\n","protected":false},"excerpt":{"rendered":"<p>Federaciones: Real Federaci\u00f3n Espa\u00f1ola de Tenis de Mesa. International Table Tennis Fedederation (I.T.T.F.). European Table Tennis Union (E.T.T.U.). La F\u00e9d\u00e9ration Fran\u00e7aise de Tennis de Table Federaciones Auton\u00f3micas: Federaciones Autonomicas (web RFETM)<\/p>\n","protected":false},"author":1,"featured_media":0,"parent":0,"menu_order":0,"comment_status":"closed","ping_status":"closed","template":"","meta":{"footnotes":""},"class_list":["post-191","page","type-page","status-publish","hentry"],"_links":{"self":[{"href":"https:\/\/mahaitenis.com\/es\/index.php\/wp-json\/wp\/v2\/pages\/191","targetHints":{"allow":["GET"]}}],"collection":[{"href":"https:\/\/mahaitenis.com\/es\/index.php\/wp-json\/wp\/v2\/pages"}],"about":[{"href":"https:\/\/mahaitenis.com\/es\/index.php\/wp-json\/wp\/v2\/types\/page"}],"author":[{"embeddable":true,"href":"https:\/\/mahaitenis.com\/es\/index.php\/wp-json\/wp\/v2\/users\/1"}],"replies":[{"embeddable":true,"href":"https:\/\/mahaitenis.com\/es\/index.php\/wp-json\/wp\/v2\/comments?post=191"}],"version-history":[{"count":12,"href":"https:\/\/mahaitenis.com\/es\/index.php\/wp-json\/wp\/v2\/pages\/191\/revisions"}],"predecessor-version":[{"id":823,"href":"https:\/\/mahaitenis.com\/es\/index.php\/wp-json\/wp\/v2\/pages\/191\/revisions\/823"}],"wp:attachment":[{"href":"https:\/\/mahaitenis.com\/es\/index.php\/wp-json\/wp\/v2\/media?parent=191"}],"curies":[{"name":"wp","href":"https:\/\/api.w.org\/{rel}","templated":true}]}}