{"id":197,"date":"2017-10-08T17:09:47","date_gmt":"2017-10-08T17:09:47","guid":{"rendered":"http:\/\/mahaitenis.com\/es\/?page_id=197"},"modified":"2020-12-09T12:15:06","modified_gmt":"2020-12-09T12:15:06","slug":"formacion-escuela-vasca-del-deporte","status":"publish","type":"page","link":"https:\/\/mahaitenis.com\/es\/index.php\/formacion-escuela-vasca-del-deporte\/","title":{"rendered":"&nbsp;Escuela Vasca del Deporte"},"content":{"rendered":"<center>\r\n\r\n<a href=\"https:\/\/www.euskadi.eus\/gobierno-vasco\/escuela-vasca-del-deporte\/\" rel=\"noopener noreferrer\" target=\"_blank\"><img decoding=\"async\" src=\"https:\/\/mahaitenis.com\/es\/wp-content\/uploads\/2020\/07\/Escuela_vasca_deporte.png\" alt=\"\" width=\"400\" height=\"177\" class=\"aligncenter size-full wp-image-3160\" srcset=\"https:\/\/mahaitenis.com\/es\/wp-content\/uploads\/2020\/07\/Escuela_vasca_deporte.png 400w, https:\/\/mahaitenis.com\/es\/wp-content\/uploads\/2020\/07\/Escuela_vasca_deporte-300x133.png 300w\" sizes=\"(max-width: 400px) 100vw, 400px\" \/>ESCUELA VASCA DEL DEPORTE<\/a>\r\n\r\n<br>\r\n<br>\r\n\r\n<a href=\"https:\/\/mahaitenis.com\/es\/documentos\/formacion\/PLAN%20FORMATIVO%20DE%20TENIS%20DE%20MESA%20BOE-A-2020-15724.pdf\" rel=\"noopener noreferrer\" target=\"_blank\"><img decoding=\"async\" src=\"https:\/\/mahaitenis.com\/es\/wp-content\/uploads\/2020\/12\/NUEVO-PLAN-FORMATIVO.png\" alt=\"\" width=\"450\" class=\"aligncenter size-full wp-image-3456\" srcset=\"https:\/\/mahaitenis.com\/es\/wp-content\/uploads\/2020\/12\/NUEVO-PLAN-FORMATIVO.png 788w, https:\/\/mahaitenis.com\/es\/wp-content\/uploads\/2020\/12\/NUEVO-PLAN-FORMATIVO-300x139.png 300w, https:\/\/mahaitenis.com\/es\/wp-content\/uploads\/2020\/12\/NUEVO-PLAN-FORMATIVO-768x355.png 768w\" sizes=\"(max-width: 788px) 100vw, 788px\" \/>NUEVO PLAN FORMATIVO DE TENIS DE MESA 2020<\/a>\r\n<br>\r\n<br>\r\n<a href=\"https:\/\/mahaitenis.com\/es\/documentos\/formacion\/INFORMACI%C3%93N%20CONVALIDACIONES.pdf\" rel=\"noopener noreferrer\" target=\"_blank\">INFORMACI\u00d3N CONVALIDACIONES<\/a>\r\n<br>\r\n<a href=\"https:\/\/sede.csd.gob.es\/oficinavirtual\/FichaTramite.aspx?idProcedimiento=40\" rel=\"noopener noreferrer\" target=\"_blank\">Reconocimiento de formaciones deportivas llevadas a cabo con anterioridad al 15 de julio de 1999.<\/a>\r\n<br>\r\n<a href=\"https:\/\/sede.csd.gob.es\/oficinavirtual\/FichaTramite.aspx?idProcedimiento=41\" rel=\"noopener noreferrer\" target=\"_blank\">Reconocimiento de las formaciones del \u00abperiodo transitorio\u00bb.<\/a>\r\n<br>\r\n<a href=\"https:\/\/docs.google.com\/file\/d\/0B6RAGkCN4JqUaWxmVDk1RFl6cmM\/edit\" rel=\"noopener noreferrer\" target=\"_blank\">SOLICITUD DE COMPENSACI\u00d3N DE AREAS DEL BLOQUE ESPECIFICO<\/a>\r\n<br>\r\n<br>\r\n\r\n<a href=\"https:\/\/mahaitenis.com\/es\/wp-content\/uploads\/2020\/12\/CARTEL-CURSO-ENTRENADORES2.jpg\"><img decoding=\"async\" src=\"https:\/\/mahaitenis.com\/es\/wp-content\/uploads\/2020\/12\/CARTEL-CURSO-ENTRENADORES2.jpg\" alt=\"\" width=\"724\" height=\"1024\" class=\"aligncenter size-full wp-image-3449\" srcset=\"https:\/\/mahaitenis.com\/es\/wp-content\/uploads\/2020\/12\/CARTEL-CURSO-ENTRENADORES2.jpg 724w, https:\/\/mahaitenis.com\/es\/wp-content\/uploads\/2020\/12\/CARTEL-CURSO-ENTRENADORES2-212x300.jpg 212w\" sizes=\"(max-width: 724px) 100vw, 724px\" \/><\/a>\r\n\r\n<br>\r\n\r\n<\/center>\r\n\r\n<!--u><strong>Temporada 2018-2019<\/strong><\/u><br>\r\n<ul>\r\n<li><a href=\"https:\/\/mahaitenis.com\/es\/documentos\/formacion\/035-1819_Convocatoria_Curso_Entrenador_N-1.pdf\" target=\"_blank\" rel=\"noopener noreferrer\">CONVOCATORIA CURSO ENTRENADOR NIVEL I<\/a><\/li>\r\n<li><a href=\"https:\/\/mahaitenis.com\/es\/documentos\/formacion\/036-1819_Convocatoria_Curso_Entrenador_N-2.pdf\" target=\"_blank\" rel=\"noopener noreferrer\">CONVOCATORIA CURSO ENTRENADOR NIVEL II<\/a><\/li>\r\n<\/ul>\r\n<br>\r\n\r\n<u><strong>Temporada 2017-2018<\/strong><\/u><br>\r\n<ul>\r\n<li><a href=\"https:\/\/mahaitenis.com\/es\/documentos\/formacion\/026-1718_Convocatoria_Curso_Entrenador_N-1.pdf\" target=\"_blank\" rel=\"noopener noreferrer\">CONVOCATORIA CURSO ENTRENADOR NIVEL I<\/a><\/li>\r\n<li><a href=\"https:\/\/mahaitenis.com\/es\/documentos\/formacion\/027-1718_Convocatoria_Curso_Entrenador_N-2.pdf\" target=\"_blank\" rel=\"noopener noreferrer\">CONVOCATORIA CURSO ENTRENADOR NIVEL II<\/a><\/li>\r\n<\/ul>\r\n<br>\r\n\r\n<strong><u>FORMACI\u00d3N DE ENTRENADORES y MONITORES<\/u><\/strong><br>\r\n<br>\r\n&nbsp;&nbsp;&nbsp;La base t\u00e9cnica debe reforzarse constantemente de nuevos y superiores conocimientos a\r\ntrav\u00e9s de un cuadro t\u00e9cnico renovado y actualizado en sus bases. Cuadro t\u00e9cnico que de esta\r\nforma intervendr\u00e1 en la tecnificaci\u00f3n de los jugadores.<br>\r\n<br>\r\n&nbsp;&nbsp;&nbsp;Pretendemos una serie de objetivos:\r\n<ul>\r\n<li> A corto plazo: formaci\u00f3n de nuevos t\u00e9cnicos y ampliaci\u00f3n de los conocimientos t\u00e9cnicos,\r\nt\u00e1cticos, f\u00edsicos y psicol\u00f3gicos de los actuales.\r\n<li> A medio plazo: conseguir una cualificaci\u00f3n m\u00e1s profesional de los conocimientos\r\nadquiridos y a la vez mantener constante el aprendizaje ante las nuevas tendencias que\r\ncontinuamente modifican tanto reglamentos deportivos, como nueva t\u00e9cnicas..\r\n<li> A largo plazo: una mejora t\u00e9cnico-deportiva-humana, llegando a conseguir una\r\ncualificaci\u00f3n a todos los niveles de entrenamientos y de edades, capaces incluso de a su\r\nvez seguir formando t\u00e9cnicos y ampliar as\u00ed el n\u00famero de \u00e9stos.\r\n<\/ul>\r\n<br>\r\n&nbsp;&nbsp;&nbsp;Para llevar a cabo este programa de formaci\u00f3n organizaremos concentraciones. Estas\r\nconcentraciones comprender\u00e1n cuestiones de informaci\u00f3n actual de nuestro deporte que\r\noriginen inquietudes en los t\u00e9cnicos, as\u00ed como cuestiones puramente t\u00e9cnicas (nuevas\r\nt\u00e9cnicas, golpes\u2026) t\u00e1cticas (combinaci\u00f3n de nuevos golpes, estrategias ante un determinado\r\ntipo de juego..) f\u00edsicas (perfeccionamiento de destreza, velocidad, desarrollo de cualidades\r\nmotrices\u2026) y psicol\u00f3gicas (cuestiones como atenci\u00f3n, concentraci\u00f3n, preparaci\u00f3n afectiva,\r\neducaci\u00f3n de la personalidad\u2026)<br>\r\n<br>\r\n&nbsp;&nbsp;&nbsp;Se aportar\u00e1 material did\u00e1ctico, apuntes, libros, revistas y videos, gr\u00e1ficos t\u00e9cnicos etc.<br>\r\n<br>\r\n&nbsp;&nbsp;&nbsp;El ambiente en el que se desarrollar\u00e1n las concentraciones t\u00e9cnicas comprender\u00e1:\r\n<ul>\r\n<li> Sala amplia dotada de pizarra, material inform\u00e1tico para la proyecci\u00f3n de v\u00eddeos,\r\nordenador port\u00e1til, televisi\u00f3n etc.\r\n<li> Local donde haya mesas de juego instaladas.\r\n<\/ul>\r\n<br>\r\n&nbsp;&nbsp;&nbsp;Estas concentraciones estar\u00e1n a cargo de un coordinador-profesor que desempe\u00f1ar\u00e1 las\r\nsiguientes funciones:\r\n<ul>\r\n<li> Coordinar la asistencia de los distintos ponentes y facilitaci\u00f3n del temario a desarrollar.\r\n<li> Dise\u00f1ar contenidos, duraci\u00f3n, especializaci\u00f3n y desarrollo de las concentraciones.\r\n<li> Exposici\u00f3n de distintos temas.\r\n<li> Memoria final que recoja todo el desarrollo de las concentraciones.\r\n<\/ul-->","protected":false},"excerpt":{"rendered":"<p>ESCUELA VASCA DEL DEPORTE NUEVO PLAN FORMATIVO DE TENIS DE MESA 2020 INFORMACI\u00d3N CONVALIDACIONES Reconocimiento de formaciones deportivas llevadas a cabo con anterioridad al 15 de julio de 1999. Reconocimiento de las formaciones del \u00abperiodo transitorio\u00bb. SOLICITUD DE COMPENSACI\u00d3N DE AREAS DEL BLOQUE ESPECIFICO<\/p>\n","protected":false},"author":1,"featured_media":0,"parent":0,"menu_order":0,"comment_status":"closed","ping_status":"closed","template":"","meta":{"footnotes":""},"class_list":["post-197","page","type-page","status-publish","hentry"],"_links":{"self":[{"href":"https:\/\/mahaitenis.com\/es\/index.php\/wp-json\/wp\/v2\/pages\/197","targetHints":{"allow":["GET"]}}],"collection":[{"href":"https:\/\/mahaitenis.com\/es\/index.php\/wp-json\/wp\/v2\/pages"}],"about":[{"href":"https:\/\/mahaitenis.com\/es\/index.php\/wp-json\/wp\/v2\/types\/page"}],"author":[{"embeddable":true,"href":"https:\/\/mahaitenis.com\/es\/index.php\/wp-json\/wp\/v2\/users\/1"}],"replies":[{"embeddable":true,"href":"https:\/\/mahaitenis.com\/es\/index.php\/wp-json\/wp\/v2\/comments?post=197"}],"version-history":[{"count":30,"href":"https:\/\/mahaitenis.com\/es\/index.php\/wp-json\/wp\/v2\/pages\/197\/revisions"}],"predecessor-version":[{"id":3463,"href":"https:\/\/mahaitenis.com\/es\/index.php\/wp-json\/wp\/v2\/pages\/197\/revisions\/3463"}],"wp:attachment":[{"href":"https:\/\/mahaitenis.com\/es\/index.php\/wp-json\/wp\/v2\/media?parent=197"}],"curies":[{"name":"wp","href":"https:\/\/api.w.org\/{rel}","templated":true}]}}