{"id":27,"date":"2017-10-04T06:00:16","date_gmt":"2017-10-04T06:00:16","guid":{"rendered":"http:\/\/mahaitenis.com\/es\/?page_id=27"},"modified":"2018-06-14T09:03:55","modified_gmt":"2018-06-14T09:03:55","slug":"presentacion","status":"publish","type":"page","link":"https:\/\/mahaitenis.com\/es\/index.php\/presentacion\/","title":{"rendered":"Presentaci\u00f3n"},"content":{"rendered":"&nbsp;&nbsp;&nbsp;Asumo el cargo de Presidente de la Federaci\u00f3n Vasca de Tenis de Mesa, movido por la necesidad de dar continuidad al proyecto que tiene como base la concordia entre las territoriales y las buenas relaciones entre todos los Clubs de Euskadi.<br>\r\n<br>\r\n&nbsp;&nbsp;&nbsp;Cada territorio tiene unas peculiaridades que exigen soluciones espec\u00edficas pero no contrapuestas. Tenemos que aprender los unos de los otros para mejorar.<br>\r\n<br>\r\n&nbsp;&nbsp;&nbsp;Creo en el trabajo en equipo y es responsabilidad de todas las personas que componemos el colectivo del Tenis de Mesa en Euskadi dar impulso a nuestro deporte, hacernos visibles a una Sociedad que no nos conoce pero que nos quiere conocer.<br>\r\n<br>\r\n&nbsp;&nbsp;&nbsp;Os animo a que aport\u00e9is lo que cada uno o cada una buenamente pueda.<br>\r\n<br>\r\n&nbsp;&nbsp;&nbsp;Creo que hay un futuro muy importante para nuestro deporte.<br>\r\n<br>\r\n&nbsp;&nbsp;&nbsp;Agradecer al anterior Presidente Gorka Fernandez \u00c1lvarez su compromiso y dedicaci\u00f3n. <br>\r\n<br>\r\n<!--div id=\"yui_3_16_0_ym19_1_1510914672724_3016\">Muy buenas a todas\/os,<\/div>\r\n<br>\r\n<div id=\"yui_3_16_0_ym19_1_1510914672724_3017\">\u00a0\u00a0\u00a0\u00a0\u00a0 Inicio mi presidencia con muchas ganas e ilusi\u00f3n despu\u00e9s de comprobar que cuento con el apoyo de los tres territorios.<\/div>\r\n<div id=\"yui_3_16_0_ym19_1_1510914672724_3018\">Tenemos que unir nuestras fuerzas para estableciendo sinergias poder llegar a los objetivos ambiciosos que a todos nos ilusionan. La formaci\u00f3n es b\u00e1sica para nuestro deporte, y \u00a0algo en lo que trabajaremos en los pr\u00f3ximos a\u00f1os. Necesitamos entrenadores con conocimientos y ganas de ense\u00f1ar el tenis de mesa.<\/div>\r\n<br>\r\n<div id=\"yui_3_16_0_ym19_1_1510914672724_3019\">\u00a0\u00a0\u00a0\u00a0\u00a0 Los primeros meses de toma de contacto han sido duros porque ten\u00edamos que conocer el estado actual del tenis de mesa vasco para as\u00ed poner en marcha el nuevo proyecto partiendo de la realidad actual.<\/div>\r\n<br>\r\n<div id=\"yui_3_16_0_ym19_1_1510914672724_3020\">\u00a0\u00a0\u00a0\u00a0\u00a0 Sabemos que hay mucha gente que le gusta practicar Tenis de Mesa como hobby o simplemente por salud f\u00edsica y mental. Tenemos cuatro a\u00f1os por delante para no s\u00f3lo atender al deporte federado sino tambi\u00e9n poner en marcha nuevas vertientes en nuestro deporte como el hobby, deporte y salud, aficionados, veteranos, deporte adaptado\u2026...<\/div>\r\n<br>\r\n<div id=\"yui_3_16_0_ym19_1_1510914672724_3021\">\u00a0\u00a0\u00a0\u00a0\u00a0 Con nuestros programas de tecnificaci\u00f3n y concentraciones a lo largo de la temporada, lograremos dar oportunidades a todos los jugadores y entrenadores, para que puedan formar parte en los diferentes eventos nacionales e internacionales a los que acudiremos representando a la Selecci\u00f3n de Euskadi.<\/div>\r\n<br>\r\n<div id=\"yui_3_16_0_ym19_1_1510914672724_3022\">\u00a0\u00a0\u00a0\u00a0 Estoy convencido que en los pr\u00f3ximos a\u00f1os, y con la ayuda de todos, daremos un salto de calidad llegando a cumplir todos los objetivos que nos marquemos.<\/div>\r\n<div id=\"yui_3_16_0_ym19_1_1510914672724_3023\"><\/div-->","protected":false},"excerpt":{"rendered":"<p>&nbsp;&nbsp;&nbsp;Asumo el cargo de Presidente de la Federaci\u00f3n Vasca de Tenis de Mesa, movido por la necesidad de dar continuidad al proyecto que tiene como base la concordia entre las territoriales y las buenas relaciones entre todos los Clubs de Euskadi. &nbsp;&nbsp;&nbsp;Cada territorio tiene unas peculiaridades que exigen soluciones espec\u00edficas pero no contrapuestas. Tenemos que [&hellip;]<\/p>\n","protected":false},"author":1,"featured_media":0,"parent":0,"menu_order":0,"comment_status":"closed","ping_status":"closed","template":"","meta":{"footnotes":""},"class_list":["post-27","page","type-page","status-publish","hentry"],"_links":{"self":[{"href":"https:\/\/mahaitenis.com\/es\/index.php\/wp-json\/wp\/v2\/pages\/27","targetHints":{"allow":["GET"]}}],"collection":[{"href":"https:\/\/mahaitenis.com\/es\/index.php\/wp-json\/wp\/v2\/pages"}],"about":[{"href":"https:\/\/mahaitenis.com\/es\/index.php\/wp-json\/wp\/v2\/types\/page"}],"author":[{"embeddable":true,"href":"https:\/\/mahaitenis.com\/es\/index.php\/wp-json\/wp\/v2\/users\/1"}],"replies":[{"embeddable":true,"href":"https:\/\/mahaitenis.com\/es\/index.php\/wp-json\/wp\/v2\/comments?post=27"}],"version-history":[{"count":10,"href":"https:\/\/mahaitenis.com\/es\/index.php\/wp-json\/wp\/v2\/pages\/27\/revisions"}],"predecessor-version":[{"id":1565,"href":"https:\/\/mahaitenis.com\/es\/index.php\/wp-json\/wp\/v2\/pages\/27\/revisions\/1565"}],"wp:attachment":[{"href":"https:\/\/mahaitenis.com\/es\/index.php\/wp-json\/wp\/v2\/media?parent=27"}],"curies":[{"name":"wp","href":"https:\/\/api.w.org\/{rel}","templated":true}]}}