{"id":29,"date":"2017-10-04T06:00:27","date_gmt":"2017-10-04T06:00:27","guid":{"rendered":"http:\/\/mahaitenis.com\/es\/?page_id=29"},"modified":"2025-07-06T21:58:06","modified_gmt":"2025-07-06T21:58:06","slug":"junta-directiva","status":"publish","type":"page","link":"https:\/\/mahaitenis.com\/es\/index.php\/junta-directiva\/","title":{"rendered":"Junta Directiva"},"content":{"rendered":"<ul>\r\n<li><span style=\"font-size: medium;\"><strong>PRESIDENCIA: PABLO LOMBRA\u00d1A ALCALDE <\/strong><\/span><\/li>\r\n<li><span style=\"font-size: medium;\">VICEPRESIDENCIA: ENRIQUE IRINEU ANCA<\/span><\/li>\r\n<li><span style=\"font-size: medium;\">SECRETAR\u00cdA: NEREA AIZPURUA VAQUERO<\/span><\/li>\r\n<li><span style=\"font-size: medium;\">TESORER\u00cdA: DANIEL REBORDINOS MIRAMON<\/span><\/li>\r\n<li><span style=\"font-size: medium;\">Vocal: ELENE SAGARDIA RODRIGUEZ<\/span><\/li>\r\n<li><span style=\"font-size: medium;\">Vocal: IKER SASTRE VALLEJO<\/span><\/li>\r\n<li><span style=\"font-size: medium;\">Vocal: OSCAR CALDEVILLA LARRABE<\/span><\/li>\r\n<li><span style=\"font-size: medium;\">Vocal: I\u00d1IGO LOPEZ ZABARTE<\/span><\/li>\r\n\r\n\r\n\r\n<\/ul>   \r\n<br>\r\n<center><a href=\"https:\/\/mahaitenis.com\/es\/documentos\/ESTATUTOS%20FEDERACION%20VASCA%20TENIS%20DE%20MESA.pdf\" target=\"_blank\" rel=\"noopener noreferrer\">ESTATUTOS DE LA FEDERACION VASCA DE TENIS DE MESA<\/a><\/center>\r\n<br>\r\n<center><a href=\"https:\/\/mahaitenis.com\/es\/documentos\/transparencia\/JUNTA_DIRECTIVA_FATM_Resolucion_GV.pdf\" target=\"_blank\" rel=\"noopener noreferrer\">INSCRIPCION JUNTA DIRECTIVA FED ALAVESA EN EL REDPV (RESOLUCION GV)<\/a><\/center>\r\n<br>\r\n<center><a href=\"https:\/\/mahaitenis.com\/es\/documentos\/transparencia\/JUNTA_DIRECTIVA_FBTM_Resolucion_GV.pdf\" target=\"_blank\" rel=\"noopener noreferrer\">INSCRIPCION JUNTA DIRECTIVA FED BIZKAINA EN EL REDPV (RESOLUCION GV)<\/a><\/center>\r\n<br>\r\n<center><a href=\"https:\/\/mahaitenis.com\/es\/documentos\/transparencia\/JUNTA_DIRECTIVA_FGTM_Resolucion_GV.pdf\" target=\"_blank\" rel=\"noopener noreferrer\">INSCRIPCION JUNTA DIRECTIVA FED GIPUZKOANA EN EL REDPV (RESOLUCION GV)<\/a><\/center>\r\n<br>\r\n<center><a href=\"https:\/\/mahaitenis.com\/es\/documentos\/transparencia\/FVTM%20REGLAMENTO%20DISCIPLINARIO%20v01.02.25.pdf\" target=\"_blank\" rel=\"noopener noreferrer\">REGLAMENTO DISCIPLINARIO<\/a><\/center>","protected":false},"excerpt":{"rendered":"<p>PRESIDENCIA: PABLO LOMBRA\u00d1A ALCALDE VICEPRESIDENCIA: ENRIQUE IRINEU ANCA SECRETAR\u00cdA: NEREA AIZPURUA VAQUERO TESORER\u00cdA: DANIEL REBORDINOS MIRAMON Vocal: ELENE SAGARDIA RODRIGUEZ Vocal: IKER SASTRE VALLEJO Vocal: OSCAR CALDEVILLA LARRABE Vocal: I\u00d1IGO LOPEZ ZABARTE ESTATUTOS DE LA FEDERACION VASCA DE TENIS DE MESA INSCRIPCION JUNTA DIRECTIVA FED ALAVESA EN EL REDPV (RESOLUCION GV) INSCRIPCION JUNTA DIRECTIVA FED [&hellip;]<\/p>\n","protected":false},"author":1,"featured_media":0,"parent":0,"menu_order":0,"comment_status":"closed","ping_status":"closed","template":"","meta":{"footnotes":""},"class_list":["post-29","page","type-page","status-publish","hentry"],"_links":{"self":[{"href":"https:\/\/mahaitenis.com\/es\/index.php\/wp-json\/wp\/v2\/pages\/29","targetHints":{"allow":["GET"]}}],"collection":[{"href":"https:\/\/mahaitenis.com\/es\/index.php\/wp-json\/wp\/v2\/pages"}],"about":[{"href":"https:\/\/mahaitenis.com\/es\/index.php\/wp-json\/wp\/v2\/types\/page"}],"author":[{"embeddable":true,"href":"https:\/\/mahaitenis.com\/es\/index.php\/wp-json\/wp\/v2\/users\/1"}],"replies":[{"embeddable":true,"href":"https:\/\/mahaitenis.com\/es\/index.php\/wp-json\/wp\/v2\/comments?post=29"}],"version-history":[{"count":22,"href":"https:\/\/mahaitenis.com\/es\/index.php\/wp-json\/wp\/v2\/pages\/29\/revisions"}],"predecessor-version":[{"id":6048,"href":"https:\/\/mahaitenis.com\/es\/index.php\/wp-json\/wp\/v2\/pages\/29\/revisions\/6048"}],"wp:attachment":[{"href":"https:\/\/mahaitenis.com\/es\/index.php\/wp-json\/wp\/v2\/media?parent=29"}],"curies":[{"name":"wp","href":"https:\/\/api.w.org\/{rel}","templated":true}]}}