{"id":3071,"date":"2020-04-24T12:58:01","date_gmt":"2020-04-24T12:58:01","guid":{"rendered":"http:\/\/mahaitenis.com\/es\/?page_id=3071"},"modified":"2020-04-26T19:18:10","modified_gmt":"2020-04-26T19:18:10","slug":"otros-clubs","status":"publish","type":"page","link":"https:\/\/mahaitenis.com\/es\/index.php\/otros-clubs\/","title":{"rendered":"Otros Clubs"},"content":{"rendered":"<br>\r\n<table border=0>\r\n<tr><td><b>CLUB <\/b><td> \t<b>RESPONSABLE <\/b>\t<td><b>E-MAIL \t<\/b><td><b>TELEFONO<\/b>\r\n\r\n<tr><td colspan=4><b><u><\/u><\/b>\r\n<tr><td colspan=4><b><u>ARAGON<\/u><\/b>\r\n<tr><td>C.N. HELIOS \t<td>MARCELO TOLEDO ARANEDA \t<td>tenismesa@cnhelios.com \t<td>652.436.905\r\n<tr><td>FERNANDINO TM \t<td>FRANCISCO GUERRERO SANZ \t<td>fernandinotm@hotmail.com \t<td>650.746.827\r\n<tr><td>GRUPO TAREMA UTEBO T.M. \t<td>DAVID MARTINEZ MORENO \t<td>utebotm@gmail.com \t<td>689.945.304\r\n<tr><td>PUBLIMAX CAI SANTIAGO TM \t<td>JOSEP MAR\u00cdA JOFRE CASTANY \t<td>jofre@santiagotm.es \t<td>605.904.826\r\n<tr><td>SCHOOL ZARAGOZA  \t<td>RICARDO P\u00c9REZ VELASCO \t<td>richi_perez82@hotmail.com \t<td>677.413.024\r\n\r\n<tr><td colspan=4><b><u><\/u><\/b>\r\n<tr><td colspan=4><b><u>ASTURIAS<\/u><\/b>\r\n<tr><td>LA ATALAYA GIJON T.M.<td>ANTONIO PALACIO MU\u00d1IZ \t<td>gijontenisdemesa@gmail.com \t<td>605.084.896\r\n\r\n<tr><td colspan=4><b><u><\/u><\/b>\r\n<tr><td colspan=4><b><u>CANTABRIA<\/u><\/b>\r\n<tr><td>ETM TORRELAVEGA \t<td>FRANCISCO JAVIER P\u00c9REZ ROJAS \t<td>etmtorrelavega@gmail.com \t<td>669.450.316\r\n<tr><td>MANUFACTURAS  DEPORTIVAS \t<td>\tJUAN JOSE SAMPEDRO ZUBIZARRETA<td> \tjuanjukis@hotmail.com \t<td>686.864.969\r\n<tr><td>PEDRO VELARDE TM \t<td>FRANCISCO CHAMORRO P\u00c9REZ \t<td>pacocha1957@hotmail.es \t<td>685.496.389\r\n<tr><td>T.M. EL CACHON <td>FRANCISCO JOSE CUMBRADOS PEREZ \t<td>franciscocumbrados@hotmail.com \t<td>659.915.179\r\n<tr><td>TM POLANCO \t<td>MANUEL GONZALEZ \t<td>mjesusgonzalezan@yahoo.com <td>\t620.154.653\r\n<tr><td>TM REOCIN \t<td>CARLOS CELIS COLLADO \t<td>tmreocin@gmail.com \t<td>647.929.677\r\n\r\n<tr><td colspan=4><b><u><\/u><\/b>\r\n<tr><td colspan=4><b><u>CASTILLA Y LEON \t<\/u><\/b>\r\n<tr><td>UNIVERSIDAD DE BURGOS &#8211; TPF <td>FRANCISCO JAVIER BERZOSA <td>\tfberzo@hotmail.com \t<td>610.341.382\r\n<tr><td>VASA ARROYO &#8211; CDO \t<td>FRANCISCO JAVIER GONZALEZ \t<td>valladolidtm@gmail.com \t<td>600.672.424\r\n\r\n<tr><td colspan=4><b><u><\/u><\/b>\r\n<tr><td colspan=4><b><u>LA RIOJA \t<\/u><\/b>\r\n<tr><td>RIOJA BAJA T.M. \t<td>DIEGO SERRA \t<td>wilddiego@hotmail.es \t<td>617.341.515\r\n<tr><td>RIOJA TEAM \t<td>RAFAEL RIVAS HERCE<td>rafa25091@hotmail.com \t<td>678.418.021\r\n\r\n<tr><td colspan=4><b><u><\/u><\/b>\r\n<tr><td colspan=4><b><u>NAVARRA \t<\/u><\/b>\r\n<tr><td>C.D. OBERENA \t<td>JES\u00daS M\u00aa LARRI\u00d3N BA\u00d1OS \t<td>jmlarrionb@gmail.com  \t<td>626.059.502\r\n<tr><td>C.NATACION PAMPLONA \t<td>I\u00d1AKI GUELBENZU FERNANDEZ \t<td>ignacioj@telefonica.net \t<td>610.075.121\r\n<tr><td>S.C.D.R. ANAITASUNA \t<td>JAVIER MACAYA MOLINERO \t<td>mac-aya@hotmail.es<td> \t639.047.120\r\n<\/table>","protected":false},"excerpt":{"rendered":"<p>CLUB RESPONSABLE E-MAIL TELEFONO ARAGON C.N. HELIOS MARCELO TOLEDO ARANEDA tenismesa@cnhelios.com 652.436.905 FERNANDINO TM FRANCISCO GUERRERO SANZ fernandinotm@hotmail.com 650.746.827 GRUPO TAREMA UTEBO T.M. DAVID MARTINEZ MORENO utebotm@gmail.com 689.945.304 PUBLIMAX CAI SANTIAGO TM JOSEP MAR\u00cdA JOFRE CASTANY jofre@santiagotm.es 605.904.826 SCHOOL ZARAGOZA RICARDO P\u00c9REZ VELASCO richi_perez82@hotmail.com 677.413.024 ASTURIAS LA ATALAYA GIJON T.M.ANTONIO PALACIO MU\u00d1IZ gijontenisdemesa@gmail.com 605.084.896 CANTABRIA [&hellip;]<\/p>\n","protected":false},"author":1,"featured_media":0,"parent":0,"menu_order":0,"comment_status":"closed","ping_status":"closed","template":"","meta":{"footnotes":""},"class_list":["post-3071","page","type-page","status-publish","hentry"],"_links":{"self":[{"href":"https:\/\/mahaitenis.com\/es\/index.php\/wp-json\/wp\/v2\/pages\/3071","targetHints":{"allow":["GET"]}}],"collection":[{"href":"https:\/\/mahaitenis.com\/es\/index.php\/wp-json\/wp\/v2\/pages"}],"about":[{"href":"https:\/\/mahaitenis.com\/es\/index.php\/wp-json\/wp\/v2\/types\/page"}],"author":[{"embeddable":true,"href":"https:\/\/mahaitenis.com\/es\/index.php\/wp-json\/wp\/v2\/users\/1"}],"replies":[{"embeddable":true,"href":"https:\/\/mahaitenis.com\/es\/index.php\/wp-json\/wp\/v2\/comments?post=3071"}],"version-history":[{"count":9,"href":"https:\/\/mahaitenis.com\/es\/index.php\/wp-json\/wp\/v2\/pages\/3071\/revisions"}],"predecessor-version":[{"id":3089,"href":"https:\/\/mahaitenis.com\/es\/index.php\/wp-json\/wp\/v2\/pages\/3071\/revisions\/3089"}],"wp:attachment":[{"href":"https:\/\/mahaitenis.com\/es\/index.php\/wp-json\/wp\/v2\/media?parent=3071"}],"curies":[{"name":"wp","href":"https:\/\/api.w.org\/{rel}","templated":true}]}}