{"id":33,"date":"2017-10-04T06:00:56","date_gmt":"2017-10-04T06:00:56","guid":{"rendered":"http:\/\/mahaitenis.com\/es\/?page_id=33"},"modified":"2025-01-08T12:45:32","modified_gmt":"2025-01-08T12:45:32","slug":"federaciones-territoriales","status":"publish","type":"page","link":"https:\/\/mahaitenis.com\/es\/index.php\/federaciones-territoriales\/","title":{"rendered":"Fed. Territoriales"},"content":{"rendered":"<table border=0>\r\n\r\n\r\n<tr>\r\n<td>\r\n<img decoding=\"async\" src=\"https:\/\/mahaitenis.com\/es\/wp-content\/uploads\/2017\/10\/LogoFedAlavesa-300x125.jpg\" alt=\"\" width=\"300\" height=\"125\" class=\"alignnone size-medium wp-image-366\" srcset=\"https:\/\/mahaitenis.com\/es\/wp-content\/uploads\/2017\/10\/LogoFedAlavesa-300x125.jpg 300w, https:\/\/mahaitenis.com\/es\/wp-content\/uploads\/2017\/10\/LogoFedAlavesa.jpg 768w\" sizes=\"(max-width: 300px) 100vw, 300px\" \/>\r\n<\/td>\r\n<td>\r\n&nbsp;&nbsp;&nbsp;&nbsp;\r\n<\/td>\r\n<td>\r\n<span style=\"font-size: medium;\"><strong>ARABA<\/strong> <\/span>\r\n<ul>\r\n \t<li>Direcci\u00f3n: Cercas Bajas, 5  Casa del deporte<\/li>\r\n \t<li>Localidad: Vitoria &#8211; Gazteiz<\/li>\r\n \t<li>C.P.: 01001<\/li>\r\n \t<li>Tel\u00e9fono: 945138951<\/li>\r\n \t<li>E-mail: <a href=\"mailto:alavatenisdemesa@yahoo.es\">alavatenisdemesa@yahoo.es<\/a><\/li>\r\n<\/ul>\r\n<\/td>\r\n<\/tr>\r\n\r\n<tr>\r\n<td>\r\n<a href=\"http:\/\/www.fvtm.org\" target=\"_blank\"><img decoding=\"async\" src=\"https:\/\/mahaitenis.com\/es\/wp-content\/uploads\/2017\/10\/LogoFedBizkaina.jpg\" alt=\"\" width=\"296\" height=\"300\" class=\"alignnone size-medium wp-image-367\" \/><\/a>\r\n<\/td>\r\n<td>\r\n&nbsp;&nbsp;&nbsp;&nbsp;\r\n<\/td>\r\n<td>\r\n<span style=\"font-size: medium;\"><strong>BIZKAIA<\/strong> <\/span>\r\n<ul>\r\n \t<li>Direcci\u00f3n: Martin Barua Picaza, 27<\/li>\r\n \t<li>Localidad: Bilbo &#8211; Bilbao<\/li>\r\n \t<li>C.P.: 48003<\/li>\r\n \t<li>Tel\u00e9fono: 944079272<\/li>\r\n \t<li>E-mail: <a href=\"mailto:info@fvtm.org\">info@fvtm.org<\/a><\/li>\r\n        <li><a href=\"http:\/\/www.fvtm.org\/\" target=\"_blank\">IR A LA WEB<\/a>\r\n<\/ul>\r\n<\/td>\r\n<\/tr>\r\n\r\n<tr>\r\n<td>\r\n<a href=\"http:\/\/www.kirolak.net\/es\/index.asp?deporte=tenisdemesa&#038;cd=1\" target=\"_blank\"><img decoding=\"async\" src=\"https:\/\/mahaitenis.com\/es\/wp-content\/uploads\/2017\/10\/LogoFedGipuzkoana-300x132.png\" alt=\"\" width=\"300\" height=\"132\" class=\"alignnone size-medium wp-image-368\" srcset=\"https:\/\/mahaitenis.com\/es\/wp-content\/uploads\/2017\/10\/LogoFedGipuzkoana-300x132.png 300w, https:\/\/mahaitenis.com\/es\/wp-content\/uploads\/2017\/10\/LogoFedGipuzkoana-768x338.png 768w, https:\/\/mahaitenis.com\/es\/wp-content\/uploads\/2017\/10\/LogoFedGipuzkoana.png 940w\" sizes=\"(max-width: 300px) 100vw, 300px\" \/><\/a>\r\n<\/td>\r\n<td>\r\n&nbsp;&nbsp;&nbsp;&nbsp;\r\n<\/td>\r\n<td>\r\n<span style=\"font-size: medium;\"><strong>GIPUZKOA<\/strong> <\/span>\r\n<ul>\r\n \t<li>Direcci\u00f3n: Paseo Anoeta 5, Oficina 42<\/li>\r\n \t<li>Localidad: Donostia &#8211; San Sebasti\u00e1n<\/li>\r\n \t<li>C.P.: 20014<\/li>\r\n \t<li>Tel\u00e9fono: 943472020<\/li>\r\n \t<li>E-mail: <a href=\"mailto:info@gipuzkoamt.eus\">info@gipuzkoamt.eus<\/a><\/li>\r\n        <li><a href=\"http:\/\/www.gipuzkoamt.eus\" target=\"_blank\">IR A LA WEB<\/a>\r\n<\/ul>\r\n<\/td>\r\n<\/tr>\r\n<\/table>","protected":false},"excerpt":{"rendered":"<p>&nbsp;&nbsp;&nbsp;&nbsp; ARABA Direcci\u00f3n: Cercas Bajas, 5 Casa del deporte Localidad: Vitoria &#8211; Gazteiz C.P.: 01001 Tel\u00e9fono: 945138951 E-mail: alavatenisdemesa@yahoo.es &nbsp;&nbsp;&nbsp;&nbsp; BIZKAIA Direcci\u00f3n: Martin Barua Picaza, 27 Localidad: Bilbo &#8211; Bilbao C.P.: 48003 Tel\u00e9fono: 944079272 E-mail: info@fvtm.org IR A LA WEB &nbsp;&nbsp;&nbsp;&nbsp; GIPUZKOA Direcci\u00f3n: Paseo Anoeta 5, Oficina 42 Localidad: Donostia &#8211; San Sebasti\u00e1n C.P.: 20014 [&hellip;]<\/p>\n","protected":false},"author":1,"featured_media":0,"parent":0,"menu_order":0,"comment_status":"closed","ping_status":"closed","template":"","meta":{"footnotes":""},"class_list":["post-33","page","type-page","status-publish","hentry"],"_links":{"self":[{"href":"https:\/\/mahaitenis.com\/es\/index.php\/wp-json\/wp\/v2\/pages\/33","targetHints":{"allow":["GET"]}}],"collection":[{"href":"https:\/\/mahaitenis.com\/es\/index.php\/wp-json\/wp\/v2\/pages"}],"about":[{"href":"https:\/\/mahaitenis.com\/es\/index.php\/wp-json\/wp\/v2\/types\/page"}],"author":[{"embeddable":true,"href":"https:\/\/mahaitenis.com\/es\/index.php\/wp-json\/wp\/v2\/users\/1"}],"replies":[{"embeddable":true,"href":"https:\/\/mahaitenis.com\/es\/index.php\/wp-json\/wp\/v2\/comments?post=33"}],"version-history":[{"count":32,"href":"https:\/\/mahaitenis.com\/es\/index.php\/wp-json\/wp\/v2\/pages\/33\/revisions"}],"predecessor-version":[{"id":5872,"href":"https:\/\/mahaitenis.com\/es\/index.php\/wp-json\/wp\/v2\/pages\/33\/revisions\/5872"}],"wp:attachment":[{"href":"https:\/\/mahaitenis.com\/es\/index.php\/wp-json\/wp\/v2\/media?parent=33"}],"curies":[{"name":"wp","href":"https:\/\/api.w.org\/{rel}","templated":true}]}}