{"id":335,"date":"2017-10-11T04:44:40","date_gmt":"2017-10-11T04:44:40","guid":{"rendered":"http:\/\/mahaitenis.com\/es\/?page_id=335"},"modified":"2025-05-29T06:40:54","modified_gmt":"2025-05-29T06:40:54","slug":"tecnicos","status":"publish","type":"page","link":"https:\/\/mahaitenis.com\/es\/index.php\/tecnicos\/","title":{"rendered":"Escuela Vasca de Entrenadores"},"content":{"rendered":"<h5><strong>EQUIPO T\u00c9CNICO: Cristian Gabilondo, Rub\u00e9n Mart\u00ednez, Mikel Hern\u00e1ndez, David Alonso, Pablo Lombra\u00f1a, Sergio Rodr\u00edguez, Aritz Pampliega, Hodei Mancha, Koldo Viadas y Carlos Montalvillo.<\/strong><\/h5>\r\n\r\n&nbsp;&nbsp;&nbsp;En los \u00faltimos cuatro a\u00f1os la Federaci\u00f3n Vasca de Tenis de Mesa ha formado a  seis monitores y monitoras auxiliares de tenis de mesa, cuarenta y nueve entrenadoras y entrenadores de nivel I y a seis entrenadores y entrenadoras de nivel II.<br>\r\n&nbsp;&nbsp;&nbsp;Se adjunto el listado de las personas que disponen de la titulaci\u00f3n correspondiente:<br>\r\n<br>\r\n\r\n<a href=\"https:\/\/mahaitenis.com\/es\/wp-content\/uploads\/2025\/05\/titulados-entrenadores-e1748500791535.jpg\"><img decoding=\"async\" src=\"https:\/\/mahaitenis.com\/es\/wp-content\/uploads\/2025\/05\/titulados-entrenadores-e1748500791535.jpg\" alt=\"\" width=\"564\" height=\"1559\" class=\"aligncenter size-full wp-image-6034\" srcset=\"https:\/\/mahaitenis.com\/es\/wp-content\/uploads\/2025\/05\/titulados-entrenadores-e1748500791535.jpg 564w, https:\/\/mahaitenis.com\/es\/wp-content\/uploads\/2025\/05\/titulados-entrenadores-e1748500791535-109x300.jpg 109w, https:\/\/mahaitenis.com\/es\/wp-content\/uploads\/2025\/05\/titulados-entrenadores-e1748500791535-370x1024.jpg 370w, https:\/\/mahaitenis.com\/es\/wp-content\/uploads\/2025\/05\/titulados-entrenadores-e1748500791535-556x1536.jpg 556w\" sizes=\"(max-width: 564px) 100vw, 564px\" \/><\/a>","protected":false},"excerpt":{"rendered":"<p>EQUIPO T\u00c9CNICO: Cristian Gabilondo, Rub\u00e9n Mart\u00ednez, Mikel Hern\u00e1ndez, David Alonso, Pablo Lombra\u00f1a, Sergio Rodr\u00edguez, Aritz Pampliega, Hodei Mancha, Koldo Viadas y Carlos Montalvillo. &nbsp;&nbsp;&nbsp;En los \u00faltimos cuatro a\u00f1os la Federaci\u00f3n Vasca de Tenis de Mesa ha formado a seis monitores y monitoras auxiliares de tenis de mesa, cuarenta y nueve entrenadoras y entrenadores de nivel [&hellip;]<\/p>\n","protected":false},"author":1,"featured_media":0,"parent":0,"menu_order":0,"comment_status":"closed","ping_status":"closed","template":"","meta":{"footnotes":""},"class_list":["post-335","page","type-page","status-publish","hentry"],"_links":{"self":[{"href":"https:\/\/mahaitenis.com\/es\/index.php\/wp-json\/wp\/v2\/pages\/335","targetHints":{"allow":["GET"]}}],"collection":[{"href":"https:\/\/mahaitenis.com\/es\/index.php\/wp-json\/wp\/v2\/pages"}],"about":[{"href":"https:\/\/mahaitenis.com\/es\/index.php\/wp-json\/wp\/v2\/types\/page"}],"author":[{"embeddable":true,"href":"https:\/\/mahaitenis.com\/es\/index.php\/wp-json\/wp\/v2\/users\/1"}],"replies":[{"embeddable":true,"href":"https:\/\/mahaitenis.com\/es\/index.php\/wp-json\/wp\/v2\/comments?post=335"}],"version-history":[{"count":21,"href":"https:\/\/mahaitenis.com\/es\/index.php\/wp-json\/wp\/v2\/pages\/335\/revisions"}],"predecessor-version":[{"id":6036,"href":"https:\/\/mahaitenis.com\/es\/index.php\/wp-json\/wp\/v2\/pages\/335\/revisions\/6036"}],"wp:attachment":[{"href":"https:\/\/mahaitenis.com\/es\/index.php\/wp-json\/wp\/v2\/media?parent=335"}],"curies":[{"name":"wp","href":"https:\/\/api.w.org\/{rel}","templated":true}]}}