{"id":338,"date":"2017-10-11T04:46:18","date_gmt":"2017-10-11T04:46:18","guid":{"rendered":"http:\/\/mahaitenis.com\/es\/?page_id=338"},"modified":"2026-01-23T16:32:36","modified_gmt":"2026-01-23T16:32:36","slug":"comite-vasco-de-arbitros","status":"publish","type":"page","link":"https:\/\/mahaitenis.com\/es\/index.php\/comite-vasco-de-arbitros\/","title":{"rendered":"Comit\u00e9 Vasco de \u00e1rbitros"},"content":{"rendered":"<h4 id=\"yui_3_16_0_ym19_1_1507644466578_10329\"><span id=\"yui_3_16_0_ym19_1_1507644466578_9716\"><strong>PRESIDENTE: Samuel Mart\u00edn.<\/strong><\/span><\/h3>\r\n<h4 id=\"yui_3_16_0_ym19_1_1507644466578_12272\" dir=\"ltr\"><span id=\"yui_3_16_0_ym19_1_1507644466578_9716\">DELEGADO ARABA: Rub\u00e9n Mart\u00ednez G\u00f3mez.<\/span><\/h4>\r\n<h4 id=\"yui_3_16_0_ym19_1_1507644466578_12273\" dir=\"ltr\"><span id=\"yui_3_16_0_ym19_1_1507644466578_9716\">DELEGADO BIZKAIA: Aitor Intxaurraga Blesa.<\/span><\/h4>\r\n<h4 id=\"yui_3_16_0_ym19_1_1507644466578_12158\" dir=\"ltr\">DELEGADO GIPUZKOA: Pablo Vicente Vicente.<\/h4>\r\n<br>\r\n&nbsp;&nbsp;&nbsp;En este momento tenemos tramitadas 39 licencias de \u00e1rbitro, de las cuales 11 son \u00e1rbitros auton\u00f3micos, 24 \u00e1rbitros\r\nnacionales y 4 \u00e1rbitros internacionales. Atendiendo a la distribuci\u00f3n territorial Araba cuenta con 15 \u00e1rbitros, Bizkaia\r\ncon otros 15 y finalmente Gipuzkoa con 9.<br>\r\n<br>\r\n\r\n\r\n\r\n\r\n\r\n\r\n    <table aria-label=\"Listado de \u00e1rbitros\">\r\n      <thead>\r\n        <tr>\r\n          <th class=\"license\">N\u00ba Licencia<\/th>\r\n          <th class=\"name\">Nombre y Apellidos<\/th>\r\n          <th class=\"province\">Provincia<\/th>\r\n          <th class=\"category\">Categor\u00eda<\/th>\r\n          <th class=\"subcat\">Subcategor\u00eda<\/th>\r\n        <\/tr>\r\n      <\/thead>\r\n      <tbody>\r\n        <tr>\r\n          <td class=\"license\" data-label=\"N\u00ba Licencia\">193<\/td>\r\n          <td class=\"name\" data-label=\"Nombre y Apellidos\">JOSE ANTONIO ECHEVERRIA URRETA<\/td>\r\n          <td class=\"province\" data-label=\"Provincia\">Gipuzkoa<\/td>\r\n          <td class=\"category\" data-label=\"Categor\u00eda\">ARB<\/td>\r\n          <td class=\"subcat\" data-label=\"Subcategor\u00eda\">JAI<\/td>\r\n        <\/tr>\r\n        <tr>\r\n          <td class=\"license\" data-label=\"N\u00ba Licencia\">527<\/td>\r\n          <td class=\"name\" data-label=\"Nombre y Apellidos\">CLAUDIO IZQUIERDO GONZALEZ<\/td>\r\n          <td class=\"province\" data-label=\"Provincia\">Bizkaia<\/td>\r\n          <td class=\"category\" data-label=\"Categor\u00eda\">ARB<\/td>\r\n          <td class=\"subcat\" data-label=\"Subcategor\u00eda\">JAI<\/td>\r\n        <\/tr>\r\n        <tr>\r\n          <td class=\"license\">627<\/td>\r\n          <td class=\"name\">JOSE MANUEL ARMENTIA ACEDO<\/td>\r\n          <td class=\"province\">Gipuzkoa<\/td>\r\n          <td class=\"category\">ARB<\/td>\r\n          <td class=\"subcat\">AN<\/td>\r\n        <\/tr>\r\n        <tr>\r\n          <td class=\"license\">914<\/td>\r\n          <td class=\"name\">JOSE ENRIQUE ALVAREZ ANTON<\/td>\r\n          <td class=\"province\">Araba<\/td>\r\n          <td class=\"category\">ARB<\/td>\r\n          <td class=\"subcat\">AN<\/td>\r\n        <\/tr>\r\n        <tr>\r\n          <td class=\"license\">1269<\/td>\r\n          <td class=\"name\">EDUARDO ARENAS PEREZ<\/td>\r\n          <td class=\"province\">Bizkaia<\/td>\r\n          <td class=\"category\">ARB<\/td>\r\n          <td class=\"subcat\">JA.C<\/td>\r\n        <\/tr>\r\n        <tr>\r\n          <td class=\"license\">1278<\/td>\r\n          <td class=\"name\">FERNANDO GARCIA BENITO<\/td>\r\n          <td class=\"province\">Gipuzkoa<\/td>\r\n          <td class=\"category\">ARB<\/td>\r\n          <td class=\"subcat\">AN<\/td>\r\n        <\/tr>\r\n        <tr>\r\n          <td class=\"license\">1661<\/td>\r\n          <td class=\"name\">AITOR INTXAURRAGA BLESA<\/td>\r\n          <td class=\"province\">Bizkaia<\/td>\r\n          <td class=\"category\">ARB<\/td>\r\n          <td class=\"subcat\">AN<\/td>\r\n        <\/tr>\r\n        <tr>\r\n          <td class=\"license\">2227<\/td>\r\n          <td class=\"name\">RUBEN MARTINEZ GOMEZ<\/td>\r\n          <td class=\"province\">Araba<\/td>\r\n          <td class=\"category\">ARB<\/td>\r\n          <td class=\"subcat\">AN<\/td>\r\n        <\/tr>\r\n        <tr>\r\n          <td class=\"license\">3020<\/td>\r\n          <td class=\"name\">JAVIER ALMENARA ESCUDERO<\/td>\r\n          <td class=\"province\">Araba<\/td>\r\n          <td class=\"category\">ARB<\/td>\r\n          <td class=\"subcat\">AN<\/td>\r\n        <\/tr>\r\n        <tr>\r\n          <td class=\"license\">3309<\/td>\r\n          <td class=\"name\">SARAI DELGADO SANCHEZ<\/td>\r\n          <td class=\"province\">Araba<\/td>\r\n          <td class=\"category\">ARB<\/td>\r\n          <td class=\"subcat\">AN<\/td>\r\n        <\/tr>\r\n        <tr>\r\n          <td class=\"license\">3700<\/td>\r\n          <td class=\"name\">MONTSERRAT MARTIN DOMINGUEZ<\/td>\r\n          <td class=\"province\">Araba<\/td>\r\n          <td class=\"category\">ARB<\/td>\r\n          <td class=\"subcat\">AN<\/td>\r\n        <\/tr>\r\n        <tr>\r\n          <td class=\"license\">4223<\/td>\r\n          <td class=\"name\">MIREN ITXASO CARRILLO DIAZ<\/td>\r\n          <td class=\"province\">Araba<\/td>\r\n          <td class=\"category\">ARB<\/td>\r\n          <td class=\"subcat\">AN<\/td>\r\n        <\/tr>\r\n        <tr>\r\n          <td class=\"license\">5019<\/td>\r\n          <td class=\"name\">ARITZ DELGADO SANCHEZ<\/td>\r\n          <td class=\"province\">Araba<\/td>\r\n          <td class=\"category\">ARB<\/td>\r\n          <td class=\"subcat\">AN<\/td>\r\n        <\/tr>\r\n        <tr>\r\n          <td class=\"license\">8516<\/td>\r\n          <td class=\"name\">PABLO VICENTE VICENTE<\/td>\r\n          <td class=\"province\">Gipuzkoa<\/td>\r\n          <td class=\"category\">ARB<\/td>\r\n          <td class=\"subcat\">AN<\/td>\r\n        <\/tr>\r\n        <tr>\r\n          <td class=\"license\">8584<\/td>\r\n          <td class=\"name\">FERNANDO OTEO FERNANDEZ<\/td>\r\n          <td class=\"province\">Bizkaia<\/td>\r\n          <td class=\"category\">ARB<\/td>\r\n          <td class=\"subcat\">JAI<\/td>\r\n        <\/tr>\r\n        <tr>\r\n          <td class=\"license\">9372<\/td>\r\n          <td class=\"name\">PATRICIO JORGE GONZALEZ<\/td>\r\n          <td class=\"province\">Bizkaia<\/td>\r\n          <td class=\"category\">ARB<\/td>\r\n          <td class=\"subcat\">AN<\/td>\r\n        <\/tr>\r\n        <tr>\r\n          <td class=\"license\">10837<\/td>\r\n          <td class=\"name\">JOSE JOAQUIN DE FRANCISCO ELORZA<\/td>\r\n          <td class=\"province\">Bizkaia<\/td>\r\n          <td class=\"category\">ARB<\/td>\r\n          <td class=\"subcat\">AN<\/td>\r\n        <\/tr>\r\n        <tr>\r\n          <td class=\"license\">16547<\/td>\r\n          <td class=\"name\">PABLO LOMBRA\u00d1A ALCALDE<\/td>\r\n          <td class=\"province\">Araba<\/td>\r\n          <td class=\"category\">ARB<\/td>\r\n          <td class=\"subcat\">JA.C<\/td>\r\n        <\/tr>\r\n        <tr>\r\n          <td class=\"license\">16747<\/td>\r\n          <td class=\"name\">JOSE ANTONIO BLANCO FERNANDEZ<\/td>\r\n          <td class=\"province\">Araba<\/td>\r\n          <td class=\"category\">ARB<\/td>\r\n          <td class=\"subcat\">AN<\/td>\r\n        <\/tr>\r\n        <tr>\r\n          <td class=\"license\">17772<\/td>\r\n          <td class=\"name\">ALVARO LOMBRA\u00d1A ALCAIDE<\/td>\r\n          <td class=\"province\">Araba<\/td>\r\n          <td class=\"category\">ARB<\/td>\r\n          <td class=\"subcat\">JA.C<\/td>\r\n        <\/tr>\r\n        <tr>\r\n          <td class=\"license\">20212<\/td>\r\n          <td class=\"name\">EDER CASTRESANA MARTIN<\/td>\r\n          <td class=\"province\">Bizkaia<\/td>\r\n          <td class=\"category\">ARB<\/td>\r\n          <td class=\"subcat\">AN<\/td>\r\n        <\/tr>\r\n        <tr>\r\n          <td class=\"license\">20695<\/td>\r\n          <td class=\"name\">ROBERTO PRADANOS MEMENDI<\/td>\r\n          <td class=\"province\">Bizkaia<\/td>\r\n          <td class=\"category\">ARB<\/td>\r\n          <td class=\"subcat\">AN<\/td>\r\n        <\/tr>\r\n        <tr>\r\n          <td class=\"license\">21739<\/td>\r\n          <td class=\"name\">ARTURO DE LA MATA ARMERO<\/td>\r\n          <td class=\"province\">Araba<\/td>\r\n          <td class=\"category\">ARB<\/td>\r\n          <td class=\"subcat\">AN<\/td>\r\n        <\/tr>\r\n        <tr>\r\n          <td class=\"license\">21747<\/td>\r\n          <td class=\"name\">AIMAR INSAUSTI ECHALUCE<\/td>\r\n          <td class=\"province\">Gipuzkoa<\/td>\r\n          <td class=\"category\">ARB<\/td>\r\n          <td class=\"subcat\">JA.C<\/td>\r\n        <\/tr>\r\n        <tr>\r\n          <td class=\"license\">22438<\/td>\r\n          <td class=\"name\">JAVIER FELIPE CADIZ<\/td>\r\n          <td class=\"province\">Bizkaia<\/td>\r\n          <td class=\"category\">ARB<\/td>\r\n          <td class=\"subcat\">AN<\/td>\r\n        <\/tr>\r\n        <tr>\r\n          <td class=\"license\">22441<\/td>\r\n          <td class=\"name\">ERLANTZ FONSECA MARCOS<\/td>\r\n          <td class=\"province\">Araba<\/td>\r\n          <td class=\"category\">ARB<\/td>\r\n          <td class=\"subcat\">AN<\/td>\r\n        <\/tr>\r\n        <tr>\r\n          <td class=\"license\">27685<\/td>\r\n          <td class=\"name\">ANNE FELIPE LOPEZ<\/td>\r\n          <td class=\"province\">Bizkaia<\/td>\r\n          <td class=\"category\">ARB<\/td>\r\n          <td class=\"subcat\">AN<\/td>\r\n        <\/tr>\r\n        <tr>\r\n          <td class=\"license\">28077<\/td>\r\n          <td class=\"name\">AIMAR MIKELAJAUREGI IRIGOIEN<\/td>\r\n          <td class=\"province\">Gipuzkoa<\/td>\r\n          <td class=\"category\">ARB<\/td>\r\n          <td class=\"subcat\">JA.C<\/td>\r\n        <\/tr>\r\n        <tr>\r\n          <td class=\"license\">31507<\/td>\r\n          <td class=\"name\">OIER ARIZTI SAENZ DE VITERI<\/td>\r\n          <td class=\"province\">Araba<\/td>\r\n          <td class=\"category\">ARB<\/td>\r\n          <td class=\"subcat\">JA.C<\/td>\r\n        <\/tr>\r\n        <tr>\r\n          <td class=\"license\">31509<\/td>\r\n          <td class=\"name\">ENDIKA MARTINEZ CARRILLO<\/td>\r\n          <td class=\"province\">Araba<\/td>\r\n          <td class=\"category\">ARB<\/td>\r\n          <td class=\"subcat\">JA.C<\/td>\r\n        <\/tr>\r\n        <tr>\r\n          <td class=\"license\">32326<\/td>\r\n          <td class=\"name\">PEIO JORGE GOMEZ<\/td>\r\n          <td class=\"province\">Bizkaia<\/td>\r\n          <td class=\"category\">ARB<\/td>\r\n          <td class=\"subcat\">AN<\/td>\r\n        <\/tr>\r\n        <tr>\r\n          <td class=\"license\">37015<\/td>\r\n          <td class=\"name\">DAVID VERA GARCIA<\/td>\r\n          <td class=\"province\">Bizkaia<\/td>\r\n          <td class=\"category\">ARB<\/td>\r\n          <td class=\"subcat\">AN<\/td>\r\n        <\/tr>\r\n        <tr>\r\n          <td class=\"license\">37570<\/td>\r\n          <td class=\"name\">XABI MARTIN DOMINGUEZ<\/td>\r\n          <td class=\"province\">Gipuzkoa<\/td>\r\n          <td class=\"category\">ARB<\/td>\r\n          <td class=\"subcat\">JA.C<\/td>\r\n        <\/tr>\r\n        <tr>\r\n          <td class=\"license\">39469<\/td>\r\n          <td class=\"name\">MARIA ARANZAZU ZABALETA SARDON<\/td>\r\n          <td class=\"province\">Gipuzkoa<\/td>\r\n          <td class=\"category\">ARB<\/td>\r\n          <td class=\"subcat\">AN<\/td>\r\n        <\/tr>\r\n        <tr>\r\n          <td class=\"license\">40017<\/td>\r\n          <td class=\"name\">ANNIE LEZA MU\u00d1OZ<\/td>\r\n          <td class=\"province\">Bizkaia<\/td>\r\n          <td class=\"category\">ARB<\/td>\r\n          <td class=\"subcat\">JA.C<\/td>\r\n        <\/tr>\r\n        <tr>\r\n          <td class=\"license\">40890<\/td>\r\n          <td class=\"name\">SAMUEL MARTIN ANGULO<\/td>\r\n          <td class=\"province\">Gipuzkoa<\/td>\r\n          <td class=\"category\">ARB<\/td>\r\n          <td class=\"subcat\">AN<\/td>\r\n        <\/tr>\r\n        <tr>\r\n          <td class=\"license\">21731<\/td>\r\n          <td class=\"name\">GAIZKA ALCUTEN FERNANDEZ DE OLANO<\/td>\r\n          <td class=\"province\">Araba<\/td>\r\n          <td class=\"category\">ARB<\/td>\r\n          <td class=\"subcat\">JA.C<\/td>\r\n        <\/tr>\r\n        <tr>\r\n          <td class=\"license\">100267<\/td>\r\n          <td class=\"name\">DAVID RUBIO MARTINEZ<\/td>\r\n          <td class=\"province\">Bizkaia<\/td>\r\n          <td class=\"category\">ARB<\/td>\r\n          <td class=\"subcat\">JA.C<\/td>\r\n        <\/tr>\r\n      <\/tbody>\r\n    <\/table>\r\n\r\n\r\n","protected":false},"excerpt":{"rendered":"<p>PRESIDENTE: Samuel Mart\u00edn. DELEGADO ARABA: Rub\u00e9n Mart\u00ednez G\u00f3mez. DELEGADO BIZKAIA: Aitor Intxaurraga Blesa. DELEGADO GIPUZKOA: Pablo Vicente Vicente. &nbsp;&nbsp;&nbsp;En este momento tenemos tramitadas 39 licencias de \u00e1rbitro, de las cuales 11 son \u00e1rbitros auton\u00f3micos, 24 \u00e1rbitros nacionales y 4 \u00e1rbitros internacionales. Atendiendo a la distribuci\u00f3n territorial Araba cuenta con 15 \u00e1rbitros, Bizkaia con otros 15 [&hellip;]<\/p>\n","protected":false},"author":1,"featured_media":0,"parent":0,"menu_order":0,"comment_status":"closed","ping_status":"closed","template":"","meta":{"footnotes":""},"class_list":["post-338","page","type-page","status-publish","hentry"],"_links":{"self":[{"href":"https:\/\/mahaitenis.com\/es\/index.php\/wp-json\/wp\/v2\/pages\/338","targetHints":{"allow":["GET"]}}],"collection":[{"href":"https:\/\/mahaitenis.com\/es\/index.php\/wp-json\/wp\/v2\/pages"}],"about":[{"href":"https:\/\/mahaitenis.com\/es\/index.php\/wp-json\/wp\/v2\/types\/page"}],"author":[{"embeddable":true,"href":"https:\/\/mahaitenis.com\/es\/index.php\/wp-json\/wp\/v2\/users\/1"}],"replies":[{"embeddable":true,"href":"https:\/\/mahaitenis.com\/es\/index.php\/wp-json\/wp\/v2\/comments?post=338"}],"version-history":[{"count":48,"href":"https:\/\/mahaitenis.com\/es\/index.php\/wp-json\/wp\/v2\/pages\/338\/revisions"}],"predecessor-version":[{"id":6343,"href":"https:\/\/mahaitenis.com\/es\/index.php\/wp-json\/wp\/v2\/pages\/338\/revisions\/6343"}],"wp:attachment":[{"href":"https:\/\/mahaitenis.com\/es\/index.php\/wp-json\/wp\/v2\/media?parent=338"}],"curies":[{"name":"wp","href":"https:\/\/api.w.org\/{rel}","templated":true}]}}