{"id":47,"date":"2017-10-04T06:02:32","date_gmt":"2017-10-04T06:02:32","guid":{"rendered":"http:\/\/mahaitenis.com\/es\/?page_id=47"},"modified":"2022-09-16T08:46:00","modified_gmt":"2022-09-16T08:46:00","slug":"bizkaia","status":"publish","type":"page","link":"https:\/\/mahaitenis.com\/es\/index.php\/bizkaia\/","title":{"rendered":"Bizkaia"},"content":{"rendered":"<table border=0 width=100%>\r\n<tr>\r\n<td  colspan=3><center> <a href=#b1>C.T.M. ARTXANDAKO<\/a> | <a href=#b2>C.T.M. BASAURI<\/a> | <a href=#b3>FEKOOR T.M.<\/a> | <a href=#b4>GURETALDE M.T.<\/a> | <br><a href=#b5>T.M. MUSKIZ<\/a> | <a href=#b6>PE\u00d1ASKAL T.M.<\/a> | <a href=#b8>C.T.M. ABADI\u00d1O<\/a> | <a href=#b11>C.D. BETI PREST MTK<\/a><br><a href=#b12>C.T.M. LOS CHOPOS DE GETXO M.T.K.<\/a><\/center>\r\n<\/td>\r\n<\/tr>\r\n\r\n<tr>\r\n<td  colspan=3><center> &nbsp; <\/center>\r\n<\/td>\r\n<\/tr>\r\n\r\n<tr>\r\n<td width=30%>\r\n<center><img decoding=\"async\" src=\"https:\/\/mahaitenis.com\/es\/wp-content\/uploads\/2017\/11\/ARTXANDAKO.jpg\" alt=\"\" width=\"200\" class=\"alignnone size-medium wp-image-144\" \/>\r\n<\/td>\r\n<td width=2%>\r\n&nbsp;&nbsp;&nbsp;&nbsp;\r\n<\/td>\r\n<td width=68%>\r\n<span style=\"font-size: medium;\"><strong><a name=b1>C.T.M. ARTXANDAKO<\/a><\/strong> <\/span>\r\n<ul>\r\n \t<li>Direcci\u00f3n: CP  Gabriel Aresti. Errekalde Plaza 3<\/li>\r\n \t<li>Localidad: 48002 Bilbao (Bizkaia)<\/li>\r\n \t<li>Web: <a href=\"http:\/\/www.artxandako.com\">www.artxandako.com<\/a><\/li>\r\n \t<li>E-mail: <a href=\"mailto:artxandakomt@gmail.com\">artxandakomt@gmail.com <\/a><\/li>\r\n<\/ul>\r\n<\/td>\r\n<\/tr>\r\n\r\n<tr>\r\n<td>\r\n<center><img decoding=\"async\" src=\"https:\/\/mahaitenis.com\/es\/wp-content\/uploads\/2017\/10\/logobasauri.jpg\" alt=\"\" width=\"200\" class=\"alignnone size-medium wp-image-144\" \/><\/center>\r\n<\/td>\r\n<td>\r\n&nbsp;&nbsp;&nbsp;&nbsp;\r\n<\/td>\r\n<td>\r\n<span style=\"font-size: medium;\"><strong><a name=b2>C.T.M. BASAURI<\/a><\/strong> <\/span>\r\n<ul>\r\n \t<li>Direcci\u00f3n: Polideportivo Artunduaga. Barrio Artunduaga s\/n. Buz\u00f3n 15.<\/li>\r\n \t<li>Localidad: 48970 Basauri (Bizkaia)<\/li>\r\n \t<li>Delegado: Claudio Izquierdo &#8211; 609235540<\/li>\r\n \t<li>Web: <a href=\"http:\/\/www.ctmbasauri.com\">www.ctmbasauri.com<\/a><\/li>\r\n \t<li>E-mail: <a href=\"mailto:info@ctmbasauri.com\">info@ctmbasauri.com<\/a><\/li>\r\n<\/ul>\r\n<\/td>\r\n<\/tr>\r\n\r\n<tr>\r\n<td>\r\n<center><img decoding=\"async\" src=\"https:\/\/mahaitenis.com\/es\/wp-content\/uploads\/2017\/10\/IMG_20170203_204244.jpg\" alt=\"\" width=\"200\" class=\"alignnone size-medium wp-image-144\" \/><\/center>\r\n<\/td>\r\n<td>\r\n&nbsp;&nbsp;&nbsp;&nbsp;\r\n<\/td>\r\n<td>\r\n<span style=\"font-size: medium;\"><strong><a name=b3>FEKOOR T.M.<\/a><\/strong> <\/span>\r\n<ul>\r\n \t<li>Direcci\u00f3n: Polideportivo San Ignacio.  Arturo Campi\u00f3n, 8<\/li>\r\n \t<li>Localidad: 48015 Bilbao (Bizkaia)<\/li>\r\n \t<li>Delegado: Iker Sastre 687459538<\/li>\r\n \t<li>Web: <a href=\"http:\/\/fekoortenisdemesa.wordpress.com\">fekoortenisdemesa.wordpress.com<\/a><\/li>\r\n \t<li>E-mail: <a href=\"mailto:ikersastre@hotmail.com\">ikersastre@hotmail.com <\/a><\/li>\r\n<\/ul>\r\n<\/td>\r\n<\/tr>\r\n\r\n<tr>\r\n<td>\r\n<center><img decoding=\"async\" src=\"https:\/\/mahaitenis.com\/es\/wp-content\/uploads\/2017\/10\/gure-talde-V5-300x212.jpg\" alt=\"\" width=\"200\" class=\"alignnone size-medium wp-image-144\" srcset=\"https:\/\/mahaitenis.com\/es\/wp-content\/uploads\/2017\/10\/gure-talde-V5-300x212.jpg 300w, https:\/\/mahaitenis.com\/es\/wp-content\/uploads\/2017\/10\/gure-talde-V5-768x544.jpg 768w, https:\/\/mahaitenis.com\/es\/wp-content\/uploads\/2017\/10\/gure-talde-V5.jpg 877w\" sizes=\"(max-width: 300px) 100vw, 300px\" \/><\/center>\r\n<\/td>\r\n<td>\r\n&nbsp;&nbsp;&nbsp;&nbsp;\r\n<\/td>\r\n<td>\r\n<span style=\"font-size: medium;\"><strong><a name=b4>GURETALDE<\/a><\/strong> <\/span>\r\n<ul>\r\n \t<li>Direcci\u00f3n: Polideportivo Zubi Alde. Mart\u00edn Fern\u00e1ndez Villar\u00e1n, 2<\/li>\r\n \t<li>Localidad: 48920 Portugalete (Bizkaia)<\/li>\r\n \t<li>Delegado: Patricio Jorge Gonzalez 619913174<\/li> \r\n \t<li>Web: <a href=\"http:\/\/www.guretalde.net\">www.guretalde.net<\/a><\/li>\r\n \t<li>E-mail: <a href=\"mailto:info@guretalde.net\">info@guretalde.net<\/a><\/li>\r\n<\/ul>\r\n<\/td>\r\n<\/tr>\r\n\r\n<tr>\r\n<td>\r\n\r\n<\/td>\r\n<td>\r\n&nbsp;&nbsp;&nbsp;&nbsp;\r\n<\/td>\r\n<td>\r\n<span style=\"font-size: medium;\"><strong><a name=b5>C.D.T.M. CANTARRANA DE MUSKIZ<\/a><\/strong> <\/span>\r\n<ul>\r\n \t<li>Direcci\u00f3n: COLEGIO CANTARRANA, MEMEREA<\/li>\r\n \t<li>Localidad: Muskiz (Bizkaia)<\/li>\r\n \t<li>Delegado: Lorenzo Mateos 615742454<\/li>\r\n \t<li>Web: <a href=\"http:\/\/\"><\/a><\/li>\r\n \t<li>E-mail: <a href=\"mailto:lomolinero@gmail.com\">lomolinero@gmail.com<\/a><\/li>\r\n<\/ul>\r\n<\/td>\r\n<\/tr>\r\n\r\n<tr>\r\n<td>\r\n<center><img decoding=\"async\" src=\"https:\/\/mahaitenis.com\/es\/wp-content\/uploads\/2017\/10\/PE\u00d1ASKAL.jpg\" alt=\"\" width=\"200\" class=\"alignnone size-medium wp-image-144\" \/><\/center>\r\n<\/td>\r\n<td>\r\n&nbsp;&nbsp;&nbsp;&nbsp;\r\n<\/td>\r\n<td>\r\n<span style=\"font-size: medium;\"><strong><a name=b6>T.M. PE\u00d1ASKAL<\/a><\/strong> <\/span>\r\n<ul>\r\n \t<li>Direcci\u00f3n: Polideportivo El Fango, Errekalde-Larraskitu Errepidea, 53 <\/li>\r\n \t<li>Localidad: 48002 Bilbao (Bizkaia)<\/li>\r\n \t<li>Delegado: Lorenzo Mateos 615742454<\/li>\r\n \t<li>Web: <a href=\"http:\/\/www.tmpenaskal.com\">www.tmpenaskal.com<\/a><\/li>\r\n \t<li>E-mail: <a href=\"mailto:lomolinero@gmail.com\">lomolinero@gmail.com<\/a><\/li>\r\n<\/ul>\r\n<\/td>\r\n<\/tr>\r\n\r\n<tr>\r\n<td>\r\n<center><img decoding=\"async\" src=\"https:\/\/mahaitenis.com\/es\/wp-content\/uploads\/2021\/01\/logo_abadino.jpg\" alt=\"\" width=\"200\" class=\"alignnone size-medium wp-image-144\" \/><\/center>\r\n<\/td>\r\n<td>\r\n&nbsp;&nbsp;&nbsp;&nbsp;\r\n<\/td>\r\n<td>\r\n<span style=\"font-size: medium;\"><strong><a name=b8>C.T.M. ABADI\u00d1O<\/a><\/strong> <\/span>\r\n<ul>\r\n\t<li>Direcci\u00f3n: Fronton Municipal Matiena. Plaza Tra\u00f1a s\/n. <\/li>\r\n \t<li>Localidad: 48220 Abadi\u00f1o (Bizkaia)<\/li>\r\n \t<li>Delegado: Primi 620937996<\/li>\r\n \t<li>Web: <a href=\"https:\/\/www.facebook.com\/Ctm-Abadi%C3%B1o-Abadi%C3%B1o-100982698488519\/\">FACEBOOK<\/a><\/li>\r\n \t<li>E-mail: <a href=\"mailto:ctmabadiano@hotmail.com\">ctmabadiano@hotmail.com<\/a><\/li>\r\n<\/ul>\r\n<\/td>\r\n<\/tr>\r\n\r\n<tr>\r\n<td>\r\n<center><img decoding=\"async\" src=\"https:\/\/mahaitenis.com\/es\/wp-content\/uploads\/2020\/08\/BETIPREST.jpg\" alt=\"\" width=\"200\" class=\"alignnone size-medium wp-image-144\" \/><\/center>\r\n<\/td>\r\n<td>\r\n&nbsp;&nbsp;&nbsp;&nbsp;\r\n<\/td>\r\n<td>\r\n<span style=\"font-size: medium;\"><strong><a name=b11>C.D. BETI PREST MTK<\/a><\/strong> <\/span>\r\n<ul>\r\n \t<li>Direcci\u00f3n: Polideportivo Urreta, Bizkai Kalea, 44 <\/li>\r\n \t<li>Localidad: 48960 Galdakao (Bizkaia)<\/li>\r\n \t<li>Delegado: Ines Arana 630664417 \/ 619204740 <\/li>\r\n \t<li>Web: <a href=\"\"><\/a><\/li>\r\n \t<li>E-mail: <a href=\"mailto:betiprestmtk@gmail.com\">betiprestmtk@gmail.com<\/a><\/li>\r\n<\/ul>\r\n<\/td>\r\n<\/tr>\r\n\r\n<tr>\r\n<td>\r\n<center><img decoding=\"async\" src=\"https:\/\/mahaitenis.com\/es\/wp-content\/uploads\/2021\/09\/los_chopos.jpeg\" alt=\"\" width=\"200\" class=\"alignnone size-medium wp-image-144\" \/><\/center>\r\n<\/td>\r\n<td>\r\n&nbsp;&nbsp;&nbsp;&nbsp;\r\n<\/td>\r\n<td>\r\n<span style=\"font-size: medium;\"><strong><a name=b12>C.T.M. LOS CHOPOS DE GETXO M.T.K.<\/a><\/strong> <\/span>\r\n<ul>\r\n \t<li>Direcci\u00f3n: Polideportivo Fadura. Los Chopos Etorbidea, 60 (Front\u00f3n 2)<\/li>\r\n \t<li>Localidad: 48992 Getxo (Bizkaia)<\/li>\r\n \t<li>Delegado: Jokin 678061144 <\/li>\r\n \t<li>Web: <a href=\"http:\/\/\"><\/a><\/li>\r\n \t<li>E-mail: <a href=\"mailto:getxotdm@gmail.com\">getxotdm@gmail.com<\/a><\/li>\r\n<\/ul>\r\n<\/td>\r\n<\/tr>\r\n\r\n<\/table>","protected":false},"excerpt":{"rendered":"<p>C.T.M. ARTXANDAKO | C.T.M. BASAURI | FEKOOR T.M. | GURETALDE M.T. | T.M. MUSKIZ | PE\u00d1ASKAL T.M. | C.T.M. ABADI\u00d1O | C.D. BETI PREST MTKC.T.M. LOS CHOPOS DE GETXO M.T.K. &nbsp; &nbsp;&nbsp;&nbsp;&nbsp; C.T.M. ARTXANDAKO Direcci\u00f3n: CP Gabriel Aresti. Errekalde Plaza 3 Localidad: 48002 Bilbao (Bizkaia) Web: www.artxandako.com E-mail: artxandakomt@gmail.com &nbsp;&nbsp;&nbsp;&nbsp; C.T.M. BASAURI Direcci\u00f3n: Polideportivo Artunduaga. [&hellip;]<\/p>\n","protected":false},"author":1,"featured_media":0,"parent":0,"menu_order":0,"comment_status":"closed","ping_status":"closed","template":"","meta":{"footnotes":""},"class_list":["post-47","page","type-page","status-publish","hentry"],"_links":{"self":[{"href":"https:\/\/mahaitenis.com\/es\/index.php\/wp-json\/wp\/v2\/pages\/47","targetHints":{"allow":["GET"]}}],"collection":[{"href":"https:\/\/mahaitenis.com\/es\/index.php\/wp-json\/wp\/v2\/pages"}],"about":[{"href":"https:\/\/mahaitenis.com\/es\/index.php\/wp-json\/wp\/v2\/types\/page"}],"author":[{"embeddable":true,"href":"https:\/\/mahaitenis.com\/es\/index.php\/wp-json\/wp\/v2\/users\/1"}],"replies":[{"embeddable":true,"href":"https:\/\/mahaitenis.com\/es\/index.php\/wp-json\/wp\/v2\/comments?post=47"}],"version-history":[{"count":55,"href":"https:\/\/mahaitenis.com\/es\/index.php\/wp-json\/wp\/v2\/pages\/47\/revisions"}],"predecessor-version":[{"id":4747,"href":"https:\/\/mahaitenis.com\/es\/index.php\/wp-json\/wp\/v2\/pages\/47\/revisions\/4747"}],"wp:attachment":[{"href":"https:\/\/mahaitenis.com\/es\/index.php\/wp-json\/wp\/v2\/media?parent=47"}],"curies":[{"name":"wp","href":"https:\/\/api.w.org\/{rel}","templated":true}]}}