{"id":49,"date":"2017-10-04T06:02:40","date_gmt":"2017-10-04T06:02:40","guid":{"rendered":"http:\/\/mahaitenis.com\/es\/?page_id=49"},"modified":"2025-09-25T12:43:24","modified_gmt":"2025-09-25T12:43:24","slug":"gipuzkoa","status":"publish","type":"page","link":"https:\/\/mahaitenis.com\/es\/index.php\/gipuzkoa\/","title":{"rendered":"Gipuzkoa"},"content":{"rendered":"<table border=0 width=100%>\r\n<tr>\r\n<td  colspan=3><center> <a href=#g3>ATL. SAN SEBASTI\u00c1N<\/a> | <a href=#g4>C.D. FORTUNA<\/a>  | <a href=#g2>MARPEX BERAUN ERRENTERIA<\/a> | <a href=#g1>LEKA ENEA T.M.<\/a> | <a href=#g5>SCD OARGI<\/a> <\/center>\r\n<\/td>\r\n<\/tr>\r\n\r\n<tr>\r\n<td  colspan=3><center> &nbsp; <\/center>\r\n<\/td>\r\n<\/tr>\r\n\r\n<tr>\r\n<td>\r\n<center><img decoding=\"async\" src=\"https:\/\/mahaitenis.com\/es\/wp-content\/uploads\/2017\/10\/escudo-atletico-ss.jpg\" alt=\"\" width=\"100\" class=\"alignnone size-medium wp-image-144\" \/><\/center>\r\n<\/td>\r\n<td>\r\n&nbsp;&nbsp;&nbsp;&nbsp;\r\n<\/td>\r\n<td>\r\n<span style=\"font-size: medium;\"><strong><a name=g3>ATLETICO SAN SEBASTI\u00c1N<\/a><\/strong> <\/span>\r\n<ul>\r\n \t<li>Direcci\u00f3n: Polideportivo Aiete. Paseo de las Aves n\u00ba 5 <\/li>\r\n \t<li>Localidad: 20009 Donostia (Gipuzkoa)<\/li>\r\n \t<li>Delegado: Santiago Mendirichaga. atsstmdelegado@gmail.com<\/li>\r\n \t<li>Web: <a href=\"http:\/\/atleticosansebastian.com\/tenis-de-mesa\/\">http:\/\/atleticosansebastian.com\/tenis-de-mesa\/<\/a><\/li>         .\r\n<\/ul>\r\n<\/td>\r\n<\/tr>\r\n\r\n<!--tr>\r\n<td>\r\n<center><img decoding=\"async\" src=\"https:\/\/mahaitenis.com\/es\/wp-content\/uploads\/2017\/10\/BIDEGORRI-logo.jpg\" alt=\"\" width=\"200\" class=\"alignnone size-medium wp-image-144\" \/><\/center>\r\n<\/td>\r\n<td>\r\n&nbsp;&nbsp;&nbsp;&nbsp;\r\n<\/td>\r\n<td>\r\n<span style=\"font-size: medium;\"><strong><a name=g7>C.D. BIDEGORRI T.M.<\/a><\/strong> <\/span>\r\n<ul>\r\n \t<li>Direcci\u00f3n: Centro de Tecnificaci\u00f3n SONIA ETXAZARRETA. Olaketa kalea, 25. <\/li>\r\n \t<li>Localidad: 20303 Ir\u00fan (Gipuzkoa)<\/li>\r\n \t<li>Delegado: Carlos Fern\u00e1ndez. Tfno: 639429082<\/li>\r\n \t<li>E-mail: <a href=\"mailto:calufea@yahoo.es\">calufea@yahoo.es<\/a><\/li>\r\n<\/ul>\r\n<\/td>\r\n<\/tr-->\r\n\r\n\r\n<tr>\r\n<td>\r\n<center><img decoding=\"async\" src=\"https:\/\/mahaitenis.com\/es\/wp-content\/uploads\/2017\/10\/Fortuna.png\" alt=\"\" width=\"200\" class=\"alignnone size-medium wp-image-144\" \/><\/center>\r\n<\/td>\r\n<td>\r\n&nbsp;&nbsp;&nbsp;&nbsp;\r\n<\/td>\r\n<td>\r\n<span style=\"font-size: medium;\"><strong><a name=g4>C.D. FORTUNA<\/a><\/strong> <\/span>\r\n<ul>\r\n \t<li>Direcci\u00f3n:Polideportivo Pio Baroja.  P\u00edo Baroja Pasalekua, 47.  <\/li>\r\n \t<li>Localidad: 20008 Donostia (Gipuzkoa)<\/li>\r\n \t<li>Delegado: Alexei Emeliyanov   626212908.  tenisdemesa@cdfortunake.com<\/li>\r\n \t<li>Web: <a href=\"http:\/\/www.cdfortunake.com\/es\/secciones\/tenis-de-mesa.html\"> http:\/\/www.cdfortunake.com\/es\/secciones\/tenis-de-mesa.html<\/a><\/li>\r\n<\/ul>\r\n<\/td>\r\n<\/tr>\r\n\r\n\r\n<!--tr>\r\n<td>\r\n<center><img decoding=\"async\" src=\"https:\/\/mahaitenis.com\/es\/wp-content\/uploads\/2017\/10\/Escudo-INTER.png\" alt=\"\" width=\"100\" class=\"alignnone size-medium wp-image-144\" \/><\/center>\r\n<\/td>\r\n<td>\r\n&nbsp;&nbsp;&nbsp;&nbsp;\r\n<\/td>\r\n<td>\r\n<span style=\"font-size: medium;\"><strong><a name=g6>INTERNACIONAL DE INTXAURRONDO<\/a><\/strong> <\/span>\r\n<ul>\r\n \t<li>Direcci\u00f3n: Fronton Paseo de Txaparrene  s\/n. <\/li>\r\n \t<li>Localidad: 20015 Donostia (Gipuzkoa)<\/li>\r\n \t<li>Delegado: Pedro Tapias   626558282. kerus.pt@gmail.com<\/li>\r\n \t<li><\/li>\r\n<\/ul>\r\n<\/td>\r\n<\/tr-->\r\n\r\n<tr>\r\n<td>\r\n<center><img decoding=\"async\" src=\"https:\/\/mahaitenis.com\/es\/wp-content\/uploads\/2017\/10\/Beraun.png\" alt=\"\" width=\"200\" class=\"alignnone size-medium wp-image-144\" \/><\/center>\r\n<\/td>\r\n<td>\r\n&nbsp;&nbsp;&nbsp;&nbsp;\r\n<\/td>\r\n<td>\r\n<span style=\"font-size: medium;\"><strong><a name=g2>MARPEX BERAUN ERRENTERIA<\/a><\/strong> <\/span>\r\n<ul>\r\n \t<li>Direcci\u00f3n: C.P. Gam\u00f3n. Sorgintzulo Kalea, 6<\/li>\r\n \t<li>Localidad: 20100 Errenteria (Gipuzkoa) <\/li>\r\n \t<li>Delegado: Javier Cort\u00e9s 608357706<\/li>\r\n \t<li>E-mail: <a href=\"mailto:plumas95@hotmail.com\">plumas95@hotmail.com <\/a><\/li>\r\n \t<li>Web: <a href=\"http:\/\/www.beraunerrenteria.com\/\"> http:\/\/www.beraunerrenteria.com\/<\/a><\/li>\r\n<\/ul>\r\n<\/td>\r\n<\/tr>\r\n\r\n<tr>\r\n<td width=30%>\r\n<center><img decoding=\"async\" src=\"https:\/\/mahaitenis.com\/es\/wp-content\/uploads\/2017\/10\/LekaEnea.png\" alt=\"\" width=\"200\" class=\"alignnone size-medium wp-image-144\" \/><\/center>\r\n<\/td>\r\n<td width=2%>\r\n&nbsp;&nbsp;&nbsp;&nbsp;\r\n<\/td>\r\n<td width=68%>\r\n<span style=\"font-size: medium;\"><strong><a name=g1>LEKA ENEA T.M.<\/a><\/strong> <\/span>\r\n<ul>\r\n \t<li>Direcci\u00f3n: Centro de Tecnificaci\u00f3n SONIA ETXAZARRETA. Olaketa kalea, 25. <\/li>\r\n \t<li>Localidad: 20303 Ir\u00fan (Gipuzkoa)<\/li>\r\n \t<li>Delegado: Jes\u00fas G\u00f3mez Tel\u00e9fono: 626212908<\/li>\r\n \t<li>Web: <a href=\"http:\/\/www.lekaeneatm.com\">www.lekaeneatm.com<\/a><\/li>\r\n \t<li>E-mail: <a href=\"mailto:leka_enea@yahoo.es\">leka_enea@yahoo.es<\/a><\/li>\r\n<\/ul>\r\n<\/td>\r\n<\/tr>\r\n\r\n<tr>\r\n<td>\r\n<center><img decoding=\"async\" src=\"https:\/\/mahaitenis.com\/es\/wp-content\/uploads\/2017\/10\/Escudo-OARGI.jpg\" alt=\"\" width=\"100\" class=\"alignnone size-medium wp-image-144\" \/><\/center>\r\n<\/td>\r\n<td>\r\n&nbsp;&nbsp;&nbsp;&nbsp;\r\n<\/td>\r\n<td>\r\n<span style=\"font-size: medium;\"><strong><a name=g5>SCD OARGI<\/a><\/strong> <\/span>\r\n<ul>\r\n \t<li>Direcci\u00f3n: Polideportivo Usabal. Usabal, 25 A <\/li>\r\n \t<li>Localidad: 20400 Tolosa (Gipuzkoa)<\/li>\r\n \t<li>Delegado: Koldo Viadas Aizpurua. 699702606  koldo.smartphone@gmail.com<\/li>\r\n \t<li>E-mail: <a href=\"mailto:oargitenisdemesa@gmail.com\">oargitenisdemesa@gmail.com<\/a><\/li>\r\n<\/ul>\r\n<\/td>\r\n<\/tr>\r\n\r\n<\/table>\r\n","protected":false},"excerpt":{"rendered":"<p>ATL. SAN SEBASTI\u00c1N | C.D. FORTUNA | MARPEX BERAUN ERRENTERIA | LEKA ENEA T.M. | SCD OARGI &nbsp; &nbsp;&nbsp;&nbsp;&nbsp; ATLETICO SAN SEBASTI\u00c1N Direcci\u00f3n: Polideportivo Aiete. Paseo de las Aves n\u00ba 5 Localidad: 20009 Donostia (Gipuzkoa) Delegado: Santiago Mendirichaga. atsstmdelegado@gmail.com Web: http:\/\/atleticosansebastian.com\/tenis-de-mesa\/ . &nbsp;&nbsp;&nbsp;&nbsp; C.D. FORTUNA Direcci\u00f3n:Polideportivo Pio Baroja. P\u00edo Baroja Pasalekua, 47. Localidad: 20008 Donostia [&hellip;]<\/p>\n","protected":false},"author":1,"featured_media":0,"parent":0,"menu_order":0,"comment_status":"closed","ping_status":"closed","template":"","meta":{"footnotes":""},"class_list":["post-49","page","type-page","status-publish","hentry"],"_links":{"self":[{"href":"https:\/\/mahaitenis.com\/es\/index.php\/wp-json\/wp\/v2\/pages\/49","targetHints":{"allow":["GET"]}}],"collection":[{"href":"https:\/\/mahaitenis.com\/es\/index.php\/wp-json\/wp\/v2\/pages"}],"about":[{"href":"https:\/\/mahaitenis.com\/es\/index.php\/wp-json\/wp\/v2\/types\/page"}],"author":[{"embeddable":true,"href":"https:\/\/mahaitenis.com\/es\/index.php\/wp-json\/wp\/v2\/users\/1"}],"replies":[{"embeddable":true,"href":"https:\/\/mahaitenis.com\/es\/index.php\/wp-json\/wp\/v2\/comments?post=49"}],"version-history":[{"count":40,"href":"https:\/\/mahaitenis.com\/es\/index.php\/wp-json\/wp\/v2\/pages\/49\/revisions"}],"predecessor-version":[{"id":6194,"href":"https:\/\/mahaitenis.com\/es\/index.php\/wp-json\/wp\/v2\/pages\/49\/revisions\/6194"}],"wp:attachment":[{"href":"https:\/\/mahaitenis.com\/es\/index.php\/wp-json\/wp\/v2\/media?parent=49"}],"curies":[{"name":"wp","href":"https:\/\/api.w.org\/{rel}","templated":true}]}}