{"id":51,"date":"2017-10-04T06:02:49","date_gmt":"2017-10-04T06:02:49","guid":{"rendered":"http:\/\/mahaitenis.com\/es\/?page_id=51"},"modified":"2025-08-04T11:14:26","modified_gmt":"2025-08-04T11:14:26","slug":"araba","status":"publish","type":"page","link":"https:\/\/mahaitenis.com\/es\/index.php\/araba\/","title":{"rendered":"Araba"},"content":{"rendered":"<table border=0 width=100%>\r\n<tr>\r\n<td  colspan=3><center> <a href=#a1>C.D. GAZTEIZ TENIS DE MESA<\/a> | <a href=#a2>C.D.T.M. LAUTARO<\/a> | <a href=#a3>CTM GAILAK<\/a>  | <a href=#a4>C.D. ZUZENAK<\/a> <\/center>\r\n<\/td>\r\n<\/tr>\r\n\r\n<tr>\r\n<td  colspan=3><center> &nbsp; <\/center>\r\n<\/td>\r\n<\/tr>\r\n\r\n<tr>\r\n<td witdh=30%>\r\n<center><img decoding=\"async\" src=\"https:\/\/mahaitenis.com\/es\/wp-content\/uploads\/2017\/10\/logo-gasteiz-2.jpg\" alt=\"\" width=\"200\" class=\"alignnone size-medium wp-image-144\" \/><\/center>\r\n<\/td>\r\n<td width=2%>\r\n&nbsp;&nbsp;&nbsp;&nbsp;\r\n<\/td>\r\n<td width=68%>\r\n<span style=\"font-size: medium;\"><strong><a name=a1>C.D. GAZTEIZ TENIS DE MESA<\/a><\/strong> <\/span>\r\n<ul>\r\n \t<li>Direcci\u00f3n: Centro C\u00edvico Arriaga. Francisco Javier de Landaburu 9 \u2013 A. <\/li>\r\n \t<li>Localidad: 01010 Vitoria-Gasteiz (Araba)<\/li>\r\n \t<li>Delegado: Rub\u00e9n Martinez G\u00f3mez 676768239<\/li>\r\n \t<li>E-mail: <a href=\"mailto:adgasteiz@yahoo.es\">adgasteiz@yahoo.es<\/a><\/li>\r\n<\/ul>\r\n<\/td>\r\n<\/tr>\r\n\r\n<tr>\r\n<td>\r\n<center><img decoding=\"async\" src=\"https:\/\/mahaitenis.com\/es\/wp-content\/uploads\/2017\/10\/Logo-LAUTARO.jpg\" alt=\"\" width=\"200\" class=\"alignnone size-medium wp-image-144\" \/><\/center>\r\n<\/td>\r\n<td>\r\n&nbsp;&nbsp;&nbsp;&nbsp;\r\n<\/td>\r\n<td>\r\n<span style=\"font-size: medium;\"><strong><a name=a2>C.D.T.M. LAUTARO<\/a><\/strong> <\/span>\r\n<ul>\r\n \t<li>Direcci\u00f3n: Polideportivo Sansomendi. Senda de los Echanove s\/n.<\/li>\r\n \t<li>Localidad: 01010 Vitoria-Gasteiz (Araba) <\/li>\r\n \t<li>E-mail: <a href=\"mailto:cdtmlautaro@gmail.com\">cdtmlautaro@gmail.com<\/a><\/li>\r\n \t<li>E-mail: <a href=\"mailto:cursoslautaro@hotmail.com\">cursoslautaro@hotmail.com<\/a><\/li>\r\n<\/ul>\r\n<\/td>\r\n<\/tr>\r\n\r\n<tr>\r\n<td>\r\n<center><img decoding=\"async\" src=\"https:\/\/mahaitenis.com\/es\/wp-content\/uploads\/2019\/07\/GAILAK-TM2.jpg\" alt=\"\" width=\"200\" class=\"alignnone size-medium wp-image-144\" \/><\/center>\r\n<\/td>\r\n<td>\r\n&nbsp;&nbsp;&nbsp;&nbsp;\r\n<\/td>\r\n<td>\r\n<span style=\"font-size: medium;\"><strong><a name=a3>CTM GAILAK<\/a><\/strong> <\/span>\r\n<ul>\r\n \t<li>Direcci\u00f3n: Centro C\u00edvico Hegoalde. Alberto Schommer, 10. <\/li>\r\n \t<li>Localidad: 01006 Vitoria-Gasteiz (Araba)<\/li>\r\n \t<li>Delegado: Erlantz Fonseca 667827189<\/li>\r\n \t<li>E-mail: <a href=\"mailto:gailak.tenisdemesa@gmail.com\">gailak.tenisdemesa@gmail.com <\/a><\/li>\r\n<\/ul>\r\n<\/td>\r\n<\/tr>\r\n\r\n<tr>\r\n<td>\r\n<center><img decoding=\"async\" src=\"https:\/\/mahaitenis.com\/es\/wp-content\/uploads\/2017\/10\/zuzenak-tenismesa.jpg\" alt=\"\" width=\"200\" class=\"alignnone size-medium wp-image-144\" \/><\/center>\r\n<\/td>\r\n<td>\r\n&nbsp;&nbsp;&nbsp;&nbsp;\r\n<\/td>\r\n<td>\r\n<span style=\"font-size: medium;\"><strong><a name=a4>C.D. ZUZENAK <\/a><\/strong> <\/span>\r\n<ul>\r\n \t<li>Direcci\u00f3n:  C\/Gabriel Celaya n\u00ba 15 <\/li>\r\n \t<li>Localidad: 01010 Vitoria-Gasteiz (Araba)<\/li>\r\n \t<li>Tel\u00e9fono: 945060013<\/li>\r\n \t<li>Web: <a href=\"http:\/\/www.zuzenak.com\/\">www.zuzenak.com<\/a><\/li>\r\n \t<li>E-mail: <a href=\"mailto:deportes@zuzenak.com\">deportes@zuzenak.com<\/a><\/li>\r\n \t<li>SOLO DEPORTE ADAPTADO<\/li>\r\n<\/ul>\r\n<\/td>\r\n<\/tr>\r\n\r\n\r\n<\/table>","protected":false},"excerpt":{"rendered":"<p>C.D. GAZTEIZ TENIS DE MESA | C.D.T.M. LAUTARO | CTM GAILAK | C.D. ZUZENAK &nbsp; &nbsp;&nbsp;&nbsp;&nbsp; C.D. GAZTEIZ TENIS DE MESA Direcci\u00f3n: Centro C\u00edvico Arriaga. Francisco Javier de Landaburu 9 \u2013 A. Localidad: 01010 Vitoria-Gasteiz (Araba) Delegado: Rub\u00e9n Martinez G\u00f3mez 676768239 E-mail: adgasteiz@yahoo.es &nbsp;&nbsp;&nbsp;&nbsp; C.D.T.M. LAUTARO Direcci\u00f3n: Polideportivo Sansomendi. Senda de los Echanove s\/n. Localidad: [&hellip;]<\/p>\n","protected":false},"author":1,"featured_media":0,"parent":0,"menu_order":0,"comment_status":"closed","ping_status":"closed","template":"","meta":{"footnotes":""},"class_list":["post-51","page","type-page","status-publish","hentry"],"_links":{"self":[{"href":"https:\/\/mahaitenis.com\/es\/index.php\/wp-json\/wp\/v2\/pages\/51","targetHints":{"allow":["GET"]}}],"collection":[{"href":"https:\/\/mahaitenis.com\/es\/index.php\/wp-json\/wp\/v2\/pages"}],"about":[{"href":"https:\/\/mahaitenis.com\/es\/index.php\/wp-json\/wp\/v2\/types\/page"}],"author":[{"embeddable":true,"href":"https:\/\/mahaitenis.com\/es\/index.php\/wp-json\/wp\/v2\/users\/1"}],"replies":[{"embeddable":true,"href":"https:\/\/mahaitenis.com\/es\/index.php\/wp-json\/wp\/v2\/comments?post=51"}],"version-history":[{"count":30,"href":"https:\/\/mahaitenis.com\/es\/index.php\/wp-json\/wp\/v2\/pages\/51\/revisions"}],"predecessor-version":[{"id":6054,"href":"https:\/\/mahaitenis.com\/es\/index.php\/wp-json\/wp\/v2\/pages\/51\/revisions\/6054"}],"wp:attachment":[{"href":"https:\/\/mahaitenis.com\/es\/index.php\/wp-json\/wp\/v2\/media?parent=51"}],"curies":[{"name":"wp","href":"https:\/\/api.w.org\/{rel}","templated":true}]}}