{"id":694,"date":"2017-10-19T11:27:05","date_gmt":"2017-10-19T11:27:05","guid":{"rendered":"http:\/\/mahaitenis.com\/es\/?page_id=694"},"modified":"2018-03-11T17:37:56","modified_gmt":"2018-03-11T17:37:56","slug":"torneos-internacionales","status":"publish","type":"page","link":"https:\/\/mahaitenis.com\/es\/index.php\/torneos-internacionales\/","title":{"rendered":"Torneos Internacionales"},"content":{"rendered":"<strong>JUNIOR Y SENIOR<\/strong>\r\n<ul>\r\n<li style=\"padding-left: 30px;\">Spanish Open Almer\u00eda . 22-26 noviembre 2017<\/li>\r\n<li style=\"padding-left: 30px;\">Open Finlandia absoluto. 7-10 diciembre 2017<\/li>\r\n<li style=\"padding-left: 30px;\">World Tour Hungarian Open.  18-21 enero 2018<\/li>\r\n<li style=\"padding-left: 30px;\">Open Espa\u00f1a Absoluto Guadalajara.  28 marzo-1 abril 2018<\/li>\r\n<li style=\"padding-left: 30px;\">Torneo Internacional (TIC) de Catalu\u00f1a Benjam\u00edn y Alev\u00edn.  30 marzo-1 abril 2018<\/li>\r\n<li style=\"padding-left: 30px;\">Open Croacia Absoluto.  10-14 abril 2018<\/li>\r\n<li style=\"padding-left: 30px;\">Open B\u00e9lgica Junior y Cadet.  18-22 abril 2018<\/li>\r\n<li style=\"padding-left: 30px;\">Open Espa\u00f1a Junior Platja D\u00b4Aro.  9-13 mayo 2018<\/li>\r\n<li style=\"padding-left: 30px;\">Open Croacia Cadete y Junior.  12-16 septiembre 2018<\/li>\r\n<li style=\"padding-left: 30px;\">Open Hungria Cadete y Junior.  7-11 noviembre 2018<\/li>\r\n<li style=\"padding-left: 30px;\">Open Portugal Cadete y Junior.  14-18 noviembre 2018<\/li>\r\n<\/ul>\r\n<br> \r\n\r\n<strong>DEPORTE ADAPTADO<\/strong>\r\n<ul>\r\n<li style=\"padding-left: 30px;\">PTT Spanish Open F40 (Almer\u00eda). 8-13 noviembre 2017<\/li>\r\n<li style=\"padding-left: 30px;\">PTT Spanish Open F20 (Sant Cugat). 7-11 junio 2018<\/li>\r\n<li style=\"padding-left: 30px;\">Open de Rep\u00fablica Checa F20 (Ostrava). 20-22 septiembre 2018<\/li>\r\n<li style=\"padding-left: 30px;\">PTT Spanish Open F40 (Almer\u00eda). 15-18 noviembre 2018<\/li>\r\n<\/ul>\r\n<br>\r\n\r\n\r\n \t\r\n<div align=\"right\"><a href=\"https:\/\/mahaitenis.com\/es\/index.php\/competiciones-internacionales\/\"  style=\"text-decoration:none\">< Volver <\/div><\/a>","protected":false},"excerpt":{"rendered":"<p>JUNIOR Y SENIOR Spanish Open Almer\u00eda . 22-26 noviembre 2017 Open Finlandia absoluto. 7-10 diciembre 2017 World Tour Hungarian Open. 18-21 enero 2018 Open Espa\u00f1a Absoluto Guadalajara. 28 marzo-1 abril 2018 Torneo Internacional (TIC) de Catalu\u00f1a Benjam\u00edn y Alev\u00edn. 30 marzo-1 abril 2018 Open Croacia Absoluto. 10-14 abril 2018 Open B\u00e9lgica Junior y Cadet. 18-22 [&hellip;]<\/p>\n","protected":false},"author":1,"featured_media":0,"parent":0,"menu_order":0,"comment_status":"closed","ping_status":"closed","template":"","meta":{"footnotes":""},"class_list":["post-694","page","type-page","status-publish","hentry"],"_links":{"self":[{"href":"https:\/\/mahaitenis.com\/es\/index.php\/wp-json\/wp\/v2\/pages\/694","targetHints":{"allow":["GET"]}}],"collection":[{"href":"https:\/\/mahaitenis.com\/es\/index.php\/wp-json\/wp\/v2\/pages"}],"about":[{"href":"https:\/\/mahaitenis.com\/es\/index.php\/wp-json\/wp\/v2\/types\/page"}],"author":[{"embeddable":true,"href":"https:\/\/mahaitenis.com\/es\/index.php\/wp-json\/wp\/v2\/users\/1"}],"replies":[{"embeddable":true,"href":"https:\/\/mahaitenis.com\/es\/index.php\/wp-json\/wp\/v2\/comments?post=694"}],"version-history":[{"count":5,"href":"https:\/\/mahaitenis.com\/es\/index.php\/wp-json\/wp\/v2\/pages\/694\/revisions"}],"predecessor-version":[{"id":1305,"href":"https:\/\/mahaitenis.com\/es\/index.php\/wp-json\/wp\/v2\/pages\/694\/revisions\/1305"}],"wp:attachment":[{"href":"https:\/\/mahaitenis.com\/es\/index.php\/wp-json\/wp\/v2\/media?parent=694"}],"curies":[{"name":"wp","href":"https:\/\/api.w.org\/{rel}","templated":true}]}}