{"id":929,"date":"2017-10-27T04:01:05","date_gmt":"2017-10-27T04:01:05","guid":{"rendered":"http:\/\/mahaitenis.com\/es\/?page_id=929"},"modified":"2017-10-28T21:37:54","modified_gmt":"2017-10-28T21:37:54","slug":"beneficios-del-tenis-de-mesa","status":"publish","type":"page","link":"https:\/\/mahaitenis.com\/es\/index.php\/beneficios-del-tenis-de-mesa\/","title":{"rendered":"Beneficios del Tenis de Mesa"},"content":{"rendered":"<center><table border=\"0\" width=\"673\" cellspacing=\"0\" cellpadding=\"4\"><colgroup> <col width=\"665\" \/> <\/colgroup>\r\n<tbody>\r\n<tr>\r\n<td valign=\"TOP\" width=\"665\">\r\n<p align=\"JUSTIFY\"><span style=\"font-size: large;\"><i><b>Estimula la concentraci\u00f3n.<\/b><\/i><\/span><i> <\/i><span style=\"font-size: medium;\"><i>Para tomar las decisiones de golpeo de forma tan r\u00e1pida como se requiere es necesario estar atento a la pelota y el adversario para poder reaccionar.<\/i><\/span><\/p>\r\n<\/td>\r\n<\/tr>\r\n<tr>\r\n<td valign=\"TOP\" width=\"665\">\r\n<p align=\"JUSTIFY\"><span style=\"font-size: medium;\"><i>Desarrolla <\/i><\/span><span style=\"font-size: large;\"><i><b>la visi\u00f3n y coordinaci\u00f3n ojo-pelota<\/b><\/i><\/span><span style=\"font-size: medium;\"><i>, el jugador no puede perder de vista la pelota en ning\u00fan momento por lo que su atenci\u00f3n tiene que estar centrada en la pelota y transmitir la informaci\u00f3n para una r\u00e1pida respuesta de acci\u00f3n.<\/i><\/span><\/p>\r\n<\/td>\r\n<\/tr>\r\n<tr>\r\n<td valign=\"TOP\" width=\"665\">\r\n<p align=\"JUSTIFY\"><span style=\"font-size: large;\"><i><b>Mejora el equilibrio<\/b><\/i><\/span><span style=\"font-size: medium;\"><i><b>,<\/b><\/i><\/span><span style=\"font-size: medium;\"><i> ayuda a la postura corporal y reduce la posibilidad de ca\u00eddas y lesiones especialmente en personas mayores.<\/i><\/span><\/p>\r\n<\/td>\r\n<\/tr>\r\n<tr>\r\n<td valign=\"TOP\" width=\"665\">\r\n<p align=\"JUSTIFY\"><span style=\"font-size: large;\"><i><b>Desarrolla la motricidad de la mano<\/b><\/i><\/span><span style=\"font-size: large;\"><i>.<\/i><\/span><span style=\"font-size: medium;\"><i> La rapidez de los movimientos y los distintos golpes que se le dan a la pelota hace trabajar las articulaciones y m\u00fasculos de la mano y el brazo de forma r\u00e1pida, con lo que se mejora la motricidad y la agilidad corporal.<\/i><\/span><\/p>\r\n<\/td>\r\n<\/tr>\r\n<tr>\r\n<td valign=\"TOP\" width=\"665\">\r\n<p align=\"JUSTIFY\"><span style=\"font-size: large;\"><i><b>Aporta resistencia al tronco inferior y aumenta el tono muscular<\/b><\/i><\/span><span style=\"font-size: large;\"><i>.<\/i><\/span><span style=\"font-size: medium;\"><i> Aunque el movimiento alrededor de la mesa de ping pong es limitado, el juego requiere de una atenci\u00f3n constante y gran actividad por lo que las piernas est\u00e1n en continuo movimiento de un lado a otro de la zona de juego y eso hace fortalecer los m\u00fasculos y ganar resistencia.<\/i><\/span><\/p>\r\n<\/td>\r\n<\/tr>\r\n<tr>\r\n<td valign=\"TOP\" width=\"665\">\r\n<p align=\"JUSTIFY\"><span style=\"font-size: large;\"><i><b>Mejora los reflejos y la capacidad de reacci\u00f3n<\/b><\/i><\/span><span style=\"font-size: large;\"><i>.<\/i><\/span><span style=\"font-size: medium;\"><i> Se mejora la velocidad y sincronizaci\u00f3n de los movimientos por lo que se trabaja con intensidad capacidades como los reflejos o la capacidad de reacci\u00f3n y acci\u00f3n. La preparaci\u00f3n psicol\u00f3gica adquiere importancia al necesitarse un gran desarrollo y agilidad mental.<\/i><\/span><\/p>\r\n<\/td>\r\n<\/tr>\r\n<tr>\r\n<td valign=\"TOP\" width=\"665\">\r\n<p align=\"JUSTIFY\"><span style=\"font-size: large;\"><i><b>Trabaja la agilidad mental<\/b><\/i><\/span><span style=\"font-size: large;\"><i>.<\/i><\/span><span style=\"font-size: medium;\"><i> Requiere de planificaci\u00f3n estrat\u00e9gica para anteponerse a los golpes del adversario, las decisiones hay que tomarlas muy r\u00e1pido por lo que se trabaja la agilidad mental.<\/i><\/span><\/p>\r\n<\/td>\r\n<\/tr>\r\n<tr>\r\n<td valign=\"TOP\" width=\"665\">\r\n<p align=\"JUSTIFY\"><span style=\"font-size: large;\"><i><b>Mejora la salud del jugador<\/b><\/i><\/span><span style=\"font-size: medium;\"><i>. Aumenta la capacidad aer\u00f3bica, mejora el flujo sangu\u00edneo, activa el impulso nervioso neuronal y favorece la reducci\u00f3n del colesterol.<\/i><\/span><\/p>\r\n<\/td>\r\n<\/tr>\r\n<tr>\r\n<td valign=\"TOP\" width=\"665\">\r\n<p align=\"JUSTIFY\"><span style=\"font-size: large;\"><i><b>Tiene bajo riesgo de lesiones<\/b><\/i><\/span><span style=\"font-size: large;\"><i>.<\/i><\/span><span style=\"font-size: medium;\"><i> Al no necesitar de un material deportivo pesado, el riesgo de colisiones o ca\u00eddas se reduce, lo que no quiere decir que no se requiera de una buena preparaci\u00f3n f\u00edsica y calentamiento sobre todo para jugar a nivel profesional. <\/i><\/span><\/p>\r\n<\/td>\r\n<\/tr>\r\n<tr>\r\n<td valign=\"TOP\" width=\"665\">\r\n<p align=\"JUSTIFY\"><span style=\"font-size: large;\"><i><b>Ayuda a la socializaci\u00f3n al ser un deporte colectivo<\/b><\/i><\/span><span style=\"font-size: large;\"><i>.<\/i><\/span><span style=\"font-size: medium;\"><i> Para entrenamientos y partidos es necesario un oponente. Puede jugarse por equipos o de forma individual, pero siempre con un oponente por lo que ofrece una forma de conectar con otras personas interesadas en este deporte.<\/i><\/span><\/p>\r\n<\/td>\r\n<\/tr>\r\n<\/tbody>\r\n<\/table>\r\n<\/dd>\r\n<\/dl>\r\n<h3 class=\"western\" align=\"JUSTIFY\"><\/h3><\/center>","protected":false},"excerpt":{"rendered":"<p>Estimula la concentraci\u00f3n. Para tomar las decisiones de golpeo de forma tan r\u00e1pida como se requiere es necesario estar atento a la pelota y el adversario para poder reaccionar. Desarrolla la visi\u00f3n y coordinaci\u00f3n ojo-pelota, el jugador no puede perder de vista la pelota en ning\u00fan momento por lo que su atenci\u00f3n tiene que estar [&hellip;]<\/p>\n","protected":false},"author":1,"featured_media":0,"parent":0,"menu_order":0,"comment_status":"closed","ping_status":"closed","template":"","meta":{"footnotes":""},"class_list":["post-929","page","type-page","status-publish","hentry"],"_links":{"self":[{"href":"https:\/\/mahaitenis.com\/es\/index.php\/wp-json\/wp\/v2\/pages\/929","targetHints":{"allow":["GET"]}}],"collection":[{"href":"https:\/\/mahaitenis.com\/es\/index.php\/wp-json\/wp\/v2\/pages"}],"about":[{"href":"https:\/\/mahaitenis.com\/es\/index.php\/wp-json\/wp\/v2\/types\/page"}],"author":[{"embeddable":true,"href":"https:\/\/mahaitenis.com\/es\/index.php\/wp-json\/wp\/v2\/users\/1"}],"replies":[{"embeddable":true,"href":"https:\/\/mahaitenis.com\/es\/index.php\/wp-json\/wp\/v2\/comments?post=929"}],"version-history":[{"count":6,"href":"https:\/\/mahaitenis.com\/es\/index.php\/wp-json\/wp\/v2\/pages\/929\/revisions"}],"predecessor-version":[{"id":1005,"href":"https:\/\/mahaitenis.com\/es\/index.php\/wp-json\/wp\/v2\/pages\/929\/revisions\/1005"}],"wp:attachment":[{"href":"https:\/\/mahaitenis.com\/es\/index.php\/wp-json\/wp\/v2\/media?parent=929"}],"curies":[{"name":"wp","href":"https:\/\/api.w.org\/{rel}","templated":true}]}}