{"id":954,"date":"2017-10-27T04:18:19","date_gmt":"2017-10-27T04:18:19","guid":{"rendered":"http:\/\/mahaitenis.com\/es\/?page_id=954"},"modified":"2025-04-04T17:14:15","modified_gmt":"2025-04-04T17:14:15","slug":"arbitros","status":"publish","type":"page","link":"https:\/\/mahaitenis.com\/es\/index.php\/arbitros\/","title":{"rendered":"\u00c1rbitros"},"content":{"rendered":"<ul>\r\n<li><a href=\"https:\/\/mahaitenis.com\/es\/index.php\/comite-vasco-de-arbitros\/\">Comit\u00e9 Vasco de \u00c1rbitros<\/a><\/li>\r\n<li><a href=\"https:\/\/mahaitenis.com\/es\/index.php\/category\/circulares-cvatm\/\">Circulares y Noticias<\/a><\/li>\r\n<li><a href=\"https:\/\/mahaitenis.com\/es\/index.php\/documentos-cvatm\/\">Documentos y Descargas<\/a><\/li>\r\n<li><a href=\"https:\/\/mahaitenis.com\/es\/index.php\/formacion-cvatm\/\">Formaci\u00f3n \u00e1rbitros<\/a><\/li>\r\n<li><a href=\"https:\/\/mahaitenis.com\/resultados\/\">Designaciones arbitrales<\/a><\/li>\r\n<li><a href=\"https:\/\/mahaitenis.com\/resultados\/\">Introducci\u00f3n de resultados<\/a><\/li>\r\n<\/ul>","protected":false},"excerpt":{"rendered":"<p>Comit\u00e9 Vasco de \u00c1rbitros Circulares y Noticias Documentos y Descargas Formaci\u00f3n \u00e1rbitros Designaciones arbitrales Introducci\u00f3n de resultados<\/p>\n","protected":false},"author":1,"featured_media":0,"parent":0,"menu_order":0,"comment_status":"closed","ping_status":"closed","template":"","meta":{"footnotes":""},"class_list":["post-954","page","type-page","status-publish","hentry"],"_links":{"self":[{"href":"https:\/\/mahaitenis.com\/es\/index.php\/wp-json\/wp\/v2\/pages\/954","targetHints":{"allow":["GET"]}}],"collection":[{"href":"https:\/\/mahaitenis.com\/es\/index.php\/wp-json\/wp\/v2\/pages"}],"about":[{"href":"https:\/\/mahaitenis.com\/es\/index.php\/wp-json\/wp\/v2\/types\/page"}],"author":[{"embeddable":true,"href":"https:\/\/mahaitenis.com\/es\/index.php\/wp-json\/wp\/v2\/users\/1"}],"replies":[{"embeddable":true,"href":"https:\/\/mahaitenis.com\/es\/index.php\/wp-json\/wp\/v2\/comments?post=954"}],"version-history":[{"count":5,"href":"https:\/\/mahaitenis.com\/es\/index.php\/wp-json\/wp\/v2\/pages\/954\/revisions"}],"predecessor-version":[{"id":5945,"href":"https:\/\/mahaitenis.com\/es\/index.php\/wp-json\/wp\/v2\/pages\/954\/revisions\/5945"}],"wp:attachment":[{"href":"https:\/\/mahaitenis.com\/es\/index.php\/wp-json\/wp\/v2\/media?parent=954"}],"curies":[{"name":"wp","href":"https:\/\/api.w.org\/{rel}","templated":true}]}}