{"id":958,"date":"2017-10-27T04:18:48","date_gmt":"2017-10-27T04:18:48","guid":{"rendered":"http:\/\/mahaitenis.com\/es\/?page_id=958"},"modified":"2024-04-16T23:02:58","modified_gmt":"2024-04-16T23:02:58","slug":"documentos-cvatm","status":"publish","type":"page","link":"https:\/\/mahaitenis.com\/es\/index.php\/documentos-cvatm\/","title":{"rendered":"Documentos CVATM"},"content":{"rendered":"<p><b>Documentos:<\/b><\/p>\r\n\r\n<ul>\r\n<li><b><a href=\"https:\/\/mahaitenis.com\/es\/documentos\/ACTA_INDIVIDUAL.pdf\" target=\"_blank\" rel=\"noopener noreferrer\">Acta Individual<\/a><\/b><\/li>\r\n<li><b><a href=\"https:\/\/mahaitenis.com\/es\/documentos\/ACTA_LIGAS.pdf\" target=\"_blank\" rel=\"noopener noreferrer\">Acta Liga<\/a><\/b><\/li>\r\n<li><a href=\"https:\/\/www.rfetm.es\/documents\/descargas\/Informe_Arbitral_LLNN.pdf\" target=\"_blank\" rel=\"noopener noreferrer\">Informe arbitral<\/a><\/li>\r\n<!--li><a href=\"http:\/\/www.rfetm.es\/down.php?narchivo=Informe%20Arbitral_(editable).pdf\" target=\"_blank\" rel=\"noopener noreferrer\">Informe arbitral editable<\/a><\/li-->\r\n<li><a href=\"https:\/\/equipments.ittf.com\/#\/equipments\/racket_coverings\" target=\"_blank\" rel=\"noopener noreferrer\">Listado de Gomas<\/a><\/li>\r\n<li><a href=\"https:\/\/mahaitenis.com\/es\/documentos\/Manual_Introduccion_Resultados_V5.pdf\" target=\"_blank\" rel=\"noopener noreferrer\">Manual Introducci\u00f3n de Resultados (Ligas Nacionales)<\/a><\/li>\r\n<li><a href=\"https:\/\/mahaitenis.com\/es\/documentos\/ni005-1819_Anexo_1_Aparatos%20Medida.pdf\" target=\"_blank\" rel=\"noopener noreferrer\">Manual de uso de los aparatos de medici\u00f3n de las condiciones del \u00c1rea de Juego en la categor\u00eda de Superdivisi\u00f3n<\/a><\/li>\r\n<li><a href=\"https:\/\/mahaitenis.com\/es\/documentos\/Manual_Introduccion_de_Resultados_v2.pdf\" target=\"_blank\" rel=\"noopener noreferrer\">Manual Introducci\u00f3n de Resultados (Ligas Vascas)<\/a><\/li>\r\n<li><a href=\"https:\/\/mahaitenis.com\/es\/documentos\/PLANTILLA%20EXCEL%20TORNEOS%20FVTM.xlsx\" target=\"_blank\" rel=\"noopener noreferrer\">Plantilla para Torneos<\/a><\/li>\r\n<li><a href=\"https:\/\/mahaitenis.com\/es\/documentos\/ACTAS%20grupos%20partidos%20individuales.pdf\" target=\"_blank\" rel=\"noopener noreferrer\">Plantilla para Grupos Individuales<\/a><\/li>\r\n<\/ul>\r\n\r\n<p><b>Normativa:<\/b><\/p>\r\n<ul>\r\n<li><a href=\"https:\/\/mahaitenis.com\/es\/documentos\/Reglamento_Tecnico_de_Juego_2024.pdf\" target=\"_blank\" rel=\"noopener noreferrer\">Reglamento T\u00e9cnico de juego <b>2024<\/b><\/a><\/li>\r\n<li><a href=\"https:\/\/www.rfetm.es\/documents\/descargas\/ITTF-Manual_Arbitros_TM_julio2019.pdf\" target=\"_blank\" rel=\"noopener noreferrer\">Handbook (Manual para \u00e1rbitros)<\/a><\/li>\r\n<li><a href=\"https:\/\/www.rfetm.es\/documents\/descargas\/Rglto_CTNA_Aprobado_CSD_07-07-2022.pdf\" target=\"_blank\" rel=\"noopener noreferrer\">Reglamento del Comit\u00e9 T\u00e9cnico Nacional de \u00c1rbitros<\/a><\/li>\r\n<!--li><a href=\"http:\/\/www.rfetm.es\/down.php?narchivo=rcraquet08.pdf\" target=\"_blank\" rel=\"noopener noreferrer\">Control de Raquetas<\/a><\/li-->\r\n<li><a href=\"https:\/\/mahaitenis.com\/es\/documentos\/2324\/3%C2%BAT.CTNA-RFETM%20PROTOCOLO%20UNIFORMIDAD%20T_23_24.pdf\" target=\"_blank\" rel=\"noopener noreferrer\">Uniformidad arbitral<\/a><\/li>\r\n<\/ul>\r\n","protected":false},"excerpt":{"rendered":"<p>Documentos: Acta Individual Acta Liga Informe arbitral Listado de Gomas Manual Introducci\u00f3n de Resultados (Ligas Nacionales) Manual de uso de los aparatos de medici\u00f3n de las condiciones del \u00c1rea de Juego en la categor\u00eda de Superdivisi\u00f3n Manual Introducci\u00f3n de Resultados (Ligas Vascas) Plantilla para Torneos Plantilla para Grupos Individuales Normativa: Reglamento T\u00e9cnico de juego 2024 [&hellip;]<\/p>\n","protected":false},"author":1,"featured_media":0,"parent":0,"menu_order":0,"comment_status":"closed","ping_status":"closed","template":"","meta":{"footnotes":""},"class_list":["post-958","page","type-page","status-publish","hentry"],"_links":{"self":[{"href":"https:\/\/mahaitenis.com\/es\/index.php\/wp-json\/wp\/v2\/pages\/958","targetHints":{"allow":["GET"]}}],"collection":[{"href":"https:\/\/mahaitenis.com\/es\/index.php\/wp-json\/wp\/v2\/pages"}],"about":[{"href":"https:\/\/mahaitenis.com\/es\/index.php\/wp-json\/wp\/v2\/types\/page"}],"author":[{"embeddable":true,"href":"https:\/\/mahaitenis.com\/es\/index.php\/wp-json\/wp\/v2\/users\/1"}],"replies":[{"embeddable":true,"href":"https:\/\/mahaitenis.com\/es\/index.php\/wp-json\/wp\/v2\/comments?post=958"}],"version-history":[{"count":21,"href":"https:\/\/mahaitenis.com\/es\/index.php\/wp-json\/wp\/v2\/pages\/958\/revisions"}],"predecessor-version":[{"id":5488,"href":"https:\/\/mahaitenis.com\/es\/index.php\/wp-json\/wp\/v2\/pages\/958\/revisions\/5488"}],"wp:attachment":[{"href":"https:\/\/mahaitenis.com\/es\/index.php\/wp-json\/wp\/v2\/media?parent=958"}],"curies":[{"name":"wp","href":"https:\/\/api.w.org\/{rel}","templated":true}]}}