{"id":1227,"date":"2017-11-23T09:31:03","date_gmt":"2017-11-23T09:31:03","guid":{"rendered":"http:\/\/mahaitenis.com\/eu\/?page_id=1227"},"modified":"2017-11-23T09:31:03","modified_gmt":"2017-11-23T09:31:03","slug":"teknifikazioak","status":"publish","type":"page","link":"https:\/\/mahaitenis.com\/eu\/index.php\/teknifikazioak\/","title":{"rendered":"Teknifikazioak"},"content":{"rendered":"<h3 style=\"text-align: center;\"><strong><u>TEKNIFIKAZIOAK<\/u><\/strong><\/h3>\r\n&nbsp;&nbsp;&nbsp;El objetivo principal es la realizaci\u00f3n de una planificaci\u00f3n deportiva personalizada, estableciendo objetivos a corto, medio y largo plazo. Se realizar\u00e1 una preparaci\u00f3n intensiva cuyo objetivo principal es potenciar el trabajo desarrollado en cada club para facilitar el acceso de las y los deportistas a los niveles de competici\u00f3n m\u00e1s elevados posibles. Para ello se han establecido diversos grupos de edad seleccionados por sus resultados deportivos y edad.<br>\r\n<br>\r\n&nbsp;&nbsp;&nbsp;Ser\u00e1n tres tecnificaciones a lo largo de la temporada de varios d\u00edas de duraci\u00f3n cada una de ellas. Siempre en periodos vacacionales (Navidad, Semana Santa y Verano). Las concentraciones, se realizar\u00e1n en el CTD Sonia Etxazarreta y en otras instalaciones no s\u00f3lo del Pa\u00eds Vasco sino de otras comunidades aut\u00f3nomas y con otros sistemas de trabajo, de esta forma se podr\u00e1 evaluar nuestra evoluci\u00f3n frente a deportistas de otras comunidades.\r\n<br>\r\n<h5 style=\"text-align: center;\"><strong>GRUPOS<\/strong><\/h5>\r\n\r\n<u>Grupo A<\/u><br>\r\n&nbsp;&nbsp;&nbsp;Jugadores infantiles y juveniles (alg\u00fan alev\u00edn) con buenos resultados a nivel nacional. Jugando\r\nTorneo Estatal, Campeonatos de Espa\u00f1a&#8230; Jugando Ligas Nacionales e incluso con proyecci\u00f3n internacional.<br>\r\n<br>\r\n<u>Grupo B<\/u><br>\r\n&nbsp;&nbsp;&nbsp;Jugadores benjamines y alevines con buenos resultados en las pruebas de los Circuitos de J\u00f3venes. Jugadores que participan en Torneos Zonal, Torneo Nacional Clasificatorio y Torneo Estatal.<br>\r\n<br>\r\n<u>Grupo C<\/u><br>\r\n&nbsp;&nbsp;&nbsp;Jugadores benjamines y alevines de 1er a\u00f1o que empiezan a competir, llevan m\u00e1s de un a\u00f1o jugando a Tenis de Mesa. Algunos de ellos juegan el Circuito de J\u00f3venes, y hay intenci\u00f3n de llevarlos al Torneo Nacional en el pr\u00f3ximo o pr\u00f3ximos a\u00f1os.<br>\r\n<br>\r\n<u>Grupo D<\/u><br>\r\n&nbsp;&nbsp;&nbsp;Jugadores infantiles y juveniles de nivel inferior a los que se encuentran en el Grupo A. Jugadores que les gusta nuestro deporte y tienen ganas de mejorar. Jugadores que est\u00e9n jugando en una liga como Divisi\u00f3n de Honor Vasca, o 1\u00aa Vasca y que todav\u00eda no han salido a competir mucho fuera de Euskadi, pero tienen ganas de mejorar y intentar llegar al nivel de los del grupo A.<br>\r\n<br>\r\n<u>Grupo E<\/u><br>\r\n&nbsp;&nbsp;&nbsp;Jugadores nuevos federados, o gente a federar dentro de poco tiempo. Jugadores que est\u00e9n jugando una liga como la de 2\u00aa divisi\u00f3n vasca. Jugadores alevines, infantiles o juveniles que est\u00e9n empezando, o tengan un nivel similar al de 2\u00aa divisi\u00f3n vasca, o incluso inferior.<br>\r\n\r\n<div align=\"right\"><a href=\"http:\/\/mahaitenis.com\/eu\/index.php\/seleccion-euskadi\/\"  style=\"text-decoration:none\">< Itzuli <\/div><\/a>","protected":false},"excerpt":{"rendered":"<p>TEKNIFIKAZIOAK &nbsp;&nbsp;&nbsp;El objetivo principal es la realizaci\u00f3n de una planificaci\u00f3n deportiva personalizada, estableciendo objetivos a corto, medio y largo plazo. Se realizar\u00e1 una preparaci\u00f3n intensiva cuyo objetivo principal es potenciar el trabajo desarrollado en cada club para facilitar el acceso de las y los deportistas a los niveles de competici\u00f3n m\u00e1s elevados posibles. Para ello [&hellip;]<\/p>\n","protected":false},"author":1,"featured_media":0,"parent":0,"menu_order":0,"comment_status":"closed","ping_status":"closed","template":"","meta":{"footnotes":""},"class_list":["post-1227","page","type-page","status-publish","hentry"],"_links":{"self":[{"href":"https:\/\/mahaitenis.com\/eu\/index.php\/wp-json\/wp\/v2\/pages\/1227","targetHints":{"allow":["GET"]}}],"collection":[{"href":"https:\/\/mahaitenis.com\/eu\/index.php\/wp-json\/wp\/v2\/pages"}],"about":[{"href":"https:\/\/mahaitenis.com\/eu\/index.php\/wp-json\/wp\/v2\/types\/page"}],"author":[{"embeddable":true,"href":"https:\/\/mahaitenis.com\/eu\/index.php\/wp-json\/wp\/v2\/users\/1"}],"replies":[{"embeddable":true,"href":"https:\/\/mahaitenis.com\/eu\/index.php\/wp-json\/wp\/v2\/comments?post=1227"}],"version-history":[{"count":1,"href":"https:\/\/mahaitenis.com\/eu\/index.php\/wp-json\/wp\/v2\/pages\/1227\/revisions"}],"predecessor-version":[{"id":1228,"href":"https:\/\/mahaitenis.com\/eu\/index.php\/wp-json\/wp\/v2\/pages\/1227\/revisions\/1228"}],"wp:attachment":[{"href":"https:\/\/mahaitenis.com\/eu\/index.php\/wp-json\/wp\/v2\/media?parent=1227"}],"curies":[{"name":"wp","href":"https:\/\/api.w.org\/{rel}","templated":true}]}}