{"id":29,"date":"2017-10-04T06:00:27","date_gmt":"2017-10-04T06:00:27","guid":{"rendered":"http:\/\/mahaitenis.com\/eu\/?page_id=29"},"modified":"2017-11-08T14:21:37","modified_gmt":"2017-11-08T14:21:37","slug":"junta-directiva","status":"publish","type":"page","link":"https:\/\/mahaitenis.com\/eu\/index.php\/junta-directiva\/","title":{"rendered":"Zuzendaritza Batzordea"},"content":{"rendered":"<ul>\r\n \t<li><span style=\"font-size: medium;\">PRESIDENTEA: Gorka Fern\u00e1ndez \u00c1lvarez<\/span><\/li>\r\n \t<li><span style=\"font-size: medium;\">PRESIDENTEORDEA: Maialen Iriarte Espinosa<\/span><\/li>\r\n \t<li><span style=\"font-size: medium;\">ADIZKARIA\/DIRUZAINA: Jes\u00fas G\u00f3mez Mart\u00edn<\/span><\/li>\r\n \t<li><span style=\"font-size: medium;\">BATZARKIDEA: Itxaso Carrillo D\u00edaz<\/span><\/li>\r\n \t<li><span style=\"font-size: medium;\">BATZARKIDEA: Victor  Gonz\u00e1lez de Ech\u00e1varri<\/span><\/li>\r\n \t<li><span style=\"font-size: medium;\">BATZARKIDEA: Javier Olazabal Garc\u00eda<\/span><\/li>\r\n<\/ul>","protected":false},"excerpt":{"rendered":"<p>PRESIDENTEA: Gorka Fern\u00e1ndez \u00c1lvarez PRESIDENTEORDEA: Maialen Iriarte Espinosa ADIZKARIA\/DIRUZAINA: Jes\u00fas G\u00f3mez Mart\u00edn BATZARKIDEA: Itxaso Carrillo D\u00edaz BATZARKIDEA: Victor Gonz\u00e1lez de Ech\u00e1varri BATZARKIDEA: Javier Olazabal Garc\u00eda<\/p>\n","protected":false},"author":1,"featured_media":0,"parent":0,"menu_order":0,"comment_status":"closed","ping_status":"closed","template":"","meta":{"footnotes":""},"class_list":["post-29","page","type-page","status-publish","hentry"],"_links":{"self":[{"href":"https:\/\/mahaitenis.com\/eu\/index.php\/wp-json\/wp\/v2\/pages\/29","targetHints":{"allow":["GET"]}}],"collection":[{"href":"https:\/\/mahaitenis.com\/eu\/index.php\/wp-json\/wp\/v2\/pages"}],"about":[{"href":"https:\/\/mahaitenis.com\/eu\/index.php\/wp-json\/wp\/v2\/types\/page"}],"author":[{"embeddable":true,"href":"https:\/\/mahaitenis.com\/eu\/index.php\/wp-json\/wp\/v2\/users\/1"}],"replies":[{"embeddable":true,"href":"https:\/\/mahaitenis.com\/eu\/index.php\/wp-json\/wp\/v2\/comments?post=29"}],"version-history":[{"count":9,"href":"https:\/\/mahaitenis.com\/eu\/index.php\/wp-json\/wp\/v2\/pages\/29\/revisions"}],"predecessor-version":[{"id":1091,"href":"https:\/\/mahaitenis.com\/eu\/index.php\/wp-json\/wp\/v2\/pages\/29\/revisions\/1091"}],"wp:attachment":[{"href":"https:\/\/mahaitenis.com\/eu\/index.php\/wp-json\/wp\/v2\/media?parent=29"}],"curies":[{"name":"wp","href":"https:\/\/api.w.org\/{rel}","templated":true}]}}