{"id":31,"date":"2017-10-04T06:00:34","date_gmt":"2017-10-04T06:00:34","guid":{"rendered":"http:\/\/mahaitenis.com\/eu\/?page_id=31"},"modified":"2017-11-10T06:48:01","modified_gmt":"2017-11-10T06:48:01","slug":"asamblea","status":"publish","type":"page","link":"https:\/\/mahaitenis.com\/eu\/index.php\/asamblea\/","title":{"rendered":"Batzarra"},"content":{"rendered":"KLUBEN ESTAMENTUA:\r\n<ul>\r\n \t<li><span style=\"font-size: medium;\">C.D. Fortuna.<\/span><\/li>\r\n \t<li><span style=\"font-size: medium;\">Oargi Mendi Elkartea.<\/span><\/li>\r\n \t<li><span style=\"font-size: medium;\">Leka Enea T.M.<\/span><\/li>\r\n \t<li><span style=\"font-size: medium;\">Atl\u00e9tico San Sebasti\u00e1n.<\/span><\/li>\r\n \t<li><span style=\"font-size: medium;\">C.D. Pontika Orereta.<\/span><\/li>\r\n \t<li><span style=\"font-size: medium;\">Fekoor Bilbao<\/span><\/li>\r\n \t<li><span style=\"font-size: medium;\">C.T.M..Basauri<\/span><\/li>\r\n \t<li><span style=\"font-size: medium;\">Gure Talde M.T.<\/span><\/li>\r\n \t<li><span style=\"font-size: medium;\">C.D. Artxandako<\/span><\/li>\r\n \t<li><span style=\"font-size: medium;\">A.D. Lautaro<\/span><\/li>\r\n \t<li><span style=\"font-size: medium;\">A.D. Gasteiz<\/span><\/li>\r\n<\/ul>\r\n<br>\r\nJOKALARIEN ESTAMENTUA:\r\n<ul>\r\n \t<li><span style=\"font-size: medium;\">Gorka Fern\u00e1ndez Alvarez.<\/span><\/li>\r\n \t<li><span style=\"font-size: medium;\">Oscar Gutierrez Alvaro.<\/span><\/li>\r\n<\/ul>\r\n<br>\r\nTEKNIKOEN ESTAMENTUA: \r\n<ul>\r\n \t<li><span style=\"font-size: medium;\">Fernando Garc\u00eda Benito.<\/span><\/li>\r\n<\/ul>\r\n<br>\r\nEPAILEEN ESTAMENTUA:\r\n<ul>\r\n \t<li><span style=\"font-size: medium;\">Carlos Fern\u00e1ndez Anaut.<\/span><\/li>\r\n<\/ul>\r\n","protected":false},"excerpt":{"rendered":"<p>KLUBEN ESTAMENTUA: C.D. Fortuna. Oargi Mendi Elkartea. Leka Enea T.M. Atl\u00e9tico San Sebasti\u00e1n. C.D. Pontika Orereta. Fekoor Bilbao C.T.M..Basauri Gure Talde M.T. C.D. Artxandako A.D. Lautaro A.D. Gasteiz JOKALARIEN ESTAMENTUA: Gorka Fern\u00e1ndez Alvarez. Oscar Gutierrez Alvaro. TEKNIKOEN ESTAMENTUA: Fernando Garc\u00eda Benito. EPAILEEN ESTAMENTUA: Carlos Fern\u00e1ndez Anaut.<\/p>\n","protected":false},"author":1,"featured_media":0,"parent":0,"menu_order":0,"comment_status":"closed","ping_status":"closed","template":"","meta":{"footnotes":""},"class_list":["post-31","page","type-page","status-publish","hentry"],"_links":{"self":[{"href":"https:\/\/mahaitenis.com\/eu\/index.php\/wp-json\/wp\/v2\/pages\/31","targetHints":{"allow":["GET"]}}],"collection":[{"href":"https:\/\/mahaitenis.com\/eu\/index.php\/wp-json\/wp\/v2\/pages"}],"about":[{"href":"https:\/\/mahaitenis.com\/eu\/index.php\/wp-json\/wp\/v2\/types\/page"}],"author":[{"embeddable":true,"href":"https:\/\/mahaitenis.com\/eu\/index.php\/wp-json\/wp\/v2\/users\/1"}],"replies":[{"embeddable":true,"href":"https:\/\/mahaitenis.com\/eu\/index.php\/wp-json\/wp\/v2\/comments?post=31"}],"version-history":[{"count":27,"href":"https:\/\/mahaitenis.com\/eu\/index.php\/wp-json\/wp\/v2\/pages\/31\/revisions"}],"predecessor-version":[{"id":1100,"href":"https:\/\/mahaitenis.com\/eu\/index.php\/wp-json\/wp\/v2\/pages\/31\/revisions\/1100"}],"wp:attachment":[{"href":"https:\/\/mahaitenis.com\/eu\/index.php\/wp-json\/wp\/v2\/media?parent=31"}],"curies":[{"name":"wp","href":"https:\/\/api.w.org\/{rel}","templated":true}]}}