{"id":335,"date":"2017-10-11T04:44:40","date_gmt":"2017-10-11T04:44:40","guid":{"rendered":"http:\/\/mahaitenis.com\/eu\/?page_id=335"},"modified":"2017-11-18T11:00:09","modified_gmt":"2017-11-18T11:00:09","slug":"tecnicos","status":"publish","type":"page","link":"https:\/\/mahaitenis.com\/eu\/index.php\/tecnicos\/","title":{"rendered":"Teknikoak"},"content":{"rendered":"<h4>ZUZENDARI TEKNIKOA: GORKA FERN\u00c1NDEZ \u00c1LVAREZ.<\/h4>\r\n<strong>ARABA<\/strong>\r\n<ul>\r\n \t<li style=\"padding-left: 30px;\">Enrique Alvarez Ant\u00f3n<\/li>\r\n \t<li style=\"padding-left: 30px;\">Rub\u00e9n Martinez G\u00f3mez<\/li>\r\n \t<li style=\"padding-left: 30px;\">Montserrat Martin Dominguez<\/li>\r\n \t<li style=\"padding-left: 30px;\">Sarai Delgado S\u00e1nchez<\/li>\r\n \t<li style=\"padding-left: 30px;\">Aritz Delgado S\u00e1nchez<\/li>\r\n \t<li style=\"padding-left: 30px;\">Victor Soto Vel\u00e1zquez<\/li>\r\n<\/ul>\r\n<strong>BIZKAIA<\/strong>\r\n<ul>\r\n \t<li style=\"padding-left: 30px;\">Lorenzo Mateos Molinero<\/li>\r\n \t<li style=\"padding-left: 30px;\">Iker Sastre Sanchez-Vallejo<\/li>\r\n \t<li style=\"padding-left: 30px;\">In\u00e9s Arana Basabe<\/li>\r\n \t<li style=\"padding-left: 30px;\">Jos\u00e9 Manuel Minguez Guerra<\/li>\r\n \t<li style=\"padding-left: 30px;\">David Alonso Lopez<\/li>\r\n \t<li style=\"padding-left: 30px;\">Fernando Oteo Fernandez<\/li>\r\n \t<li style=\"padding-left: 30px;\">Eduardo Arenas P\u00e9rez<\/li>\r\n \t<li style=\"padding-left: 30px;\">Pablo P\u00e9rez P\u00e9rez<\/li>\r\n<\/ul>\r\n<strong>GIPUZKOA<\/strong>\r\n<ul>\r\n \t<li style=\"padding-left: 30px;\">Daniel Rebordinos Miram\u00f3n<\/li>\r\n \t<li style=\"padding-left: 30px;\">Santiago Mendirichaga San Sebasti\u00e1n<\/li>\r\n \t<li style=\"padding-left: 30px;\">Luis Echeto Goizueta<\/li>\r\n \t<li style=\"padding-left: 30px;\">Jose Manuel Armentia Acedo<\/li>\r\n \t<li style=\"padding-left: 30px;\">Antonio Varela Izquierdo<\/li>\r\n \t<li style=\"padding-left: 30px;\">Jorge Andr\u00e9s Gambra Said<\/li>\r\n \t<li style=\"padding-left: 30px;\">Xabier Legarra Acero<\/li>\r\n \t<li style=\"padding-left: 30px;\">Jes\u00fas G\u00f3mez Mart\u00edn<\/li>\r\n \t<li style=\"padding-left: 30px;\">Jos\u00e9 Antonio Echeverr\u00eda Urreta<\/li>\r\n \t<li style=\"padding-left: 30px;\">Fernando Garc\u00eda Benito<\/li>\r\n \t<li style=\"padding-left: 30px;\">Endika Diez Aladro<\/li>\r\n \t<li style=\"padding-left: 30px;\">Gorka Fernandez Alvarez<\/li>\r\n \t<li style=\"padding-left: 30px;\">Alexei Emeliyanov Mijailovich<\/li>\r\n \t<li style=\"padding-left: 30px;\">Victor Manuel Santamarta Garc\u00eda<\/li>\r\n<\/ul>","protected":false},"excerpt":{"rendered":"<p>ZUZENDARI TEKNIKOA: GORKA FERN\u00c1NDEZ \u00c1LVAREZ. ARABA Enrique Alvarez Ant\u00f3n Rub\u00e9n Martinez G\u00f3mez Montserrat Martin Dominguez Sarai Delgado S\u00e1nchez Aritz Delgado S\u00e1nchez Victor Soto Vel\u00e1zquez BIZKAIA Lorenzo Mateos Molinero Iker Sastre Sanchez-Vallejo In\u00e9s Arana Basabe Jos\u00e9 Manuel Minguez Guerra David Alonso Lopez Fernando Oteo Fernandez Eduardo Arenas P\u00e9rez Pablo P\u00e9rez P\u00e9rez GIPUZKOA Daniel Rebordinos Miram\u00f3n Santiago [&hellip;]<\/p>\n","protected":false},"author":1,"featured_media":0,"parent":0,"menu_order":0,"comment_status":"closed","ping_status":"closed","template":"","meta":{"footnotes":""},"class_list":["post-335","page","type-page","status-publish","hentry"],"_links":{"self":[{"href":"https:\/\/mahaitenis.com\/eu\/index.php\/wp-json\/wp\/v2\/pages\/335","targetHints":{"allow":["GET"]}}],"collection":[{"href":"https:\/\/mahaitenis.com\/eu\/index.php\/wp-json\/wp\/v2\/pages"}],"about":[{"href":"https:\/\/mahaitenis.com\/eu\/index.php\/wp-json\/wp\/v2\/types\/page"}],"author":[{"embeddable":true,"href":"https:\/\/mahaitenis.com\/eu\/index.php\/wp-json\/wp\/v2\/users\/1"}],"replies":[{"embeddable":true,"href":"https:\/\/mahaitenis.com\/eu\/index.php\/wp-json\/wp\/v2\/comments?post=335"}],"version-history":[{"count":12,"href":"https:\/\/mahaitenis.com\/eu\/index.php\/wp-json\/wp\/v2\/pages\/335\/revisions"}],"predecessor-version":[{"id":1194,"href":"https:\/\/mahaitenis.com\/eu\/index.php\/wp-json\/wp\/v2\/pages\/335\/revisions\/1194"}],"wp:attachment":[{"href":"https:\/\/mahaitenis.com\/eu\/index.php\/wp-json\/wp\/v2\/media?parent=335"}],"curies":[{"name":"wp","href":"https:\/\/api.w.org\/{rel}","templated":true}]}}