{"id":338,"date":"2017-10-11T04:46:18","date_gmt":"2017-10-11T04:46:18","guid":{"rendered":"http:\/\/mahaitenis.com\/eu\/?page_id=338"},"modified":"2017-11-18T10:55:30","modified_gmt":"2017-11-18T10:55:30","slug":"comite-vasco-de-arbitros","status":"publish","type":"page","link":"https:\/\/mahaitenis.com\/eu\/index.php\/comite-vasco-de-arbitros\/","title":{"rendered":"Arbitroen Euskal Batzordea"},"content":{"rendered":"<h4 id=\"yui_3_16_0_ym19_1_1507644466578_10329\"><span id=\"yui_3_16_0_ym19_1_1507644466578_9716\"><strong>PRESIDENTEA: Claudio Izquierdo Gonzalez.<\/strong>\r\n<\/span><\/h3>\r\n<h4 id=\"yui_3_16_0_ym19_1_1507644466578_12272\" dir=\"ltr\"><span id=\"yui_3_16_0_ym19_1_1507644466578_9716\">ARABA DELEGATUA: Rub\u00e9n Mart\u00ednez G\u00f3mez.\r\n<\/span><\/h4>\r\n<h4 id=\"yui_3_16_0_ym19_1_1507644466578_12273\" dir=\"ltr\"><span id=\"yui_3_16_0_ym19_1_1507644466578_9716\">BIZKAIA DELEGATUA: Aitor Intxaurraga Blesa.\r\n<\/span><\/h4>\r\n<h4 id=\"yui_3_16_0_ym19_1_1507644466578_12158\" dir=\"ltr\">GIPUZKOA DELEGATUA: Carlos Fernandez Anaut.<\/h4>\r\n<strong>ARABA ARBITROAK<\/strong>\r\n<ul>\r\n \t<li dir=\"ltr\" style=\"padding-left: 30px;\">Olegario Cuevas Cuevas<\/li>\r\n \t<li dir=\"ltr\" style=\"padding-left: 30px;\">Sarai Delgado Sanchez<\/li>\r\n \t<li dir=\"ltr\" style=\"padding-left: 30px;\">Montserrat Martin Dominguez<\/li>\r\n \t<li dir=\"ltr\" style=\"padding-left: 30px;\">Arturo de la Mata Armero<\/li>\r\n \t<li dir=\"ltr\" style=\"padding-left: 30px;\">Carlos Erkiaga Ortiz de Urbina<\/li>\r\n \t<li dir=\"ltr\" style=\"padding-left: 30px;\">Ruben Martinez Gomez<\/li>\r\n \t<li dir=\"ltr\" style=\"padding-left: 30px;\">Itxaso Carrillo Diaz<\/li>\r\n \t<li dir=\"ltr\" style=\"padding-left: 30px;\">Enrique Alvarez Anton<\/li>\r\n \t<li dir=\"ltr\" style=\"padding-left: 30px;\">Javier Almenara Escudero<\/li>\r\n \t<li dir=\"ltr\" style=\"padding-left: 30px;\">Jose Antonio Blanco Fernandez<\/li>\r\n \t<li dir=\"ltr\" style=\"padding-left: 30px;\">Erlantz Fonseca Marcos<\/li>\r\n\r\n<\/ul>\r\n<strong>BIZKAIA ARBITROAK<\/strong>\r\n<ul>\r\n \t<li dir=\"ltr\" style=\"padding-left: 30px;\">David Alonso Lopez<\/li>\r\n \t<li dir=\"ltr\" style=\"padding-left: 30px;\">I\u00f1igo Bocanegra Mardones<\/li>\r\n \t<li dir=\"ltr\" style=\"padding-left: 30px;\">Oskar Cabezon Iglesias<\/li>\r\n \t<li dir=\"ltr\" style=\"padding-left: 30px;\">Javi Herrojo Cabezas<\/li>\r\n \t<li dir=\"ltr\" style=\"padding-left: 30px;\">Aitor Intxaurraga Blesa<\/li>\r\n \t<li dir=\"ltr\" style=\"padding-left: 30px;\">Claudio Izquierdo Gonzalez<\/li>\r\n \t<li dir=\"ltr\" style=\"padding-left: 30px;\">Lorenzo Mateos Molinero<\/li>\r\n \t<li dir=\"ltr\" style=\"padding-left: 30px;\">Fernando Oteo Fernandez<\/li>\r\n \t<li dir=\"ltr\" style=\"padding-left: 30px;\">Michael Adodo<\/li>\r\n<\/ul>\r\n<strong>GIPUZKOA ARBITROAK<\/strong>\r\n<ul>\r\n \t<li style=\"padding-left: 30px;\">Jose Antonio Echeverria Urreta<\/li>\r\n \t<li style=\"padding-left: 30px;\">Carlos Fernandez Anaut<\/li>\r\n \t<li style=\"padding-left: 30px;\">Miguel Angel Baez Arrondo<\/li>\r\n \t<li style=\"padding-left: 30px;\">Jon Mendazona Garona<\/li>\r\n \t<li style=\"padding-left: 30px;\">Pablo Vicente Vicente<\/li>\r\n \t<li style=\"padding-left: 30px;\">June Maria Izquierdo Arruferia<\/li>\r\n \t<li style=\"padding-left: 30px;\">Miguel Hernandez Martin<\/li>\r\n \t<li style=\"padding-left: 30px;\">Mikel Hernandez Recio<\/li>\r\n \t<li style=\"padding-left: 30px;\">Hodei Mancha Minguez<\/li>\r\n \t<li style=\"padding-left: 30px;\">Javier Iglesias Vicente<\/li>\r\n \t<li style=\"padding-left: 30px;\">Oihan Granado Nu\u00f1ez<\/li>\r\n \t<li style=\"padding-left: 30px;\">Miguel Angel Angulo Barneto<\/li>\r\n \t<li style=\"padding-left: 30px;\">Jose Maria Mancha Gonzalez<\/li>\r\n \t<li style=\"padding-left: 30px;\">Miren Ocio Larra\u00f1aga<\/li>\r\n \t<li style=\"padding-left: 30px;\">Jose Miguel Lasa Aramburu<\/li>\r\n \t<li style=\"padding-left: 30px;\">Juan Alvaro De Diego<\/li>\r\n \t<li style=\"padding-left: 30px;\">Iker Lucero Garcia<\/li>\r\n \t<li style=\"padding-left: 30px;\">Fernando Garcia Benito<\/li>\r\n \t<li style=\"padding-left: 30px;\">Xabier Diez Guelbenzu<\/li>\r\n \t<li style=\"padding-left: 30px;\">Alain Botog<\/li>\r\n \t<li style=\"padding-left: 30px;\">Peio Gaspar Pintado<\/li>\r\n \t<li style=\"padding-left: 30px;\">I\u00f1aki Etxenike Ankelzar<\/li>\r\n<\/ul>","protected":false},"excerpt":{"rendered":"<p>PRESIDENTEA: Claudio Izquierdo Gonzalez. ARABA DELEGATUA: Rub\u00e9n Mart\u00ednez G\u00f3mez. BIZKAIA DELEGATUA: Aitor Intxaurraga Blesa. GIPUZKOA DELEGATUA: Carlos Fernandez Anaut. ARABA ARBITROAK Olegario Cuevas Cuevas Sarai Delgado Sanchez Montserrat Martin Dominguez Arturo de la Mata Armero Carlos Erkiaga Ortiz de Urbina Ruben Martinez Gomez Itxaso Carrillo Diaz Enrique Alvarez Anton Javier Almenara Escudero Jose Antonio Blanco [&hellip;]<\/p>\n","protected":false},"author":1,"featured_media":0,"parent":0,"menu_order":0,"comment_status":"closed","ping_status":"closed","template":"","meta":{"footnotes":""},"class_list":["post-338","page","type-page","status-publish","hentry"],"_links":{"self":[{"href":"https:\/\/mahaitenis.com\/eu\/index.php\/wp-json\/wp\/v2\/pages\/338","targetHints":{"allow":["GET"]}}],"collection":[{"href":"https:\/\/mahaitenis.com\/eu\/index.php\/wp-json\/wp\/v2\/pages"}],"about":[{"href":"https:\/\/mahaitenis.com\/eu\/index.php\/wp-json\/wp\/v2\/types\/page"}],"author":[{"embeddable":true,"href":"https:\/\/mahaitenis.com\/eu\/index.php\/wp-json\/wp\/v2\/users\/1"}],"replies":[{"embeddable":true,"href":"https:\/\/mahaitenis.com\/eu\/index.php\/wp-json\/wp\/v2\/comments?post=338"}],"version-history":[{"count":31,"href":"https:\/\/mahaitenis.com\/eu\/index.php\/wp-json\/wp\/v2\/pages\/338\/revisions"}],"predecessor-version":[{"id":1193,"href":"https:\/\/mahaitenis.com\/eu\/index.php\/wp-json\/wp\/v2\/pages\/338\/revisions\/1193"}],"wp:attachment":[{"href":"https:\/\/mahaitenis.com\/eu\/index.php\/wp-json\/wp\/v2\/media?parent=338"}],"curies":[{"name":"wp","href":"https:\/\/api.w.org\/{rel}","templated":true}]}}