{"id":47,"date":"2017-10-04T06:02:32","date_gmt":"2017-10-04T06:02:32","guid":{"rendered":"http:\/\/mahaitenis.com\/eu\/?page_id=47"},"modified":"2017-11-10T07:12:00","modified_gmt":"2017-11-10T07:12:00","slug":"bizkaia","status":"publish","type":"page","link":"https:\/\/mahaitenis.com\/eu\/index.php\/bizkaia\/","title":{"rendered":"Bizkaia"},"content":{"rendered":"<table border=0 width=100%>\r\n<tr>\r\n<td  colspan=3><center> <a href=#b1>C.T.M. ARTXANDAKO<\/a> | <a href=#b2>C.T.M. BASAURI<\/a> | <a href=#b3>FEKOOR T.M.<\/a> | <a href=#b4>GURETALDE M.T.<\/a> | <a href=#b5>T.M. MUSKIZ<\/a> | <a href=#b6>PE\u00d1ASKAL T.M.<\/a> <\/center>\r\n<\/td>\r\n<\/tr>\r\n\r\n<tr>\r\n<td  colspan=3><center> &nbsp; <\/center>\r\n<\/td>\r\n<\/tr>\r\n\r\n<tr>\r\n<td width=30%>\r\n<center><img decoding=\"async\" src=\"http:\/\/mahaitenis.com\/eu\/wp-content\/uploads\/2017\/11\/ARTXANDAKO.jpg\" alt=\"\" width=\"200\" class=\"alignnone size-medium wp-image-144\" \/>\r\n<\/td>\r\n<td width=2%>\r\n&nbsp;&nbsp;&nbsp;&nbsp;\r\n<\/td>\r\n<td width=68%>\r\n<span style=\"font-size: medium;\"><strong><a name=b1>C.T.M. ARTXANDAKO<\/a><\/strong> <\/span>\r\n<ul>\r\n \t<li>Helbidea: CP  Gabriel Aresti. Errekalde Plaza 3<\/li>\r\n \t<li>Herria: 48002 Bilbao (Bizkaia)<\/li>\r\n \t<li>Web: <a href=\"http:\/\/www.artxandako.com\">www.artxandako.com<\/a><\/li>\r\n \t<li>Email-a: <a href=\"mailto:artxandakomt@gmail.com\">artxandakomt@gmail.com <\/a><\/li>\r\n<\/ul>\r\n<\/td>\r\n<\/tr>\r\n\r\n<tr>\r\n<td>\r\n<center><img decoding=\"async\" src=\"http:\/\/mahaitenis.com\/eu\/wp-content\/uploads\/2017\/10\/logobasauri.jpg\" alt=\"\" width=\"200\" class=\"alignnone size-medium wp-image-144\" \/><\/center>\r\n<\/td>\r\n<td>\r\n&nbsp;&nbsp;&nbsp;&nbsp;\r\n<\/td>\r\n<td>\r\n<span style=\"font-size: medium;\"><strong><a name=b2>C.T.M. BASAURI<\/a><\/strong> <\/span>\r\n<ul>\r\n \t<li>Helbidea: Polideportivo Artunduaga. Barrio Urtunduaga s\/n. Buz\u00f3n 15.<\/li>\r\n \t<li>Herria: 48970 Basauri (Bizkaia)<\/li>\r\n \t<li>Delegatua: Jose M. Minguez Guerra 630508846<\/li>\r\n \t<li>Web: <a href=\"http:\/\/www.ctmbasauri.wordpress.com\">www.ctmbasauri.wordpress.com<\/a><\/li>\r\n \t<li>Email-a: <a href=\"mailto:clubtenismesabasauri@hotmail.com\">clubtenismesabasauri@hotmail.com<\/a><\/li>\r\n<\/ul>\r\n<\/td>\r\n<\/tr>\r\n\r\n<tr>\r\n<td>\r\n<center><img decoding=\"async\" src=\"http:\/\/mahaitenis.com\/eu\/wp-content\/uploads\/2017\/10\/IMG_20170203_204244.jpg\" alt=\"\" width=\"200\" class=\"alignnone size-medium wp-image-144\" \/><\/center>\r\n<\/td>\r\n<td>\r\n&nbsp;&nbsp;&nbsp;&nbsp;\r\n<\/td>\r\n<td>\r\n<span style=\"font-size: medium;\"><strong><a name=b3>FEKOOR T.M.<\/a><\/strong> <\/span>\r\n<ul>\r\n \t<li>Helbidea: Polideportivo San Ignacio.  Arturo Campi\u00f3n, 8<\/li>\r\n \t<li>Herria: 48015 Bilbao (Bizkaia)<\/li>\r\n \t<li>Delegatua: Iker Sastre 687459538<\/li>\r\n \t<li>Web: <a href=\"http:\/\/fekoortenisdemesa.wordpress.com\">fekoortenisdemesa.wordpress.com<\/a><\/li>\r\n \t<li>Email-a: <a href=\"mailto:ikersastre@hotmail.com\">ikersastre@hotmail.com <\/a><\/li>\r\n<\/ul>\r\n<\/td>\r\n<\/tr>\r\n\r\n<tr>\r\n<td>\r\n<center><img decoding=\"async\" src=\"http:\/\/mahaitenis.com\/eu\/wp-content\/uploads\/2017\/10\/gure-talde-V5-300x212.jpg\" alt=\"\" width=\"200\" class=\"alignnone size-medium wp-image-144\" srcset=\"https:\/\/mahaitenis.com\/eu\/wp-content\/uploads\/2017\/10\/gure-talde-V5-300x212.jpg 300w, https:\/\/mahaitenis.com\/eu\/wp-content\/uploads\/2017\/10\/gure-talde-V5-768x544.jpg 768w, https:\/\/mahaitenis.com\/eu\/wp-content\/uploads\/2017\/10\/gure-talde-V5.jpg 877w\" sizes=\"(max-width: 300px) 100vw, 300px\" \/><\/center>\r\n<\/td>\r\n<td>\r\n&nbsp;&nbsp;&nbsp;&nbsp;\r\n<\/td>\r\n<td>\r\n<span style=\"font-size: medium;\"><strong><a name=b4>GURETALDE<\/a><\/strong> <\/span>\r\n<ul>\r\n \t<li>Helbidea: Polideportivo Zubi Alde. Mart\u00edn Fern\u00e1ndez Villar\u00e1n, 2<\/li>\r\n \t<li>Herria: 48920 Portugalete (Bizkaia)<\/li>\r\n \t<li>Delegatua: Patricio Jorge Gonzalez 619913174<\/li> \r\n \t<li>Web: <a href=\"http:\/\/www.guretalde.net\">www.guretalde.net<\/a><\/li>\r\n \t<li>Email-a: <a href=\"mailto:info@guretalde.net\">info@guretalde.net<\/a><\/li>\r\n<\/ul>\r\n<\/td>\r\n<\/tr>\r\n\r\n<tr>\r\n<td>\r\n\r\n<\/td>\r\n<td>\r\n&nbsp;&nbsp;&nbsp;&nbsp;\r\n<\/td>\r\n<td>\r\n<span style=\"font-size: medium;\"><strong><a name=b5>T.M. MUSKIZ<\/a><\/strong> <\/span>\r\n<ul>\r\n \t<li>Helbidea: Polideportivo El Fango, Errekalde-Larraskitu Errepidea, 53 <\/li>\r\n \t<li>Herria: 48002 Bilbao (Bizkaia)<\/li>\r\n \t<li>Delegatua: Lorenzo Mateos 615742454<\/li>\r\n \t<li>Web: <a href=\"http:\/\/www.tmpenaskal.com\">www.tmpenaskal.com<\/a><\/li>\r\n \t<li>Email-a: <a href=\"mailto:lomolinero@gmail.com\">lomolinero@gmail.com<\/a><\/li>\r\n<\/ul>\r\n<\/td>\r\n<\/tr>\r\n\r\n<tr>\r\n<td>\r\n<center><img decoding=\"async\" src=\"http:\/\/mahaitenis.com\/eu\/wp-content\/uploads\/2017\/10\/PE\u00d1ASKAL.jpg\" alt=\"\" width=\"200\" class=\"alignnone size-medium wp-image-144\" \/><\/center>\r\n<\/td>\r\n<td>\r\n&nbsp;&nbsp;&nbsp;&nbsp;\r\n<\/td>\r\n<td>\r\n<span style=\"font-size: medium;\"><strong><a name=b6>T.M. PE\u00d1ASKAL<\/a><\/strong> <\/span>\r\n<ul>\r\n \t<li>Helbidea: Polideportivo El Fango, Errekalde-Larraskitu Errepidea, 53 <\/li>\r\n \t<li>Herria: 48002 Bilbao (Bizkaia)<\/li>\r\n \t<li>Delegatua: Lorenzo Mateos 615742454<\/li>\r\n \t<li>Web: <a href=\"http:\/\/www.tmpenaskal.com\">www.tmpenaskal.com<\/a><\/li>\r\n \t<li>Email-a: <a href=\"mailto:lomolinero@gmail.com\">lomolinero@gmail.com<\/a><\/li>\r\n<\/ul>\r\n<\/td>\r\n<\/tr>\r\n<\/table>","protected":false},"excerpt":{"rendered":"<p>C.T.M. ARTXANDAKO | C.T.M. BASAURI | FEKOOR T.M. | GURETALDE M.T. | T.M. MUSKIZ | PE\u00d1ASKAL T.M. &nbsp; &nbsp;&nbsp;&nbsp;&nbsp; C.T.M. ARTXANDAKO Helbidea: CP Gabriel Aresti. Errekalde Plaza 3 Herria: 48002 Bilbao (Bizkaia) Web: www.artxandako.com Email-a: artxandakomt@gmail.com &nbsp;&nbsp;&nbsp;&nbsp; C.T.M. BASAURI Helbidea: Polideportivo Artunduaga. Barrio Urtunduaga s\/n. Buz\u00f3n 15. Herria: 48970 Basauri (Bizkaia) Delegatua: Jose M. Minguez [&hellip;]<\/p>\n","protected":false},"author":1,"featured_media":0,"parent":0,"menu_order":0,"comment_status":"closed","ping_status":"closed","template":"","meta":{"footnotes":""},"class_list":["post-47","page","type-page","status-publish","hentry"],"_links":{"self":[{"href":"https:\/\/mahaitenis.com\/eu\/index.php\/wp-json\/wp\/v2\/pages\/47","targetHints":{"allow":["GET"]}}],"collection":[{"href":"https:\/\/mahaitenis.com\/eu\/index.php\/wp-json\/wp\/v2\/pages"}],"about":[{"href":"https:\/\/mahaitenis.com\/eu\/index.php\/wp-json\/wp\/v2\/types\/page"}],"author":[{"embeddable":true,"href":"https:\/\/mahaitenis.com\/eu\/index.php\/wp-json\/wp\/v2\/users\/1"}],"replies":[{"embeddable":true,"href":"https:\/\/mahaitenis.com\/eu\/index.php\/wp-json\/wp\/v2\/comments?post=47"}],"version-history":[{"count":40,"href":"https:\/\/mahaitenis.com\/eu\/index.php\/wp-json\/wp\/v2\/pages\/47\/revisions"}],"predecessor-version":[{"id":1108,"href":"https:\/\/mahaitenis.com\/eu\/index.php\/wp-json\/wp\/v2\/pages\/47\/revisions\/1108"}],"wp:attachment":[{"href":"https:\/\/mahaitenis.com\/eu\/index.php\/wp-json\/wp\/v2\/media?parent=47"}],"curies":[{"name":"wp","href":"https:\/\/api.w.org\/{rel}","templated":true}]}}