{"id":694,"date":"2017-10-19T11:27:05","date_gmt":"2017-10-19T11:27:05","guid":{"rendered":"http:\/\/mahaitenis.com\/eu\/?page_id=694"},"modified":"2017-11-23T10:11:36","modified_gmt":"2017-11-23T10:11:36","slug":"torneos-internacionales","status":"publish","type":"page","link":"https:\/\/mahaitenis.com\/eu\/index.php\/torneos-internacionales\/","title":{"rendered":"Torneos Internacionales"},"content":{"rendered":"<strong>SENIOR<\/strong>\r\n<ul>\r\n \t<li style=\"padding-left: 30px;\">Open Luxemburgo<\/li>\r\n \t<li style=\"padding-left: 30px;\">Open Espa\u00f1a<\/li>\r\n \t<li style=\"padding-left: 30px;\">Open Finlandia<\/li>\r\n<\/ul>\r\n<br>\r\n<strong>JUNIOR<\/strong>\r\n<ul>\r\n \t<li style=\"padding-left: 30px;\">Open Portugal<\/li>\r\n \t<li style=\"padding-left: 30px;\">Copa Bistrista<\/li>\r\n \t<li style=\"padding-left: 30px;\">Open Belgica<\/li>\r\n \t<li style=\"padding-left: 30px;\">Open Catalu\u00f1a<\/li>\r\n \t<li style=\"padding-left: 30px;\">Open Espa\u00f1a<\/li>\r\n \t<li style=\"padding-left: 30px;\">Eurominichamps<\/li>\r\n \t<li style=\"padding-left: 30px;\">Open Serbia<\/li>\r\n<\/ul>\r\n<div align=\"right\"><a href=\"http:\/\/mahaitenis.com\/eu\/index.php\/competiciones-internacionales\/\"  style=\"text-decoration:none\">< Itzuli <\/div><\/a>","protected":false},"excerpt":{"rendered":"<p>SENIOR Open Luxemburgo Open Espa\u00f1a Open Finlandia JUNIOR Open Portugal Copa Bistrista Open Belgica Open Catalu\u00f1a Open Espa\u00f1a Eurominichamps Open Serbia < Itzuli\n<\/p>\n","protected":false},"author":1,"featured_media":0,"parent":0,"menu_order":0,"comment_status":"closed","ping_status":"closed","template":"","meta":{"footnotes":""},"class_list":["post-694","page","type-page","status-publish","hentry"],"_links":{"self":[{"href":"https:\/\/mahaitenis.com\/eu\/index.php\/wp-json\/wp\/v2\/pages\/694","targetHints":{"allow":["GET"]}}],"collection":[{"href":"https:\/\/mahaitenis.com\/eu\/index.php\/wp-json\/wp\/v2\/pages"}],"about":[{"href":"https:\/\/mahaitenis.com\/eu\/index.php\/wp-json\/wp\/v2\/types\/page"}],"author":[{"embeddable":true,"href":"https:\/\/mahaitenis.com\/eu\/index.php\/wp-json\/wp\/v2\/users\/1"}],"replies":[{"embeddable":true,"href":"https:\/\/mahaitenis.com\/eu\/index.php\/wp-json\/wp\/v2\/comments?post=694"}],"version-history":[{"count":5,"href":"https:\/\/mahaitenis.com\/eu\/index.php\/wp-json\/wp\/v2\/pages\/694\/revisions"}],"predecessor-version":[{"id":1242,"href":"https:\/\/mahaitenis.com\/eu\/index.php\/wp-json\/wp\/v2\/pages\/694\/revisions\/1242"}],"wp:attachment":[{"href":"https:\/\/mahaitenis.com\/eu\/index.php\/wp-json\/wp\/v2\/media?parent=694"}],"curies":[{"name":"wp","href":"https:\/\/api.w.org\/{rel}","templated":true}]}}