{"id":699,"date":"2017-10-19T11:32:38","date_gmt":"2017-10-19T11:32:38","guid":{"rendered":"http:\/\/mahaitenis.com\/eu\/?page_id=699"},"modified":"2017-11-27T11:54:52","modified_gmt":"2017-11-27T11:54:52","slug":"centros-escolares","status":"publish","type":"page","link":"https:\/\/mahaitenis.com\/eu\/index.php\/centros-escolares\/","title":{"rendered":"Ikastetxeak"},"content":{"rendered":"<strong><h3>GIPUZKOA<\/h3><\/strong>\r\n<br>\r\n<strong> <\/strong>\r\n<strong><u>ALEGIA<\/u><\/strong>\r\n\r\n<strong> <\/strong>\r\n<table>\r\n<tbody>\r\n<tr>\r\n<td width=\"378\">&nbsp;\r\n\r\n<strong>SAN JUAN H.I.<\/strong>\r\n\r\nDirecci\u00f3n: Aralar Bidea s\/n bajo\r\n\r\nLocalidad:  20260 ALEGIA\r\n\r\nE-mail: <a href=\"mailto:cultura@alegia.net\">cultura@alegia.net<\/a>\r\n\r\n&nbsp;<\/td>\r\n<\/tr>\r\n<\/tbody>\r\n<\/table>\r\n<strong> <\/strong>\r\n\r\n<strong><u>ANDOAIN<\/u><\/strong>\r\n\r\n<strong> <\/strong>\r\n<table>\r\n<tbody>\r\n<tr>\r\n<td width=\"378\"><strong> <\/strong>\r\n\r\n<strong>ONDARRETA HI. <\/strong>\r\n\r\nDirecci\u00f3n: Arteta Kalea\r\n\r\nLocalidad:  20140 ANDOAIN\r\n\r\nE-mail: <a href=\"mailto:anderrazkin@gmail.com\">anderrazkin@gmail.com<\/a>\r\n\r\n&nbsp;<\/td>\r\n<\/tr>\r\n<\/tbody>\r\n<\/table>\r\n<strong> <\/strong>\r\n\r\n\r\n<strong><u>ANOETA<\/u><\/strong>\r\n\r\n<strong> <\/strong>\r\n<table>\r\n<tbody>\r\n<tr>\r\n<td width=\"378\"><strong> <\/strong>\r\n\r\n<strong>ANOETA IKASTOLA.<\/strong>\r\n\r\nDirecci\u00f3n: Valle Ergoien, 5.\r\n\r\nLocalidad:  20270 ANOETA\r\n\r\nE-mail: <a href=\"mailto:anoeta@ikastola.eus\">anoeta@ikastola.eus<\/a>\r\n\r\n&nbsp;<\/td>\r\n<\/tr>\r\n<\/tbody>\r\n<\/table>\r\n<strong> <\/strong>\r\n\r\n\r\n\r\n<strong><u>AZPEITIA<\/u><\/strong>\r\n\r\n<strong> <\/strong>\r\n<table>\r\n<tbody>\r\n<tr>\r\n<td width=\"378\">&nbsp;\r\n\r\n<strong>UROLA IKASTOLA B.H.I. <\/strong>\r\n\r\nDirecci\u00f3n: Perdillegi 3\r\n\r\nLocalidad: 20730 AZPEITIA\r\n\r\nE-mail: <a href=\"mailto:maixo14@hotmail.es\">maixo14@hotmail.es<\/a>\r\n\r\n&nbsp;<\/td>\r\n<\/tr>\r\n<\/tbody>\r\n<\/table>\r\n<strong> <\/strong>\r\n\r\n<strong><u>BEASAIN<\/u><\/strong>\r\n\r\n<strong> <\/strong>\r\n<table>\r\n<tbody>\r\n<tr>\r\n<td width=\"378\">&nbsp;\r\n\r\n<strong>B.H.I. LOINAZPE. <\/strong>\r\n\r\nDirecci\u00f3n: Igartza Oleta Kalea, 14\r\n\r\nLocalidad: 20200 BEASAIN\r\n\r\nE-mail: <a href=\"mailto:pakourrestarazu@hotmail.com\">pakourrestarazu@hotmail.com<\/a>\r\n\r\n&nbsp;<\/td>\r\n<\/tr>\r\n<tr>\r\n<td width=\"378\">&nbsp;\r\n\r\n<strong>BEASAINGO IKASTOLA. <\/strong>\r\n\r\nDirecci\u00f3n: Urbialde, 2\r\n\r\nLocalidad: 20200 BEASAIN\r\n\r\nE-mail:\r\n\r\n&nbsp;<\/td>\r\n<\/tr>\r\n<\/tbody>\r\n<\/table>\r\n<strong> <\/strong>\r\n\r\n\r\n<strong><u>BERROBI<\/u><\/strong>\r\n\r\n<strong> <\/strong>\r\n<table>\r\n<tbody>\r\n<tr>\r\n<td width=\"378\"><strong> <\/strong>\r\n\r\n<strong>SAN ANDR\u00c9S H.I. BERROBI.<\/strong>\r\n\r\nDirecci\u00f3n: Goikoetxea Kalea, 46.\r\n\r\nLocalidad:  20493 BERROBI\r\n\r\nE-mail: <a href=\"mailto:liburutegia@hotmail.com\">liburutegia@hotmail.com<\/a>\r\n\r\n&nbsp;<\/td>\r\n<\/tr>\r\n<\/tbody>\r\n<\/table>\r\n<strong> <\/strong>\r\n\r\n<strong> <u>DONOSTIA<\/u><\/strong>\r\n\r\n<strong> <\/strong>\r\n<table>\r\n<tbody>\r\n<tr>\r\n<td width=\"387\"><strong> <\/strong>\r\n\r\n<strong>HARRI BERRI-OLETA HI. <\/strong>\r\n\r\nDirecci\u00f3n: Darieta Bidea, 18\r\n\r\nLocalidad: 20017 DONOSTIA.\r\n\r\nE-mail: <a href=\"mailto:fayajosemari@hotmail.com\">fayajosemari@hotmail.com<\/a>\r\n\r\n&nbsp;<\/td>\r\n<\/tr>\r\n<tr>\r\n<td width=\"387\">&nbsp;\r\n\r\n<strong>AXULAR LIZEOA. <\/strong>\r\n\r\nDirecci\u00f3n: Ar\u00f3stegi, 10\r\n\r\nLocalidad: 20009 DONOSTIA.\r\n\r\nE-mail: <a href=\"mailto:kirolak@axular.net\">kirolak@axular.net<\/a>\r\n\r\n&nbsp;<\/td>\r\n<\/tr>\r\n<tr>\r\n<td width=\"387\">&nbsp;\r\n\r\n<strong>AMARA BERRI LHI.<\/strong>\r\n\r\nDirecci\u00f3n: Ferrerias Pl, 6\r\n\r\nLocalidad: 20011 DONOSTIA.\r\n\r\nE-mail: <a href=\"mailto:kirolak@hezkuntza.net\">kirolak@hezkuntza.net<\/a>\r\n\r\n&nbsp;<\/td>\r\n<\/tr>\r\n<tr>\r\n<td width=\"387\">&nbsp;\r\n\r\n<strong>MARIA REINA ESKOLA.<\/strong>\r\n\r\nDirecci\u00f3n: Av. Ametzaga\u00f1a, 58\r\n\r\nLocalidad: 20012 DONOSTIA.\r\n\r\nE-mail: <a href=\"mailto:iarruti@mariareinaeskola.com\">iarruti@mariareinaeskola.com<\/a>\r\n\r\n&nbsp;<\/td>\r\n<\/tr>\r\n<tr>\r\n<td width=\"387\">&nbsp;\r\n\r\n<strong>ARANTZAZUKO AMA IK. <\/strong>\r\n\r\nDirecci\u00f3n: Martutene Pasalekua, 48\r\n\r\nLocalidad: 20014 DONOSTIA..\r\n\r\nE-mail: <a href=\"mailto:gurasoelkartea@arantzazuama.com\">gurasoelkartea@arantzazuama.com<\/a>\r\n\r\n&nbsp;<\/td>\r\n<\/tr>\r\n<tr>\r\n<td width=\"387\">&nbsp;\r\n\r\n<strong>JAKINTZA IKASTOLA.<\/strong>\r\n\r\nDirecci\u00f3n: Azkaratene, 16\r\n\r\nLocalidad: 20009 DONOSTIA.\r\n\r\nE-mail: <a href=\"mailto:enekojakintza@hotmail.com\">enekojakintza@hotmail.com<\/a>\r\n\r\n&nbsp;<\/td>\r\n<\/tr>\r\n<tr>\r\n<td width=\"387\">&nbsp;\r\n\r\n<strong>AIETE ESKOLA. <\/strong>\r\n\r\nDirecci\u00f3n: Ar\u00f3stegi\r\n\r\nLocalidad: 2009 DONOSTIA.\r\n\r\nE-mail: <a href=\"mailto:eskolakirola@aieteikastetxea.com\">eskolakirola@aieteikastetxea.com<\/a>\r\n\r\n&nbsp;<\/td>\r\n<\/tr>\r\n<tr>\r\n<td width=\"387\">&nbsp;\r\n\r\n<strong>CATALINA ERAUSO.  <\/strong>\r\n\r\nDirecci\u00f3n: Jos\u00e9 Mar\u00eda Salaberr\u00eda\r\n\r\nLocalidad:  20010 DONOSTIA.\r\n\r\nE-mail: <a href=\"mailto:lmurillo@hotmail.com\">lmurillo@hotmail.com<\/a>\r\n\r\n&nbsp;<\/td>\r\n<\/tr>\r\n<tr>\r\n<td width=\"387\">&nbsp;\r\n\r\n<strong>HERRERA IKASTETXEA. <\/strong>\r\n\r\nDirecci\u00f3n: Ederrena 21\r\n\r\nLocalidad: 20017 ONOSTIA.\r\n\r\nE-mail: <a href=\"mailto:012188aa@hezkuntza.net\">012188aa@hezkuntza.net<\/a>\r\n\r\n&nbsp;<\/td>\r\n<\/tr>\r\n<tr>\r\n<td width=\"387\">&nbsp;\r\n\r\n<strong>USANDIZAGA PE\u00d1AFLORIDA.  <\/strong>\r\n\r\nDirecci\u00f3n: Felipe IV etorbidea\r\n\r\nLocalidad: 200000 DONOSTIA.\r\n\r\nE-mail: <a href=\"mailto:lmurillo@hotmail.com\">lmurillo@hotmail.com<\/a>\r\n\r\n&nbsp;<\/td>\r\n<\/tr>\r\n<tr>\r\n<td width=\"387\">&nbsp;\r\n\r\n<strong>NTRA.SRA.ARANZAZU JESUITINAS.  <\/strong>\r\n\r\nDirecci\u00f3n: Paseo Errondo, 121\r\n\r\nLocalidad: DONOSTIA.\r\n\r\nE-mail: <a href=\"mailto:coordinador.miguel@yahoo.es\">coordinador.miguel@yahoo.es<\/a>\r\n\r\n&nbsp;<\/td>\r\n<\/tr>\r\n<tr>\r\n<td width=\"387\"><strong> <\/strong>\r\n\r\n<strong>SUMMA ALDAPETA. <\/strong>\r\n\r\nDirecci\u00f3n: Aldapeta\r\n\r\nLocalidad: 20009 DONOSTIA.\r\n\r\nE-mail: <a href=\"mailto:lmaestrea@summa.aldapeta.eus\">lmaestrea@summa.aldapeta.eus<\/a>\r\n\r\n&nbsp;<\/td>\r\n<\/tr>\r\n<tr>\r\n<td width=\"387\">&nbsp;\r\n\r\n<strong>EKINTZA IKASTOLA. <\/strong>\r\n\r\nDirecci\u00f3n: Tontorgoxo\r\n\r\nLocalidad: 20000 DONOSTIA.\r\n\r\nE-mail: <a href=\"mailto:ivillar@ekintza.org\">ivillar@ekintza.org<\/a>\r\n\r\n&nbsp;<\/td>\r\n<\/tr>\r\n<tr>\r\n<td width=\"387\"><strong> <\/strong>\r\n\r\n<strong>LARRAMENDI IKASTOLA. <\/strong>\r\n\r\nDirecci\u00f3n: Heriz Pasalekua, 79\r\n\r\nLocalidad: 20008 DONOSTIA.\r\n\r\nE-mail: <a href=\"mailto:informa@larramendi.com\">informa@larramendi.com<\/a>\r\n\r\n&nbsp;<\/td>\r\n<\/tr>\r\n<tr>\r\n<td width=\"387\">&nbsp;\r\n\r\n<strong>SANTA TERESA IKASTETXEA. <\/strong>\r\n\r\nDirecci\u00f3n: Paseo Manuel de Lardizabal, 25\r\n\r\nLocalidad: 20018 DONOSTIA.\r\n\r\nE-mail: <a href=\"mailto:iker.lizarribar@donostia.teresiareskola.com\">iker.lizarribar@donostia.teresiareskola.com<\/a>\r\n\r\n&nbsp;<\/td>\r\n<\/tr>\r\n<tr>\r\n<td width=\"387\">&nbsp;\r\n\r\n<strong>COLEGIO INGL\u00c9S SAN PATRICIO. <\/strong>\r\n\r\nDirecci\u00f3n: Lanberri Kalea, 25\r\n\r\nLocalidad: 20009  DONOSTIA.\r\n\r\nE-mail: <a href=\"mailto:jesus.orella@st.patricks.com\">jesus.orella@st.patricks.com<\/a>\r\n\r\n&nbsp;<\/td>\r\n<\/tr>\r\n<tr>\r\n<td width=\"387\"><strong> <\/strong>\r\n\r\n<strong>ALEMAN IKASTOLA. <\/strong>\r\n\r\nDirecci\u00f3n: Oriamendi Pasalekua, 25\r\n\r\nLocalidad: 20009 DONOSTIA.\r\n\r\nE-mail: <a href=\"mailto:iurrestarazu@colegioaleman.net\">iurrestarazu@colegioaleman.net<\/a>\r\n\r\n&nbsp;<\/td>\r\n<\/tr>\r\n<tr>\r\n<td width=\"387\">&nbsp;\r\n\r\n<strong>AMASORRAIN DONOSTIA IKASTOLA. <\/strong>\r\n\r\nDirecci\u00f3n: A\u00f1orga  Txiki s\/n\r\n\r\nLocalidad: 20009  DONOSTIA.\r\n\r\nE-mail: <a href=\"mailto:kirola@amassorrain.net\">kirola@amassorrain.net<\/a>\r\n\r\n&nbsp;<\/td>\r\n<\/tr>\r\n<tr>\r\n<td width=\"387\">&nbsp;\r\n\r\n<strong>MUNDAIZ IKASTOLA. <\/strong>\r\n\r\nDirecci\u00f3n: Plaza de las Cigarreras, 30\r\n\r\nLocalidad: 20012 DONOSTIA.\r\n\r\nE-mail: <a href=\"mailto:ram%C3%B3n@gmundaiz.com\">ram\u00f3n@gmundaiz.com<\/a>\r\n\r\n&nbsp;<\/td>\r\n<\/tr>\r\n\r\n<tr>\r\n<td width=\"387\">&nbsp;\r\n\r\n<strong>ALTZA SAN JOS\u00c9 CALASANZ. <\/strong>\r\n\r\nDirecci\u00f3n: Txapinene, 21.\r\n\r\nLocalidad: 20016 DONOSTIA\r\n\r\nE-mail: <a href=\"mailto:jonerauskin@irakasle.eus\">jonerauskin@irakasle.eus<\/a>\r\n\r\n&nbsp;<\/td>\r\n<\/tr>\r\n\r\n\r\n<tr>\r\n<td width=\"387\">&nbsp;\r\n\r\n<strong>SANTO TOM\u00c1S LIZEOA. <\/strong>\r\n\r\nDirecci\u00f3n: Manuel Lardizabal Ibilbidea, 24. \r\n\r\nLocalidad: 20018 DONOSTIA. \r\n\r\nE-mail: <a href=\"mailto:kirolak@stomas.eu\">kirolak@stomas.eu<\/a>\r\n\r\n&nbsp;<\/td>\r\n<\/tr>\r\n \r\n<\/tbody>\r\n<\/table>\r\n<strong> <\/strong>\r\n\r\n\r\n<strong> <\/strong>\r\n\r\n<strong><u>HERNANI<\/u><\/strong>\r\n\r\n<strong> <\/strong>\r\n<table>\r\n<tbody>\r\n<tr>\r\n<td width=\"406\">&nbsp;\r\n\r\n<strong>URUMEA  ELKANO. <\/strong>\r\n\r\nDirecci\u00f3n: Larramendi Kalea, 18\r\n\r\nLocalidad: 20120 HERNANI\r\n\r\nE-mail: <a href=\"mailto:anderguti89@hotmail.com\">anderguti89@hotmail.com<\/a>\r\n\r\n&nbsp;<\/td>\r\n<\/tr>\r\n<tr>\r\n<td width=\"406\">&nbsp;\r\n\r\n<strong>HERNANI BHI <\/strong>\r\n\r\nDirecci\u00f3n: Santa B\u00e1rbara\r\n\r\nLocalidad: 20120 HERNANI\r\n\r\nE-mail: <a href=\"mailto:joiparragirre@gmail.com\">joiparragirre@gmail.com<\/a>\r\n\r\n&nbsp;<\/td>\r\n<\/tr>\r\n<\/tbody>\r\n<\/table>\r\n<strong> <\/strong>\r\n\r\n<strong><u>HONDARRIBIA<\/u><\/strong>\r\n\r\n<strong> <\/strong>\r\n\r\n<strong> <\/strong>\r\n<table>\r\n<tbody>\r\n<tr>\r\n<td width=\"406\">&nbsp;\r\n\r\n<strong>AMA GUADALUPEKOA IKASTETXEA. <\/strong>\r\n\r\nDirecci\u00f3n :Itsasargi Kalea, 7\r\n\r\nLocalidad: 20280 HONDARRIBIA\r\n\r\nE-mail: <a href=\"mailto:ag1@amaguadalupekoa.net\">ag1@amaguadalupekoa.net<\/a>\r\n\r\n&nbsp;<\/td>\r\n<\/tr>\r\n<tr>\r\n<td width=\"406\">&nbsp;\r\n\r\n<strong>SAN JOS\u00c9 IKASTETXEA. <\/strong>\r\n\r\nDirecci\u00f3n: Fraxkueneko Murrua Kalea, 1\r\n\r\nLocalidad:  20280 HONDARRIBIA\r\n\r\nE-mail: <a href=\"mailto:gamundarain@sanjosehondarribia.net\">gamundarain@sanjosehondarribia.net<\/a>\r\n\r\n&nbsp;<\/td>\r\n<\/tr>\r\n<tr>\r\n<td width=\"406\">&nbsp;\r\n\r\n<strong>TALAIA INSTITUTOA. <\/strong>\r\n\r\nDirecci\u00f3n: Jaizkibel Hiribidea\r\n\r\nLocalidad::  20280 HONDARRIBIA\r\n\r\nE-mail: <a href=\"mailto:talaiakirola@yahoo.es\">talaiakirola@yahoo.es<\/a>\r\n\r\n&nbsp;<\/td>\r\n<\/tr>\r\n<\/tbody>\r\n<\/table>\r\n<strong> <\/strong>\r\n\r\n<strong><u>IBARRA<\/u><\/strong>\r\n\r\n<strong> <\/strong>\r\n<table>\r\n<tbody>\r\n<tr>\r\n<td width=\"406\">&nbsp;\r\n\r\n<strong>UZTURPE IKASTOLA. <\/strong>\r\n\r\nDirecci\u00f3n: Egialde, 2\r\n\r\nLocalidad:  20400  IBARRA\r\n\r\nE-mail: <a href=\"mailto:faiestaran@yahoo.com\">faiestaran@yahoo.com<\/a>\r\n\r\n&nbsp;<\/td>\r\n<\/tr>\r\n<\/tbody>\r\n<\/table>\r\n<strong> <\/strong>\r\n\r\n<strong><u>IDIAZABAL<\/u><\/strong>\r\n\r\n<strong> <\/strong>\r\n<table>\r\n<tbody>\r\n<tr>\r\n<td width=\"406\">&nbsp;\r\n\r\n<strong>AITA IPARRAGIRRE. <\/strong>\r\n\r\nDirecci\u00f3n:  Zepai Kalea, 6\r\n\r\nLocalidad:  20213 IDIAZABAL\r\n\r\nE-mail: <a href=\"mailto:zerki@zerki.net\">zerki@zerki.net<\/a>\r\n\r\n&nbsp;<\/td>\r\n<\/tr>\r\n<\/tbody>\r\n<\/table>\r\n<strong> <\/strong>\r\n\r\n<strong><u>IRUN<\/u><\/strong>\r\n\r\n<strong> <\/strong>\r\n<table>\r\n<tbody>\r\n<tr>\r\n<td width=\"406\">&nbsp;\r\n\r\n<strong>LEKA ENEA-ANAKA H.I.<\/strong>\r\n\r\nDirecci\u00f3n: Donostia, 3\r\n\r\nLocalidad: 20301 IR\u00daN\r\n\r\nE-mail: <a href=\"mailto:012977aa@hezkuntza.net\">012977aa@hezkuntza.net<\/a>\r\n\r\n&nbsp;<\/td>\r\n<\/tr>\r\n<tr>\r\n<td width=\"406\">&nbsp;\r\n\r\n<strong>TXINGUDI IKASTOLA . <\/strong>\r\n\r\nDirecci\u00f3n: Jaizubia Hiribidea\r\n\r\nLocalidad:  20 305 IR\u00daN\r\n\r\nE-mail: <a href=\"mailto:012338aa@hezkuntza.net\">012338aa@hezkuntza.net<\/a>\r\n\r\n&nbsp;<\/td>\r\n<\/tr>\r\n<tr>\r\n<td width=\"406\">&nbsp;\r\n\r\n<strong>LA SALLE  SAN<\/strong><strong> MARCIAL.<\/strong>\r\n\r\nDirecci\u00f3n: Elizatxo Hiribidea, 2\r\n\r\nLocalidad: 20303 IR\u00daN\r\n\r\nE-mail: <a href=\"mailto:jmarrieta@ilasalle.org\">jmarrieta@ilasalle.org<\/a>\r\n\r\n&nbsp;<\/td>\r\n<\/tr>\r\n<tr>\r\n<td width=\"406\">&nbsp;\r\n\r\n<strong>DUMBOA  H.I.<\/strong>\r\n\r\nDirecci\u00f3n Martxoak, 8, 1,\r\n\r\nLocalidad: 20304 IR\u00daN\r\n\r\nE-mail: <a href=\"mailto:amasarlar@hotmail.com\">amasarlar@hotmail.com<\/a>\r\n\r\n&nbsp;<\/td>\r\n<\/tr>\r\n<tr>\r\n<td width=\"406\">&nbsp;\r\n\r\n<strong>IRUNGO LA SALLE. <\/strong>\r\n\r\nDirecci\u00f3n: Elizatxo Hiribidea, 2\r\n\r\nLocalidad: 20303 IR\u00daN\r\n\r\nE-mail: <a href=\"mailto:sramada@ilasalle.org\">sramada@ilasalle.org<\/a>\r\n\r\n&nbsp;<\/td>\r\n<\/tr>\r\n<tr>\r\n<td width=\"406\">&nbsp;\r\n\r\n<strong>EL PILAR CIA. MAR\u00cdA. <\/strong>\r\n\r\nDirecci\u00f3n: Aranzate jauna, 1\r\n\r\nLocalidad:  20304 IR\u00daN\r\n\r\nE-mail: <a href=\"mailto:santisegurola@elpilarikastetxea.com\">santisegurola@elpilarikastetxea.com<\/a>\r\n\r\n&nbsp;<\/td>\r\n<\/tr>\r\n<tr>\r\n<td width=\"406\">&nbsp;\r\n\r\n<strong>EGUZKITZA L.H. <\/strong>\r\n\r\nDirecci\u00f3n: Victoriano Juaristi, 1\r\n\r\nLocalidad: 20304 IR\u00daN\r\n\r\nE-mail: <a href=\"mailto:piolihipo@hotmail.com\">piolihipo@hotmail.com<\/a>\r\n\r\n&nbsp;<\/td>\r\n<\/tr>\r\n<tr>\r\n<td width=\"406\">&nbsp;\r\n\r\n<strong>TOKI ALAI H.I. <\/strong>\r\n\r\nDirecci\u00f3n: Ermita Kalea\r\n\r\nLocalidad: 20305 IR\u00daN\r\n\r\nE-mail: <a href=\"mailto:nmindegia@irakasle.net\">nmindegia@irakasle.net<\/a>\r\n\r\n&nbsp;<\/td>\r\n<\/tr>\r\n<tr>\r\n<td width=\"406\">&nbsp;\r\n\r\n<strong>ERAIN IKASTOLA. <\/strong>\r\n\r\nDirecci\u00f3n: Alto de Gaintxurizketa\r\n\r\nLocalidad:  20300 IR\u00daN\r\n\r\nE-mail: <a href=\"mailto:sgarc%C3%ADa@erain.es\">sgarc\u00eda@erain.es<\/a>\r\n\r\n&nbsp;<\/td>\r\n<\/tr>\r\n<tr>\r\n<td width=\"406\">&nbsp;\r\n\r\n<strong>HIRUBIDE B.H.I. <\/strong>\r\n\r\nDirecci\u00f3n: Pagogaina, 18\r\n\r\nLocalidad: 20301 IR\u00daN\r\n\r\nE-mail:\r\n\r\n&nbsp;<\/td>\r\n<\/tr>\r\n<tr>\r\n<td width=\"406\">&nbsp;\r\n\r\n<strong>TOKI ALAI B.H.I. <\/strong>\r\n\r\nDirecci\u00f3n: Paseo Gazteluzahar, 1\r\n\r\nLocalidad: 20305 IR\u00daN\r\n\r\nE-mail: <a href=\"mailto:012338aa@hezkuntza.net\">012338aa@hezkuntza.net<\/a>\r\n\r\n&nbsp;<\/td>\r\n<\/tr>\r\n<tr>\r\n<td width=\"406\">&nbsp;\r\n\r\n<strong>SAN VICENTE DE PAUL.<\/strong>\r\n\r\nDirecci\u00f3n: Fuenterrabia, 23\r\n\r\nLocalidad:  20301 IR\u00daN\r\n\r\nE-mail: <a href=\"mailto:maddalentelleria@sanvicenteirun.com\">maddalentelleria@sanvicenteirun.com<\/a>\r\n\r\n&nbsp;<\/td>\r\n<\/tr>\r\n<tr>\r\n<td width=\"406\">&nbsp;\r\n\r\n<strong>EGUZKITZA B.H.I.<\/strong>\r\n\r\nDirecci\u00f3n: Berio Kalea, 6\r\n\r\nLocalidad:  20303 IR\u00daN\r\n\r\nE-mail: <a href=\"mailto:012969@hezkuntza.net\">012969@hezkuntza.net<\/a>\r\n\r\n&nbsp;<\/td>\r\n<\/tr>\r\n<tr>\r\n<td width=\"406\">&nbsp;\r\n\r\n<strong>TXINGUDI B.H.I. <\/strong>\r\n\r\nDirecci\u00f3n: Jaizubia Hiribidea\r\n\r\nLocalidad:  20 305 IR\u00daN\r\n\r\nE-mail: <a href=\"mailto:012968aa@hezkuntza.net\">012968aa@hezkuntza.net<\/a>\r\n\r\n&nbsp;<\/td>\r\n<\/tr>\r\n<\/tbody>\r\n<\/table>\r\n<strong> <\/strong>\r\n\r\n \r\n<strong><u>IRURA<\/u><\/strong>\r\n\r\n<strong> <\/strong>\r\n<table>\r\n<tbody>\r\n<tr>\r\n<td width=\"406\">&nbsp;\r\n\r\n<strong>IRURAKO IKASTOLA KOOP. ELKARTEA.<\/strong>\r\n\r\nDirecci\u00f3n: Plaza Mikel Goi-Aingeru, 5.\r\n\r\nLocalidad: 20271 IRURA\r\n\r\nE-mail: <a href=\"mailto:xsaizar@irurakoikastola.eus\">xsaizar@irurakoikastola.eus<\/a>\r\n\r\n&nbsp;<\/td>\r\n<\/tr>\r\n<\/tbody>\r\n<\/table>\r\n<strong> <\/strong>\r\n\r\n\r\n<strong><u>LASARTE-ORIA<\/u><\/strong>\r\n\r\n<strong> <\/strong>\r\n<table>\r\n<tbody>\r\n<tr>\r\n<td width=\"406\">&nbsp;\r\n\r\n<strong>SASOETA-ZUMABURU. <\/strong>\r\n\r\nDirecci\u00f3n: Camino Kalbario, 4\r\n\r\nLocalidad: 20160 LASARTE-ORIA\r\n\r\nE-mail: <a href=\"mailto:eskolakirola@ttakun.eus\">eskolakirola@ttakun.eus<\/a>\r\n\r\n&nbsp;<\/td>\r\n<\/tr>\r\n<\/tbody>\r\n<\/table>\r\n<strong> <\/strong>\r\n\r\n<strong>LAZKAO<\/strong>\r\n\r\n<strong> <\/strong>\r\n<table>\r\n<tbody>\r\n<tr>\r\n<td width=\"406\">&nbsp;\r\n\r\n<strong>SAN BENITO IKASTOLA. <\/strong>\r\n\r\nDirecci\u00f3n: Euskadi Enparantza, 5\r\n\r\nLocalidad: 20210 LAZKAO\r\n\r\nE-mail: <a href=\"mailto:amingo@sanbenito.ikastola.net\">amingo@sanbenito.ikastola.net<\/a>\r\n\r\n&nbsp;<\/td>\r\n<\/tr>\r\n<\/tbody>\r\n<\/table>\r\n<strong> <\/strong>\r\n\r\n<strong><u>OIARTZUN<\/u><\/strong>\r\n\r\n<strong> <\/strong>\r\n<table>\r\n<tbody>\r\n<tr>\r\n<td width=\"406\">&nbsp;\r\n\r\n<strong>BHI ELIZALDE. <\/strong>\r\n\r\nDirecci\u00f3n: Manuel Lekuona Hiribidea, 5\r\n\r\nLocalidad: 20180 OIARTZUN\r\n\r\nE-mail: <a href=\"mailto:evamansarda@hotmail.com\">evamansarda@hotmail.com<\/a>\r\n\r\n&nbsp;<\/td>\r\n<\/tr>\r\n<\/tbody>\r\n<\/table>\r\n<strong> <\/strong>\r\n\r\n<strong> <u>ORDIZIA<\/u><\/strong>\r\n\r\n<strong> <\/strong>\r\n<table>\r\n<tbody>\r\n<tr>\r\n<td width=\"406\">&nbsp;\r\n\r\n<strong>OIANGUREN B.H.I.<\/strong>\r\n\r\nDirecci\u00f3n:Gernikako Arbolaren Ibilbidea\r\n\r\nLocalidad:  20240 ORDIZIA\r\n\r\nE-mail: <a href=\"mailto:jonazurmendi@oianguren.eus\">jonazurmendi@oianguren.eus<\/a>\r\n\r\n&nbsp;<\/td>\r\n<\/tr>\r\n<tr>\r\n<td width=\"406\">&nbsp;\r\n\r\n<strong>URDANETA. <\/strong>\r\n\r\nDirecci\u00f3n: Intsausti  Plaza, 6\r\n\r\nLocalidad: 20240 ORDIZIA\r\n\r\nE-mail: <a href=\"mailto:galpar@irakasle.net\">galpar@irakasle.net<\/a>\r\n\r\n&nbsp;<\/td>\r\n<\/tr>\r\n<\/tbody>\r\n<\/table>\r\n<strong> <\/strong>\r\n\r\n<strong> <u>ORIO<\/u><\/strong>\r\n\r\n<strong> <\/strong>\r\n<table>\r\n<tbody>\r\n<tr>\r\n<td width=\"406\">&nbsp;\r\n\r\n<strong>ORIOKO IKASTOLA. <\/strong>\r\n\r\nDirecci\u00f3n: Kalea Abeslari, 8\r\n\r\nLocalidad: 20810 ORIO\r\n\r\nE-mail: <a href=\"mailto:unai@oriokoikastola.net\">unai@oriokoikastola.net<\/a>\r\n\r\n&nbsp;<\/td>\r\n<\/tr>\r\n<\/tbody>\r\n<\/table>\r\n<strong> <\/strong>\r\n\r\n<strong><u>TOLOSA<\/u><\/strong>\r\n\r\n<strong> <\/strong>\r\n<table>\r\n<tbody>\r\n<tr>\r\n<td width=\"406\">&nbsp;\r\n\r\n<strong>F\u00c9LIX M\u00aa  SAMANIEGO. <\/strong>\r\n\r\nDirecci\u00f3n: Barrio Santa Lutzia, 14\r\n\r\nLocalidad: 20400  TOLOSA\r\n\r\nE-mail: <a href=\"mailto:ivantxoff@gmail.com\">ivantxoff@gmail.com<\/a>\r\n\r\n&nbsp;<\/td>\r\n<\/tr>\r\n<tr>\r\n<td width=\"406\">&nbsp;\r\n\r\n<strong>USABALGO LASKORAIN. <\/strong>\r\n\r\nDirecci\u00f3n:  Usabal Auzoa\r\n\r\nLocalidad: TOLOSA.\r\n\r\nE-mail: <a href=\"mailto:laskorain@ikastola.net\">laskorain@ikastola.net<\/a>\r\n\r\n&nbsp;<\/td>\r\n<\/tr>\r\n\r\n\r\n<tr>\r\n<td width=\"406\">&nbsp;\r\n\r\n<strong>ORIXE BHI. <\/strong>\r\n\r\nDirecci\u00f3n:  Santa Luzi, 16.\r\n\r\nLocalidad: 20400 TOLOSA\r\n\r\nE-mail: <a href=\"mailto:ivantxoff@gmail.com\">ivantxoff@gmail.com<\/a>\r\n\r\n&nbsp;<\/td>\r\n<\/tr>\r\n<tr>\r\n<td width=\"406\">&nbsp;\r\n\r\n<strong>HIRUKIDE JESUITINAS.<\/strong>\r\n\r\nDirecci\u00f3n:  San Frantzisko Pasalekua Ibilbidea, 12.\r\n\r\nLocalidad: 20400 TOLOSA\r\n\r\nE-mail: <a href=\"mailto: jgonzalez@herrikide.eus\"> jgonzalez@herrikide.eus<\/a>\r\n\r\n&nbsp;<\/td>\r\n<\/tr>\r\n\r\n<\/tbody>\r\n<\/table>\r\n<strong> <\/strong>\r\n\r\n<strong><u>ZARAUTZ<\/u><\/strong>\r\n\r\n<strong> <\/strong>\r\n<table>\r\n<tbody>\r\n<tr>\r\n<td width=\"406\">&nbsp;\r\n\r\n<strong>ANTONIANO  IKASTETXEA.<\/strong>\r\n\r\nDirecci\u00f3n: Gipuzkoa Kalea, 3\r\n\r\nLocalidad: 20800 ZARAUTZ\r\n\r\nE-mail: <a href=\"mailto:kirol@antonianokide.com\">kirol@antonianokide.com<\/a>\r\n\r\n&nbsp;<\/td>\r\n<\/tr>\r\n<\/tbody>\r\n<\/table>\r\n<strong> <\/strong>\r\n\r\n<strong><u>ZESTOA<\/u><\/strong>\r\n\r\n<strong> <\/strong>\r\n<table>\r\n<tbody>\r\n<tr>\r\n<td width=\"406\">&nbsp;\r\n\r\n<strong>ZESTOAKO. <\/strong>\r\n\r\nDirecci\u00f3n: San Juan Bidea z\/g\r\n\r\nLocalidad:  20740 ZESTOA\r\n\r\nE-mail: <a href=\"mailto:haritz_urdanpilleta@hotmail.com\">haritz_urdanpilleta@hotmail.com<\/a>\r\n\r\n&nbsp;<\/td>\r\n<\/tr>\r\n<\/tbody>\r\n<\/table>\r\n<strong> <\/strong>\r\n\r\n<strong><u>ZUMAIA<\/u><\/strong>\r\n\r\n<strong> <\/strong>\r\n<table>\r\n<tbody>\r\n<tr>\r\n<td width=\"406\">&nbsp;\r\n\r\n<strong>MARIA ETA JOS\u00c9. <\/strong>\r\n\r\nDirecci\u00f3n: Axular Ibiltokia, 6\r\n\r\nLocalidad:  20750 ZUMAIA\r\n\r\nE-mail: <a href=\"mailto:oihan.leon@mariaetajose.eus\">oihan.leon@mariaetajose.eus<\/a>\r\n\r\n&nbsp;<\/td>\r\n<\/tr>\r\n<tr>\r\n<td width=\"406\">&nbsp;\r\n\r\n<strong>ZUMAIAKO HERRI ESKOLA.<\/strong>\r\n\r\nDirecci\u00f3n: Sagarbidea, 1\r\n\r\nLocalidad: 20750 ZUMAIA\r\n\r\nE-mail: <a href=\"mailto:jokingijarro@gmail.com\">jokingijarro@gmail.com<\/a>\r\n\r\n&nbsp;<\/td>\r\n<\/tr>\r\n<tr>\r\n<td width=\"406\">&nbsp;\r\n\r\n<strong>ZUMAIA I.B. <\/strong>\r\n\r\nDirecci\u00f3n: Aita Mari Auzategia Auzoa, 45\r\n\r\nLocalidad:  20750 ZUMAIA\r\n\r\nE-mail: <a href=\"mailto:jokingijarro@gmail.com\">jokingijarro@gmail.com<\/a>\r\n\r\n&nbsp;<\/td>\r\n<\/tr>\r\n<\/tbody>\r\n<\/table>\r\n<strong> <\/strong>\r\n<div align=\"right\"><a href=\"http:\/\/mahaitenis.com\/eu\/index.php\/donde-puedo-jugar\/\/\"  style=\"text-decoration:none\">< Itzuli <\/div><\/a>","protected":false},"excerpt":{"rendered":"<p>GIPUZKOA ALEGIA &nbsp; SAN JUAN H.I. Direcci\u00f3n: Aralar Bidea s\/n bajo Localidad: 20260 ALEGIA E-mail: cultura@alegia.net &nbsp; ANDOAIN ONDARRETA HI. Direcci\u00f3n: Arteta Kalea Localidad: 20140 ANDOAIN E-mail: anderrazkin@gmail.com &nbsp; ANOETA ANOETA IKASTOLA. Direcci\u00f3n: Valle Ergoien, 5. Localidad: 20270 ANOETA E-mail: anoeta@ikastola.eus &nbsp; AZPEITIA &nbsp; UROLA IKASTOLA B.H.I. Direcci\u00f3n: Perdillegi 3 Localidad: 20730 AZPEITIA E-mail: maixo14@hotmail.es [&hellip;]<\/p>\n","protected":false},"author":1,"featured_media":0,"parent":0,"menu_order":0,"comment_status":"closed","ping_status":"closed","template":"","meta":{"footnotes":""},"class_list":["post-699","page","type-page","status-publish","hentry"],"_links":{"self":[{"href":"https:\/\/mahaitenis.com\/eu\/index.php\/wp-json\/wp\/v2\/pages\/699","targetHints":{"allow":["GET"]}}],"collection":[{"href":"https:\/\/mahaitenis.com\/eu\/index.php\/wp-json\/wp\/v2\/pages"}],"about":[{"href":"https:\/\/mahaitenis.com\/eu\/index.php\/wp-json\/wp\/v2\/types\/page"}],"author":[{"embeddable":true,"href":"https:\/\/mahaitenis.com\/eu\/index.php\/wp-json\/wp\/v2\/users\/1"}],"replies":[{"embeddable":true,"href":"https:\/\/mahaitenis.com\/eu\/index.php\/wp-json\/wp\/v2\/comments?post=699"}],"version-history":[{"count":13,"href":"https:\/\/mahaitenis.com\/eu\/index.php\/wp-json\/wp\/v2\/pages\/699\/revisions"}],"predecessor-version":[{"id":1254,"href":"https:\/\/mahaitenis.com\/eu\/index.php\/wp-json\/wp\/v2\/pages\/699\/revisions\/1254"}],"wp:attachment":[{"href":"https:\/\/mahaitenis.com\/eu\/index.php\/wp-json\/wp\/v2\/media?parent=699"}],"curies":[{"name":"wp","href":"https:\/\/api.w.org\/{rel}","templated":true}]}}