{"id":733,"date":"2017-10-21T14:34:13","date_gmt":"2017-10-21T14:34:13","guid":{"rendered":"http:\/\/mahaitenis.com\/eu\/?page_id=733"},"modified":"2017-11-24T20:32:21","modified_gmt":"2017-11-24T20:32:21","slug":"kopa-euskadi-clubs","status":"publish","type":"page","link":"https:\/\/mahaitenis.com\/eu\/index.php\/kopa-euskadi-clubs\/","title":{"rendered":"Kopa Euskadi Clubs"},"content":{"rendered":"<!--strong><u>Temporada 2018-2019<\/u><\/strong>\r\n<br>\r\n&nbsp;&nbsp;&nbsp;6 de Mayo de 2018<br>\r\n<br-->\r\n<strong><u>Temporada 2017-2018<\/u><\/strong>\r\n<br>\r\n&nbsp;&nbsp;&nbsp;16 de Setiembre de 2017. C.T. Tenis de Mesa Sonia Etxazarreta de Ir\u00fan.<br>\r\n&nbsp;&nbsp;&nbsp;<a href=\"http:\/\/mahaitenis.com\/eu\/memorias\/Memoria%20KOPA%20EUSKADI%20%2016-09-2017.pdf\" target=\"_blank\"> DESCARGAR MEMORIA <\/a><br>\r\n<br>\r\n<strong><u>Temporada 2016-2017<\/u><\/strong>\r\n<br>\r\n&nbsp;&nbsp;&nbsp;6 de Diciembre de 2016. Polideportivo Atl\u00e9tico San Sebasti\u00e1n (Donosti).<br>\r\n&nbsp;&nbsp;&nbsp;<a href=\"http:\/\/mahaitenis.com\/eu\/memorias\/Kopa%20Euskadi%20clubes%20absolutos.pdf\" target=\"_blank\"> DESCARGAR MEMORIA <\/a> \r\n<div align=\"right\"><a href=\"http:\/\/mahaitenis.com\/eu\/index.php\/campeonatos-vascos\/\"  style=\"text-decoration:none\">< Itzuli <\/div><\/a>","protected":false},"excerpt":{"rendered":"<p>Temporada 2017-2018 &nbsp;&nbsp;&nbsp;16 de Setiembre de 2017. C.T. Tenis de Mesa Sonia Etxazarreta de Ir\u00fan. &nbsp;&nbsp;&nbsp; DESCARGAR MEMORIA Temporada 2016-2017 &nbsp;&nbsp;&nbsp;6 de Diciembre de 2016. Polideportivo Atl\u00e9tico San Sebasti\u00e1n (Donosti). &nbsp;&nbsp;&nbsp; DESCARGAR MEMORIA < Itzuli\n<\/p>\n","protected":false},"author":1,"featured_media":0,"parent":0,"menu_order":0,"comment_status":"closed","ping_status":"closed","template":"","meta":{"footnotes":""},"class_list":["post-733","page","type-page","status-publish","hentry"],"_links":{"self":[{"href":"https:\/\/mahaitenis.com\/eu\/index.php\/wp-json\/wp\/v2\/pages\/733","targetHints":{"allow":["GET"]}}],"collection":[{"href":"https:\/\/mahaitenis.com\/eu\/index.php\/wp-json\/wp\/v2\/pages"}],"about":[{"href":"https:\/\/mahaitenis.com\/eu\/index.php\/wp-json\/wp\/v2\/types\/page"}],"author":[{"embeddable":true,"href":"https:\/\/mahaitenis.com\/eu\/index.php\/wp-json\/wp\/v2\/users\/1"}],"replies":[{"embeddable":true,"href":"https:\/\/mahaitenis.com\/eu\/index.php\/wp-json\/wp\/v2\/comments?post=733"}],"version-history":[{"count":5,"href":"https:\/\/mahaitenis.com\/eu\/index.php\/wp-json\/wp\/v2\/pages\/733\/revisions"}],"predecessor-version":[{"id":1253,"href":"https:\/\/mahaitenis.com\/eu\/index.php\/wp-json\/wp\/v2\/pages\/733\/revisions\/1253"}],"wp:attachment":[{"href":"https:\/\/mahaitenis.com\/eu\/index.php\/wp-json\/wp\/v2\/media?parent=733"}],"curies":[{"name":"wp","href":"https:\/\/api.w.org\/{rel}","templated":true}]}}