{"id":805,"date":"2017-10-23T13:47:18","date_gmt":"2017-10-23T13:47:18","guid":{"rendered":"http:\/\/mahaitenis.com\/eu\/?page_id=805"},"modified":"2017-11-23T10:10:40","modified_gmt":"2017-11-23T10:10:40","slug":"copa-pirineos-atlanticos","status":"publish","type":"page","link":"https:\/\/mahaitenis.com\/eu\/index.php\/copa-pirineos-atlanticos\/","title":{"rendered":"Copa Pirineos Atl\u00e1nticos"},"content":{"rendered":" <strong><u>Temporada 2017-2018<\/u><\/strong>\r\n<br>\r\n&nbsp;&nbsp;&nbsp;3 de Junio de 2018<br>\r\n&nbsp;&nbsp;&nbsp;<a href=\"http:\/\/mahaitenis.com\/es\/memorias\/2018%20Normativa%20Copa%20Pirineos%20Atl%C3%A1nticos.pdf\" target=\"_blank\"> DESCARGAR NORMATIVA <\/a><br>\r\n<br>\r\n<strong><u>Temporada 2016-2017<\/u><\/strong>\r\n<br>\r\n&nbsp;&nbsp;&nbsp;4 de Junio de 2017. Hendaya.<br>\r\n&nbsp;&nbsp;&nbsp;<a href=\"http:\/\/mahaitenis.com\/eu\/memorias\/2017%20Copa%20Pirineos%20Atl%C3%A1nticos.pdf\" target=\"_blank\"> DESCARGAR MEMORIA <\/a>\r\n<br>\r\n&nbsp;\r\n<br>\r\n<strong><u>Clubs Pirineos Atl\u00e1nticos<\/u><\/strong>\r\n\r\n<br><strong> TT HENDAYAIS : <\/strong><a href=\"mailto:contact@tthendayais.fr\"><strong>contact@tthendayais.fr<\/strong><\/a>\r\n<br>P et C LINOSSIER Gilles, 30 Rue Zaldi, 64700 HENDAYE. T\u00e9l (P) 06.72.99.78.08.\r\n<br>S Gymnase Irandatz, 4 Rue Bigarena, 64700 HENDAYE.\r\n<br>\r\n<br><strong>GOELANDS DE BIARRITZ : <\/strong><a href=\"mailto:goelands.btz@wanadoo.fr\"><strong>goelands.btz@wanadoo.fr<\/strong><\/a>\r\n<br>P PERARNAUD Jean-Jacques, 32 Rue du Rouge, 64600 ANGLET. T\u00e9l (D) 05.47.64.09.57 (P) 06.73.69.67.71\r\n<br>C Goelands de Biarritz, 16 Av d&#8217;Etienne, Salle Charles Dagorette, 64200 BIARRITZ. T\u00e9l (D) 05.59.03.83.43. (P) 06.84.16.11.20.\r\n<br>S Ch. Dagorette, 16 Av Etienne Pr\u00e8s Lyc\u00e9e et Tribunal d&#8217;Instance, 64200 BIARRITZ. T\u00e9l 05.59.03.83.43. (P) 06.84.16.11.20.\r\n<br>\r\n<br><strong>CROISES ST ANDRE BAYONNE : <\/strong><a href=\"mailto:president.croisestt@gmail.com\"><strong>president.croisestt@gmail.com<\/strong><\/a>\r\n<br>P et C BIDEGAIN BIDAURY Jean-Michel, 460 Av Jean Labastie, 40440 ONDRES. T\u00e9l (D) 05.59.45.35.79 (P) 06.68.82.19.22.\r\n<br>S Gymnase Robert Caillou, Complexe Sportif de la Floride, Avenue Raoul Follereau, 64100 BAYONNE.\r\n<br>\r\n<br><strong>MAHAIN JOKO HASPARREN : <\/strong><a href=\"mailto:etcheverry.daniel@neuf.fr\"><strong>etcheverry.daniel@neuf.fr<\/strong><\/a>\r\n<br>P BARRIERE Patrick, Route de Pegna, 64240 HASPARREN. T\u00e9l (P) 07.71.08.99.81.\r\n<br>C ETCHEVERRY Daniel, 127 Rue des Maronniers, Lot Aguerria, 64990 MOUGUERRE. T\u00e9l (D) 05.59.31.10.35. (P) 06.42.05.17.13.\r\n<br>S Salle Polyvalente, (1er \u00e9tage), 2 Place Elizalde, 64240 HASPARREN. T\u00e9l : 05.59.29.10.61.\r\n<br>\r\n<br><strong>BERNADETS TENNIS DE TABLE : <\/strong><a href=\"mailto:ping64.bernadets@laposte.net\"><strong>ping64.bernadets@laposte.net<\/strong><\/a>\r\n<br>P CAZENAVE Guy, n\u00b016 Ch de Lahonde, 64160 BERNADETS. T\u00e9l (P) 06.08.34.77.17.\r\n<br>C HUET Fabrice, 6 Rue du Bourgneuf, 64160 MORLAAS. T\u00e9l (P) 06.28.26.24.58.\r\n<br>S Salle des F\u00eates, 64160 BERNADETS.\r\n<br>\r\n<br><strong> SECTION PALOISE &#8211; ASPTT TENNIS DE TABLE : <\/strong><a href=\"mailto:contact@pau-tennisdetable.fr\"><strong>contact@pau-tennisdetable.fr<\/strong><\/a>\r\n<br>P et C HALANAY Elena, 15 Rue de Montijo, 64000 PAU. Tel (D) 05.59.62.22.53.\r\n<br>S Stade, ASPTT Jean Mermoz, Av de Lons, 64140 BILLERE. T\u00e9l 05.59.32.66.80.\r\n<br>\r\n<br><strong>ASSOCIATION LESCARIENNE TENNIS DE TABLE : <\/strong><a href=\"mailto:alttlescar@sfr.fr\"><strong>alttlescar@sfr.fr<\/strong><\/a>\r\n<br>P PITERS Michel, Centre Nelson Paillou, 12 rue Pr. Garrigou-Lagrange, 64000 PAU. T\u00e9l (D) 05.59.92.62.64. (P) 06.71.49.27.74.\r\n<br>C Ass. Lescarienne TT, Stade Municipal, Rue du Commandant Garnichot, 64230 LESCAR. T\u00e9l 05.59.81.15.02. (P) 06.71.49.27.74\r\n<br>S Salle T.T, Rue du Lieut. Garnuchot, 64230 LESCAR. T\u00e9l 05.59.81.15.02.\r\n<br>\r\n<br><strong>JURANCON T.T. : <\/strong><a href=\"mailto:lesgerbauds@wanadoo.fr\"><strong>lesgerbauds@wanadoo.fr<\/strong><\/a>\r\n<br>P SASSUS BOURDA Philippe, 8 Rue de la Renaissance, 64230 LESCAR. T\u00e9l (D) 05.59.77.85.27. (P) 06.15.04.68.66.\r\n<br>C GERBAUD Laurent, 10 Rue du Lagoin, 64320 ARESSY. T\u00e9l (D) 05.59.27.29.85 (P) 06.22.20.30.63.\r\n<br>S Stade Lichanot, Place et Ile du Bernet, 64110 JURANCON. T\u00e9l (P) 06.64.06.30.49.\r\n<br>\r\n<br><strong>F.R MONEIN : <\/strong><a href=\"mailto:frmonein-tt@sfr.fr\"><strong>frmonein-tt@sfr.fr<\/strong><\/a>\r\n<br>P et C RISSER Franck, 13 Cit\u00e9 des Fleurs, 64360 MONEIN. T\u00e9l (P) 06.15.13.50.37.\r\n<br>S SALLE T.T., Complexe du Pont L\u00e2t, Route du Stade, 64360 MONEIN.\r\n<br>\r\n<br><strong>TT OLORON HB : <\/strong><a href=\"mailto:jeanmichel.branca@laposte.net\"><strong>jeanmichel.branca@laposte.net<\/strong><\/a>\r\n<br>P PAILLE-BARRERE Suzanne, 11 Chemin des Moulins, 64400 ESTOS. T\u00e9l (D) 05.59.39.07.60. (P) 06.30.71.48.60.\r\n<br>C BRANCA Jean-Michel, 11 Rue Caubarou, 64400 GOES. T\u00e9l (P) 06.81.21.02.45.\r\n<br>S Salle Palas, Route de Bayonne, 64400 OLORON. T\u00e9l : 05.59.39.23.93.\r\n<br>\r\n<br><strong>TENNIS DE TABLE SOULETIN : <\/strong><a href=\"mailto:ttsouletin@gmail.com\"><strong>ttsouletin@gmail.com<\/strong><\/a>\r\n<br>P ETCHEGOYHEN Joseph, 30 Rue St Barth\u00e9l\u00e9my, 64130 CHERAUTE. T\u00e9l (D) 05.59.18.14.40. (P) 06.80.91.08.38.\r\n<br>C DUPRAT Jean-Fran\u00e7ois, 28 Rue du Castera, 64400 GERONCE. T\u00e9l (D) 05.59.88.04.11. (P) 06.32.55.27.49.\r\n<br>S Gymnase du LP CHAMPO, 7 Rue des Evad\u00e9s de Frabce, 64130 MAULEON.\r\n<br>\r\n<br><strong> TT BIRONNAIS : <\/strong><a href=\"mailto:cazaubon.pierre@gmail.com\"><strong>cazaubon.pierre@gmail.com<\/strong><\/a>\r\n<br>P et C CAZAUBON Pierre, R\u00e9s Les Hauts de Castera, Appt B21, 189 Av C. Claudel, 40280 ST PIERRE DU MONT.\r\nT\u00e9l (P) 06.30.27.16.30.\r\n<br>S Salle des Sports de Biron, 64300 BIRON.\r\n<br>\r\n<br><strong>FJEP SALIES DE BEARN : <\/strong><a href=\"mailto:jjjourniac@orange.fr\"><strong>jjjourniac@orange.fr<\/strong><\/a>\r\n<br>P MOELLINGER Eric, 4 Chemin Serempouy, Route de Puyoo, 64270 SALIES DE BEARN. T\u00e9l (P) 06.87.17.14.57.\r\n<br>C JOURNIAC Jean-Jacques, Maison Gabat, Rte du Stade, 64270 CARRESSE CASSABER. T\u00e9l (P) 07.86.39.51.11.\r\n<br>S Gymnase du Coll\u00e8ge F\u00e9lix P\u00e9caut, Av Dufourcq, 64270 SALIES DE BEARN.\r\n<br>\r\n<br><strong>VATH VIELHA : <\/strong><a href=\"mailto:vathvielha.tt@sfr.fr\"><strong>vathvielha.tt@sfr.fr<\/strong><\/a>\r\n<br>P et C DRAN Nicolas, 11 Rue des Eglantines, 64800 COARRAZE. T\u00e9l (D) 05.59.61.01.83. (P) 06.45.60.62.65.\r\n<br>S Gymnase, 64800 COARRAZE.\r\n<br>\r\n<br><strong>L&#8217;EPONGISTES P.B.C : <\/strong><a href=\"mailto:monegodanielle@yahoo.fr\"><strong>monegodanielle@yahoo.fr <\/strong><\/a>\r\n<br>P et C MONEGO Danielle, Maison Tarabine, 64410 COUBLUCQ. T\u00e9l (D) 05.33.11.33.12. (P) 06.59.78.07.63.\r\n<br>S Lalanne, Bourg, 64410 POURSIUGUES-BOUCOUE.\r\n\r\n\r\n<br>\r\n\r\n&nbsp;\r\n<div align=\"right\"><a style=\"text-decoration: none;\" href=\"http:\/\/mahaitenis.com\/eu\/index.php\/cooperacion-transfronteriza\/\">&lt; Itzuli <\/a><\/div>\r\n&nbsp;","protected":false},"excerpt":{"rendered":"<p>Temporada 2017-2018 &nbsp;&nbsp;&nbsp;3 de Junio de 2018 &nbsp;&nbsp;&nbsp; DESCARGAR NORMATIVA Temporada 2016-2017 &nbsp;&nbsp;&nbsp;4 de Junio de 2017. Hendaya. &nbsp;&nbsp;&nbsp; DESCARGAR MEMORIA &nbsp; Clubs Pirineos Atl\u00e1nticos TT HENDAYAIS : contact@tthendayais.fr P et C LINOSSIER Gilles, 30 Rue Zaldi, 64700 HENDAYE. T\u00e9l (P) 06.72.99.78.08. S Gymnase Irandatz, 4 Rue Bigarena, 64700 HENDAYE. GOELANDS DE BIARRITZ : goelands.btz@wanadoo.fr [&hellip;]<\/p>\n","protected":false},"author":1,"featured_media":0,"parent":0,"menu_order":0,"comment_status":"closed","ping_status":"closed","template":"","meta":{"footnotes":""},"class_list":["post-805","page","type-page","status-publish","hentry"],"_links":{"self":[{"href":"https:\/\/mahaitenis.com\/eu\/index.php\/wp-json\/wp\/v2\/pages\/805","targetHints":{"allow":["GET"]}}],"collection":[{"href":"https:\/\/mahaitenis.com\/eu\/index.php\/wp-json\/wp\/v2\/pages"}],"about":[{"href":"https:\/\/mahaitenis.com\/eu\/index.php\/wp-json\/wp\/v2\/types\/page"}],"author":[{"embeddable":true,"href":"https:\/\/mahaitenis.com\/eu\/index.php\/wp-json\/wp\/v2\/users\/1"}],"replies":[{"embeddable":true,"href":"https:\/\/mahaitenis.com\/eu\/index.php\/wp-json\/wp\/v2\/comments?post=805"}],"version-history":[{"count":10,"href":"https:\/\/mahaitenis.com\/eu\/index.php\/wp-json\/wp\/v2\/pages\/805\/revisions"}],"predecessor-version":[{"id":1240,"href":"https:\/\/mahaitenis.com\/eu\/index.php\/wp-json\/wp\/v2\/pages\/805\/revisions\/1240"}],"wp:attachment":[{"href":"https:\/\/mahaitenis.com\/eu\/index.php\/wp-json\/wp\/v2\/media?parent=805"}],"curies":[{"name":"wp","href":"https:\/\/api.w.org\/{rel}","templated":true}]}}