{"id":958,"date":"2017-10-27T04:18:48","date_gmt":"2017-10-27T04:18:48","guid":{"rendered":"http:\/\/mahaitenis.com\/eu\/?page_id=958"},"modified":"2017-10-28T19:21:20","modified_gmt":"2017-10-28T19:21:20","slug":"documentos-cvatm","status":"publish","type":"page","link":"https:\/\/mahaitenis.com\/eu\/index.php\/documentos-cvatm\/","title":{"rendered":"Documentos CVATM"},"content":{"rendered":"<p><b>Documentos:<\/b><\/p>\r\n\r\n<ul>\r\n<li><b><a href=\"http:\/\/mahaitenis.com\/eu\/documentos\/ACTA_LIGAS.pdf\" target=\"_blank\">Acta<\/a><\/b><\/li>\r\n<li><a href=\"http:\/\/www.rfetm.es\/down.php?narchivo=Informe%20Arbitral_(imp).pdf\" target=\"_blank\">Informe arbitral<\/a><\/li>\r\n<li><a href=\"http:\/\/www.rfetm.es\/down.php?narchivo=Informe%20Arbitral_(editable).pdf\" target=\"_blank\">Informe arbitral editable<\/a><\/li>\r\n<li><a href=\"https:\/\/d3mjm6zw6cr45s.cloudfront.net\/2017\/10\/LARC_2017B.pdf\" target=\"_blank\">Listado de Gomas<\/a><\/li>\r\n<\/ul>\r\n\r\n<p><b>Normativa:<\/b><\/p>\r\n<ul>\r\n<li><a href=\"http:\/\/www.rfetm.es\/down.php?narchivo=Reglamento_Tecnico_de_Juego_2014-2015_050814_Actualizado_2016-2017_Version_2.0.pdf\" target=\"_blank\">Reglamento T\u00e9cnico de juego<\/a><\/li>\r\n<li><a href=\"https:\/\/d3mjm6zw6cr45s.cloudfront.net\/2016\/09\/hmo_15th_edition_es.pdf\" target=\"_blank\">Handbook<\/a><\/li>\r\n<li><a href=\"http:\/\/www.rfetm.es\/down.php?narchivo=Reforma_Reglamento_del_CTNA_2016_(Aprobado_CSD_16-12-2016).pdf\" target=\"_blank\">Reglamento del Comit\u00e9 T\u00e9cnico Nacional de \u00c1rbitros<\/a><\/li>\r\n<li><a href=\"http:\/\/www.rfetm.es\/down.php?narchivo=rcraquet08.pdf\" target=\"_blank\">Control de Raquetas<\/a><\/li>\r\n<\/ul>\r\n","protected":false},"excerpt":{"rendered":"<p>Documentos: Acta Informe arbitral Informe arbitral editable Listado de Gomas Normativa: Reglamento T\u00e9cnico de juego Handbook Reglamento del Comit\u00e9 T\u00e9cnico Nacional de \u00c1rbitros Control de Raquetas<\/p>\n","protected":false},"author":1,"featured_media":0,"parent":0,"menu_order":0,"comment_status":"closed","ping_status":"closed","template":"","meta":{"footnotes":""},"class_list":["post-958","page","type-page","status-publish","hentry"],"_links":{"self":[{"href":"https:\/\/mahaitenis.com\/eu\/index.php\/wp-json\/wp\/v2\/pages\/958","targetHints":{"allow":["GET"]}}],"collection":[{"href":"https:\/\/mahaitenis.com\/eu\/index.php\/wp-json\/wp\/v2\/pages"}],"about":[{"href":"https:\/\/mahaitenis.com\/eu\/index.php\/wp-json\/wp\/v2\/types\/page"}],"author":[{"embeddable":true,"href":"https:\/\/mahaitenis.com\/eu\/index.php\/wp-json\/wp\/v2\/users\/1"}],"replies":[{"embeddable":true,"href":"https:\/\/mahaitenis.com\/eu\/index.php\/wp-json\/wp\/v2\/comments?post=958"}],"version-history":[{"count":5,"href":"https:\/\/mahaitenis.com\/eu\/index.php\/wp-json\/wp\/v2\/pages\/958\/revisions"}],"predecessor-version":[{"id":1001,"href":"https:\/\/mahaitenis.com\/eu\/index.php\/wp-json\/wp\/v2\/pages\/958\/revisions\/1001"}],"wp:attachment":[{"href":"https:\/\/mahaitenis.com\/eu\/index.php\/wp-json\/wp\/v2\/media?parent=958"}],"curies":[{"name":"wp","href":"https:\/\/api.w.org\/{rel}","templated":true}]}}